{"id":76327,"date":"2025-07-14T14:49:30","date_gmt":"2025-07-14T11:49:30","guid":{"rendered":"https:\/\/demo8.ecube.lv\/sezona.lv\/products\/leki-cimdi-summer-shark-short\/"},"modified":"2025-07-14T14:49:30","modified_gmt":"2025-07-14T11:49:30","slug":"leki-cimdi-summer-shark-short","status":"publish","type":"product","link":"https:\/\/sezona.lv\/en\/products\/leki-cimdi-summer-shark-short\/","title":{"rendered":"Leki cimdi Summer Shark short"},"content":{"rendered":"<p>Vasaras cimdi. Cimdi speci\u0101li izstr\u0101d\u0101ti n\u016bjot\u0101ju vajadz\u012bb\u0101m, k\u0101 ar\u012b  Nordic blading. \u012apa&scaron;\u0101 materi\u0101lu kombin\u0101cija nodro&scaron;ina plaukst\u0101m  komfortablu klimatu. \u013boti iztur\u012bga materi\u0101la cilpi\u0146a paredz\u0113ta n\u016bjo&scaron;anai  un Nordic blading nodarb\u012bb\u0101m. Lietojot SUMMER SHARK cimdus un LEKI  n\u016bjas ar SHARK sist\u0113mas rokturi, jums nav nepiecie&scaron;ama plaukstas lence.<\/p>\n<h4>Specifik\u0101cija:<\/h4>\n<p><strong>Izm\u0113ri:<\/strong> 6,0 &#8211; 11,0 (ar pusizm\u0113ra soli)<br \/><strong>Virspuses materi\u0101li:<\/strong> Lycra, Powernet (\u013coti elpojo&scaron;i) <br \/><strong>Plaukstas materi\u0101li:<\/strong> Clarino, Rubbertec bez&scaron;uvju tehnolo\u0123ija starp \u012bk&scaron;\u0137i un r\u0101d\u012bt\u0101jpirkstu<\/p>\n<p><strong>Izm\u0113rs: <\/strong>7<\/p>\n<p>&nbsp;<\/p>\n<p>&nbsp;<\/p>\n","protected":false},"excerpt":{"rendered":"<p>Vasaras cimdi. Cimdi speci\u0101li izstr\u0101d\u0101ti n\u016bjot\u0101ju vajadz\u012bb\u0101m, k\u0101 ar\u012b Nordic blading. \u012apa&scaron;\u0101 materi\u0101lu kombin\u0101cija nodro&scaron;ina plaukst\u0101m komfortablu klimatu. \u013boti iztur\u012bga materi\u0101la cilpi\u0146a paredz\u0113ta n\u016bjo&scaron;anai un Nordic blading nodarb\u012bb\u0101m. Lietojot SUMMER SHARK cimdus un LEKI n\u016bjas ar SHARK sist\u0113mas rokturi, jums nav nepiecie&scaron;ama plaukstas lence. Specifik\u0101cija: Izm\u0113ri: 6,0 &#8211; 11,0 (ar pusizm\u0113ra soli)Virspuses materi\u0101li: Lycra, Powernet [&hellip;]<\/p>\n","protected":false},"featured_media":0,"template":"","meta":[],"product_brand":[932],"product_cat":[4587,4602,4746,4749],"product_tag":[],"class_list":{"0":"post-76327","1":"product","2":"type-product","3":"status-publish","5":"product_brand-leki","6":"product_cat-sports","7":"product_cat-summer-sports-sports","8":"product_cat-nordic-walking-summer-sports-sports","9":"product_cat-walking-stick-accessories-nordic-walking-summer-sports-sports","11":"first","12":"instock","13":"shipping-taxable","14":"purchasable","15":"product-type-simple"},"_links":{"self":[{"href":"https:\/\/sezona.lv\/en\/wp-json\/wp\/v2\/product\/76327","targetHints":{"allow":["GET"]}}],"collection":[{"href":"https:\/\/sezona.lv\/en\/wp-json\/wp\/v2\/product"}],"about":[{"href":"https:\/\/sezona.lv\/en\/wp-json\/wp\/v2\/types\/product"}],"wp:attachment":[{"href":"https:\/\/sezona.lv\/en\/wp-json\/wp\/v2\/media?parent=76327"}],"wp:term":[{"taxonomy":"product_brand","embeddable":true,"href":"https:\/\/sezona.lv\/en\/wp-json\/wp\/v2\/product_brand?post=76327"},{"taxonomy":"product_cat","embeddable":true,"href":"https:\/\/sezona.lv\/en\/wp-json\/wp\/v2\/product_cat?post=76327"},{"taxonomy":"product_tag","embeddable":true,"href":"https:\/\/sezona.lv\/en\/wp-json\/wp\/v2\/product_tag?post=76327"}],"curies":[{"name":"wp","href":"https:\/\/api.w.org\/{rel}","templated":true}]}}