{"id":76328,"date":"2025-07-14T14:49:30","date_gmt":"2025-07-14T11:49:30","guid":{"rendered":"https:\/\/demo8.ecube.lv\/sezona.lv\/products\/leki-nujosanas-nuju-soma-nordic-walking-pole-bag\/"},"modified":"2025-07-14T14:49:30","modified_gmt":"2025-07-14T11:49:30","slug":"leki-nujosanas-nuju-soma-nordic-walking-pole-bag","status":"publish","type":"product","link":"https:\/\/sezona.lv\/en\/products\/leki-nujosanas-nuju-soma-nordic-walking-pole-bag\/","title":{"rendered":"Leki n\u016bjo\u0161anas n\u016bju soma Nordic Walking Pole Bag"},"content":{"rendered":"<div class=\"rte\">\n<p>Iztur\u012bga n\u016bjo&scaron;anans n\u016bju soma. Piel\u0101gojamas da\u017e\u0101da garuma n\u016bj\u0101m.<\/p>\n<h4>Specifik\u0101cija:<\/h4>\n<p><strong>Materi\u0101ls:<\/strong> 100% Neilons <br \/><strong>Garums:<\/strong>155cm <br \/><strong>Platums:<\/strong> 13cm <br \/><strong>Svars:<\/strong> 210 grami <br \/><strong>Kr\u0101sa:<\/strong> melna, sarkana<\/p>\n<\/div>\n<p>&nbsp;<\/p>\n<p>&nbsp;<\/p>\n","protected":false},"excerpt":{"rendered":"<p>Iztur\u012bga n\u016bjo&scaron;anans n\u016bju soma. Piel\u0101gojamas da\u017e\u0101da garuma n\u016bj\u0101m. Specifik\u0101cija: Materi\u0101ls: 100% Neilons Garums:155cm Platums: 13cm Svars: 210 grami Kr\u0101sa: melna, sarkana &nbsp; &nbsp;<\/p>\n","protected":false},"featured_media":0,"template":"","meta":[],"product_brand":[932],"product_cat":[4587,4602,4746,4749],"product_tag":[],"class_list":{"0":"post-76328","1":"product","2":"type-product","3":"status-publish","5":"product_brand-leki","6":"product_cat-sports","7":"product_cat-summer-sports-sports","8":"product_cat-nordic-walking-summer-sports-sports","9":"product_cat-walking-stick-accessories-nordic-walking-summer-sports-sports","11":"first","12":"instock","13":"shipping-taxable","14":"purchasable","15":"product-type-simple"},"_links":{"self":[{"href":"https:\/\/sezona.lv\/en\/wp-json\/wp\/v2\/product\/76328","targetHints":{"allow":["GET"]}}],"collection":[{"href":"https:\/\/sezona.lv\/en\/wp-json\/wp\/v2\/product"}],"about":[{"href":"https:\/\/sezona.lv\/en\/wp-json\/wp\/v2\/types\/product"}],"wp:attachment":[{"href":"https:\/\/sezona.lv\/en\/wp-json\/wp\/v2\/media?parent=76328"}],"wp:term":[{"taxonomy":"product_brand","embeddable":true,"href":"https:\/\/sezona.lv\/en\/wp-json\/wp\/v2\/product_brand?post=76328"},{"taxonomy":"product_cat","embeddable":true,"href":"https:\/\/sezona.lv\/en\/wp-json\/wp\/v2\/product_cat?post=76328"},{"taxonomy":"product_tag","embeddable":true,"href":"https:\/\/sezona.lv\/en\/wp-json\/wp\/v2\/product_tag?post=76328"}],"curies":[{"name":"wp","href":"https:\/\/api.w.org\/{rel}","templated":true}]}}