{"id":76330,"date":"2025-07-14T14:49:32","date_gmt":"2025-07-14T11:49:32","guid":{"rendered":"https:\/\/demo8.ecube.lv\/sezona.lv\/products\/leki-uzgalis-trekking\/"},"modified":"2025-07-14T14:49:32","modified_gmt":"2025-07-14T11:49:32","slug":"leki-uzgalis-trekking","status":"publish","type":"product","link":"https:\/\/sezona.lv\/en\/products\/leki-uzgalis-trekking\/","title":{"rendered":"Leki uzgalis Trekking"},"content":{"rendered":"<p>Rubber tip Trekking pastaigu un trekinga n\u016bjas uzgalis. Viegls, izgatavots no \u013coti nodimiztur\u012bga kau\u010duka sakaus\u0113juma.<\/p>\n<p>&nbsp;<\/p>\n","protected":false},"excerpt":{"rendered":"<p>Rubber tip Trekking pastaigu un trekinga n\u016bjas uzgalis. Viegls, izgatavots no \u013coti nodimiztur\u012bga kau\u010duka sakaus\u0113juma. &nbsp;<\/p>\n","protected":false},"featured_media":0,"template":"","meta":[],"product_brand":[932],"product_cat":[4587,4602,4746,4749],"product_tag":[],"class_list":{"0":"post-76330","1":"product","2":"type-product","3":"status-publish","5":"product_brand-leki","6":"product_cat-sports","7":"product_cat-summer-sports-sports","8":"product_cat-nordic-walking-summer-sports-sports","9":"product_cat-walking-stick-accessories-nordic-walking-summer-sports-sports","11":"first","12":"instock","13":"shipping-taxable","14":"purchasable","15":"product-type-simple"},"_links":{"self":[{"href":"https:\/\/sezona.lv\/en\/wp-json\/wp\/v2\/product\/76330","targetHints":{"allow":["GET"]}}],"collection":[{"href":"https:\/\/sezona.lv\/en\/wp-json\/wp\/v2\/product"}],"about":[{"href":"https:\/\/sezona.lv\/en\/wp-json\/wp\/v2\/types\/product"}],"wp:attachment":[{"href":"https:\/\/sezona.lv\/en\/wp-json\/wp\/v2\/media?parent=76330"}],"wp:term":[{"taxonomy":"product_brand","embeddable":true,"href":"https:\/\/sezona.lv\/en\/wp-json\/wp\/v2\/product_brand?post=76330"},{"taxonomy":"product_cat","embeddable":true,"href":"https:\/\/sezona.lv\/en\/wp-json\/wp\/v2\/product_cat?post=76330"},{"taxonomy":"product_tag","embeddable":true,"href":"https:\/\/sezona.lv\/en\/wp-json\/wp\/v2\/product_tag?post=76330"}],"curies":[{"name":"wp","href":"https:\/\/api.w.org\/{rel}","templated":true}]}}