{"id":76331,"date":"2025-07-14T14:49:33","date_gmt":"2025-07-14T11:49:33","guid":{"rendered":"https:\/\/demo8.ecube.lv\/sezona.lv\/products\/leki-uzgalis-cp-silent-spike-pad-paris\/"},"modified":"2025-07-14T14:49:33","modified_gmt":"2025-07-14T11:49:33","slug":"leki-uzgalis-cp-silent-spike-pad-paris","status":"publish","type":"product","link":"https:\/\/sezona.lv\/en\/products\/leki-uzgalis-cp-silent-spike-pad-paris\/","title":{"rendered":"Leki uzgalis CP Silent Spike Pad p\u0101ris"},"content":{"rendered":"<p>Inovat\u012bvs, tehnisks n\u016bjo&scaron;anas n\u016bjas uzgalis ar nodilumiztur\u012bg\u0101m radz\u0113m.  Paredz\u0113ts aktivit\u0101t\u0113m pa slidenu segumu, k\u0101 ar\u012b pa cietu segumu,  nodro&scaron;inot dro&scaron;u atsp\u0113rienu. Viegls, izgatavots no \u013coti nodimiztur\u012bga  kau\u010duka sakaus\u0113juma. 2008. gad\u0101 &scaron;is uzgalis ieguva ISPO balvu. Augsti  nov\u0113rt\u0113ts n\u016bjo&scaron;anas profesion\u0101lu vid\u016b. komplet\u0101 ir p\u0101rjejas.<\/p>\n","protected":false},"excerpt":{"rendered":"<p>Inovat\u012bvs, tehnisks n\u016bjo&scaron;anas n\u016bjas uzgalis ar nodilumiztur\u012bg\u0101m radz\u0113m. Paredz\u0113ts aktivit\u0101t\u0113m pa slidenu segumu, k\u0101 ar\u012b pa cietu segumu, nodro&scaron;inot dro&scaron;u atsp\u0113rienu. Viegls, izgatavots no \u013coti nodimiztur\u012bga kau\u010duka sakaus\u0113juma. 2008. gad\u0101 &scaron;is uzgalis ieguva ISPO balvu. Augsti nov\u0113rt\u0113ts n\u016bjo&scaron;anas profesion\u0101lu vid\u016b. komplet\u0101 ir p\u0101rjejas.<\/p>\n","protected":false},"featured_media":0,"template":"","meta":[],"product_brand":[932],"product_cat":[4587,4602,4746,4749],"product_tag":[],"class_list":{"0":"post-76331","1":"product","2":"type-product","3":"status-publish","5":"product_brand-leki","6":"product_cat-sports","7":"product_cat-summer-sports-sports","8":"product_cat-nordic-walking-summer-sports-sports","9":"product_cat-walking-stick-accessories-nordic-walking-summer-sports-sports","11":"first","12":"instock","13":"shipping-taxable","14":"purchasable","15":"product-type-simple"},"_links":{"self":[{"href":"https:\/\/sezona.lv\/en\/wp-json\/wp\/v2\/product\/76331","targetHints":{"allow":["GET"]}}],"collection":[{"href":"https:\/\/sezona.lv\/en\/wp-json\/wp\/v2\/product"}],"about":[{"href":"https:\/\/sezona.lv\/en\/wp-json\/wp\/v2\/types\/product"}],"wp:attachment":[{"href":"https:\/\/sezona.lv\/en\/wp-json\/wp\/v2\/media?parent=76331"}],"wp:term":[{"taxonomy":"product_brand","embeddable":true,"href":"https:\/\/sezona.lv\/en\/wp-json\/wp\/v2\/product_brand?post=76331"},{"taxonomy":"product_cat","embeddable":true,"href":"https:\/\/sezona.lv\/en\/wp-json\/wp\/v2\/product_cat?post=76331"},{"taxonomy":"product_tag","embeddable":true,"href":"https:\/\/sezona.lv\/en\/wp-json\/wp\/v2\/product_tag?post=76331"}],"curies":[{"name":"wp","href":"https:\/\/api.w.org\/{rel}","templated":true}]}}