{"id":76332,"date":"2025-07-14T14:49:34","date_gmt":"2025-07-14T11:49:34","guid":{"rendered":"https:\/\/demo8.ecube.lv\/sezona.lv\/products\/leki-uzgalu-turetajs\/"},"modified":"2025-07-14T14:49:34","modified_gmt":"2025-07-14T11:49:34","slug":"leki-uzgalu-turetajs","status":"publish","type":"product","link":"https:\/\/sezona.lv\/en\/products\/leki-uzgalu-turetajs\/","title":{"rendered":"Leki uzga\u013cu tur\u0113t\u0101js"},"content":{"rendered":"<p>PAD BUTTLER ir pie n\u016bjas stiebra piestiprin\u0101ms uzga\u013cu tur\u0113t\u0101js. Lai  neb\u016btu net\u012bri uzga\u013ci j\u0101b\u0101\u017e kabat\u0101s vai j\u0101liek som\u0101 &#8211; \u013coti \u0113rts veids k\u0101  novietot n\u016bju uzga\u013cus br\u012b\u017eos, kad tie nav nepiecie&scaron;ami.<\/p>\n<p>&nbsp;<\/p>\n","protected":false},"excerpt":{"rendered":"<p>PAD BUTTLER ir pie n\u016bjas stiebra piestiprin\u0101ms uzga\u013cu tur\u0113t\u0101js. Lai neb\u016btu net\u012bri uzga\u013ci j\u0101b\u0101\u017e kabat\u0101s vai j\u0101liek som\u0101 &#8211; \u013coti \u0113rts veids k\u0101 novietot n\u016bju uzga\u013cus br\u012b\u017eos, kad tie nav nepiecie&scaron;ami. &nbsp;<\/p>\n","protected":false},"featured_media":0,"template":"","meta":[],"product_brand":[932],"product_cat":[4587,4602,4746,4749],"product_tag":[],"class_list":{"0":"post-76332","1":"product","2":"type-product","3":"status-publish","5":"product_brand-leki","6":"product_cat-sports","7":"product_cat-summer-sports-sports","8":"product_cat-nordic-walking-summer-sports-sports","9":"product_cat-walking-stick-accessories-nordic-walking-summer-sports-sports","11":"first","12":"instock","13":"shipping-taxable","14":"purchasable","15":"product-type-simple"},"_links":{"self":[{"href":"https:\/\/sezona.lv\/en\/wp-json\/wp\/v2\/product\/76332","targetHints":{"allow":["GET"]}}],"collection":[{"href":"https:\/\/sezona.lv\/en\/wp-json\/wp\/v2\/product"}],"about":[{"href":"https:\/\/sezona.lv\/en\/wp-json\/wp\/v2\/types\/product"}],"wp:attachment":[{"href":"https:\/\/sezona.lv\/en\/wp-json\/wp\/v2\/media?parent=76332"}],"wp:term":[{"taxonomy":"product_brand","embeddable":true,"href":"https:\/\/sezona.lv\/en\/wp-json\/wp\/v2\/product_brand?post=76332"},{"taxonomy":"product_cat","embeddable":true,"href":"https:\/\/sezona.lv\/en\/wp-json\/wp\/v2\/product_cat?post=76332"},{"taxonomy":"product_tag","embeddable":true,"href":"https:\/\/sezona.lv\/en\/wp-json\/wp\/v2\/product_tag?post=76332"}],"curies":[{"name":"wp","href":"https:\/\/api.w.org\/{rel}","templated":true}]}}