{"id":76336,"date":"2025-07-14T14:49:37","date_gmt":"2025-07-14T11:49:37","guid":{"rendered":"https:\/\/demo8.ecube.lv\/sezona.lv\/products\/leki-trekinga-nujas-eagle\/"},"modified":"2025-07-14T14:49:37","modified_gmt":"2025-07-14T11:49:37","slug":"leki-trekinga-nujas-eagle","status":"publish","type":"product","link":"https:\/\/sezona.lv\/en\/products\/leki-trekinga-nujas-eagle\/","title":{"rendered":"Leki trekinga n\u016bjas Eagle"},"content":{"rendered":"<div class=\"rte\">\n<p>Vienk\u0101r&scaron;as, bet uzticamas LEKI trekinga n\u016bjas. N\u016bju  izskata saglab\u0101&scaron;anai tika veikta Ultra Sonic Finish p\u0113capstr\u0101de &#8211;  kvalitat\u012bvs pul\u0113jums, p\u0101rkl\u0101ts ar grafisku z\u012bm\u0113jumu un \u013coti sp\u0113c\u012bgu  aizsarglakojumu. N\u016bjam ir main\u0101ma Nordic Basket uzga\u013cu grozu sist\u0113ma,  kas \u013cauj nomain\u012bt standarta grozi\u0146us pret sniega groziem. Pateicoties  Leki Super Lock stiprin\u0101jumam, t\u0101 savienojuma vieta iztur vertik\u0101lo  slodzi l\u012bdz 140 kg.<\/p>\n<h4>Specifik\u0101cija:<\/h4>\n<p><strong>Garums:<\/strong> 65-145 cm<br \/><strong>Rokturis:<\/strong> PA Safety Hard <br \/><strong>Lence:<\/strong> Lock Security Strap (LSS) &#8211; neilona lence <br \/><strong>Uzgalis:<\/strong> Karb\u012bda Flextip <br \/><strong>Diametrs:<\/strong> 18\/16\/14 mm <br \/><strong>Materi\u0101ls:<\/strong> Aluminium HTS 6.0<br \/><strong>Regul\u0113&scaron;anas sist\u0113ma:<\/strong> Super Lock<br \/><strong>P\u0101rkl\u0101jums:<\/strong> Ultra Sonic Finish <br \/><strong>Svars:<\/strong> 510 grami (p\u0101ris)<\/p>\n<\/div>\n<p>N\u016bjas garums ir j\u0101izv\u0113l\u0101s attiec\u012bb\u0101 pret n\u016bjot\u0101ja augumu<\/p>\n<p>&nbsp;<\/p>\n<table border=\"0\" cellspacing=\"0\" cellpadding=\"0\" width=\"150\">\n<tbody>\n<tr>\n<td>\n<p align=\"center\"><strong>n\u016bja cm<\/strong><\/p>\n<\/td>\n<td>\n<p align=\"center\"><strong>n\u016bjot\u0101js cm<\/strong><\/p>\n<\/td>\n<\/tr>\n<tr>\n<td>\n<p align=\"center\">90<\/p>\n<\/td>\n<td>\n<p align=\"center\">128 &#8211; 140<\/p>\n<\/td>\n<\/tr>\n<tr>\n<td>\n<p align=\"center\">95<\/p>\n<\/td>\n<td>\n<p align=\"center\">136 &#8211; 145<\/p>\n<\/td>\n<\/tr>\n<tr>\n<td>\n<p align=\"center\">100<\/p>\n<\/td>\n<td>\n<p align=\"center\">142 &#8211; 152<\/p>\n<\/td>\n<\/tr>\n<tr>\n<td>\n<p align=\"center\">105<\/p>\n<\/td>\n<td>\n<p align=\"center\">150 &#8211; 160<\/p>\n<\/td>\n<\/tr>\n<tr>\n<td>\n<p align=\"center\">110<\/p>\n<\/td>\n<td>\n<p align=\"center\">158 &#8211; 168<\/p>\n<\/td>\n<\/tr>\n<tr>\n<td>\n<p align=\"center\">115<\/p>\n<\/td>\n<td>\n<p align=\"center\">165 &#8211; 175<\/p>\n<\/td>\n<\/tr>\n<tr>\n<td>\n<p align=\"center\">120<\/p>\n<\/td>\n<td>\n<p align=\"center\">173 &#8211; 182<\/p>\n<\/td>\n<\/tr>\n<tr>\n<td>\n<p align=\"center\">125<\/p>\n<\/td>\n<td>\n<p align=\"center\">180 &#8211; 190<\/p>\n<\/td>\n<\/tr>\n<tr>\n<td>\n<p align=\"center\">130<\/p>\n<\/td>\n<td>\n<p align=\"center\">188 &#8211; 198<\/p>\n<\/td>\n<\/tr>\n<tr>\n<td>\n<p align=\"center\">135<\/p>\n<\/td>\n<td>\n<p align=\"center\">196 &#8211; 196<\/p>\n<\/td>\n<\/tr>\n<\/tbody>\n<\/table>\n<p>&nbsp;<\/p>\n<p>&nbsp;<\/p>\n","protected":false},"excerpt":{"rendered":"<p>Vienk\u0101r&scaron;as, bet uzticamas LEKI trekinga n\u016bjas. N\u016bju izskata saglab\u0101&scaron;anai tika veikta Ultra Sonic Finish p\u0113capstr\u0101de &#8211; kvalitat\u012bvs pul\u0113jums, p\u0101rkl\u0101ts ar grafisku z\u012bm\u0113jumu un \u013coti sp\u0113c\u012bgu aizsarglakojumu. N\u016bjam ir main\u0101ma Nordic Basket uzga\u013cu grozu sist\u0113ma, kas \u013cauj nomain\u012bt standarta grozi\u0146us pret sniega groziem. Pateicoties Leki Super Lock stiprin\u0101jumam, t\u0101 savienojuma vieta iztur vertik\u0101lo slodzi l\u012bdz 140 [&hellip;]<\/p>\n","protected":false},"featured_media":0,"template":"","meta":[],"product_brand":[932],"product_cat":[4587,4602,4746],"product_tag":[],"class_list":{"0":"post-76336","1":"product","2":"type-product","3":"status-publish","5":"product_brand-leki","6":"product_cat-sports","7":"product_cat-summer-sports-sports","8":"product_cat-nordic-walking-summer-sports-sports","10":"first","11":"instock","12":"shipping-taxable","13":"purchasable","14":"product-type-simple"},"_links":{"self":[{"href":"https:\/\/sezona.lv\/en\/wp-json\/wp\/v2\/product\/76336","targetHints":{"allow":["GET"]}}],"collection":[{"href":"https:\/\/sezona.lv\/en\/wp-json\/wp\/v2\/product"}],"about":[{"href":"https:\/\/sezona.lv\/en\/wp-json\/wp\/v2\/types\/product"}],"wp:attachment":[{"href":"https:\/\/sezona.lv\/en\/wp-json\/wp\/v2\/media?parent=76336"}],"wp:term":[{"taxonomy":"product_brand","embeddable":true,"href":"https:\/\/sezona.lv\/en\/wp-json\/wp\/v2\/product_brand?post=76336"},{"taxonomy":"product_cat","embeddable":true,"href":"https:\/\/sezona.lv\/en\/wp-json\/wp\/v2\/product_cat?post=76336"},{"taxonomy":"product_tag","embeddable":true,"href":"https:\/\/sezona.lv\/en\/wp-json\/wp\/v2\/product_tag?post=76336"}],"curies":[{"name":"wp","href":"https:\/\/api.w.org\/{rel}","templated":true}]}}