{"id":76338,"date":"2025-07-14T14:49:38","date_gmt":"2025-07-14T11:49:38","guid":{"rendered":"https:\/\/demo8.ecube.lv\/sezona.lv\/products\/leki-trekinga-nujas-sherpa-xl-v-sl2\/"},"modified":"2025-07-14T14:49:38","modified_gmt":"2025-07-14T11:49:38","slug":"leki-trekinga-nujas-sherpa-xl-v-sl2","status":"publish","type":"product","link":"https:\/\/sezona.lv\/en\/products\/leki-trekinga-nujas-sherpa-xl-v-sl2\/","title":{"rendered":"Leki trekinga n\u016bjas Sherpa XL V SL2"},"content":{"rendered":"<p><span id=\"result_box\" lang=\"lv\"><span title=\"Leki Sherpa XL V SL2 - \u0422\u0440\u0435\u0445\u0441\u0435\u043a\u0446\u0438\u043e\u043d\u043d\u044b\u0435 \u0442\u0435\u043b\u0435\u0441\u043a\u043e\u043f\u0438\u0447\u0435\u0441\u043a\u0438\u0435 \u043f\u0430\u043b\u043a\u0438 \u0441 \u0432\u043d\u0435\u0448\u043d\u0438\u043c \u0437\u0430\u0436\u0438\u043c\u043e\u043c SpeedLock 2. \u042d\u0440\u0433\u043e\u043d\u043e\u043c\u0438\u0447\u043d\u0430\u044f \u0440\u0443\u043a\u043e\u044f\u0442\u043a\u0430 Tour long - \u043b\u0435\u0433\u043a\u0430\u044f, \u0443\u0434\u043b\u0438\u043d\u0435\u043d\u043d\u0430\u044f \u0440\u0443\u0447\u043a\u0430 \u0441 \u043c\u044f\u0433\u043a\u0438\u043c \u043f\u043e\u043a\u0440\u044b\u0442\u0438\u0435\u043c, \u0447\u0430\u0441\u0442\u0438\u0447\u043d\u043e \u0437\u0430\u043a\u0440\u044b\u0432\u0430\u0435\u0442 \u0432\u0435\u0440\u0445\u043d\u044e\u044e \u0441\u0435\u043a\u0446\u0438\u044e.\">Leki  Sherpa XL V SL2 trekinga n\u016bja no 3 da\u013c\u0101m un Speed Lock 2 regul\u0113&scaron;anas  sist\u0113mu. Ergonomisks Tour Long pagarin\u0101ts rokturis ar m\u012bkstu p\u0101rkl\u0101jumu,  kas \u013cauj vajadz\u012bbas gad\u012bjum\u0101 satvert n\u016bju zem\u0101k, nemainot t\u0101s garumu. <br \/><\/span><\/span><\/p>\n<h4><span lang=\"lv\"><span title=\"Leki Sherpa XL V SL2 - \u0422\u0440\u0435\u0445\u0441\u0435\u043a\u0446\u0438\u043e\u043d\u043d\u044b\u0435 \u0442\u0435\u043b\u0435\u0441\u043a\u043e\u043f\u0438\u0447\u0435\u0441\u043a\u0438\u0435 \u043f\u0430\u043b\u043a\u0438 \u0441 \u0432\u043d\u0435\u0448\u043d\u0438\u043c \u0437\u0430\u0436\u0438\u043c\u043e\u043c SpeedLock 2. \u042d\u0440\u0433\u043e\u043d\u043e\u043c\u0438\u0447\u043d\u0430\u044f \u0440\u0443\u043a\u043e\u044f\u0442\u043a\u0430 Tour long - \u043b\u0435\u0433\u043a\u0430\u044f, \u0443\u0434\u043b\u0438\u043d\u0435\u043d\u043d\u0430\u044f \u0440\u0443\u0447\u043a\u0430 \u0441 \u043c\u044f\u0433\u043a\u0438\u043c \u043f\u043e\u043a\u0440\u044b\u0442\u0438\u0435\u043c, \u0447\u0430\u0441\u0442\u0438\u0447\u043d\u043e \u0437\u0430\u043a\u0440\u044b\u0432\u0430\u0435\u0442 \u0432\u0435\u0440\u0445\u043d\u044e\u044e \u0441\u0435\u043a\u0446\u0438\u044e.\">Specifik\u0101cija:<\/span><\/span><\/h4>\n<table style=\"height: 65px\" border=\"0\" width=\"571\">\n<tbody>\n<tr>\n<td><strong>Materi\u0101ls:<\/strong><\/td>\n<td><span lang=\"lv\"><span>alum\u012bnijs HTS 6.5<\/span><\/span><\/td>\n<\/tr>\n<tr>\n<td><strong>Garums:<\/strong><\/td>\n<td><span lang=\"lv\"><span>110-145 cm<\/span><\/span><\/td>\n<\/tr>\n<tr>\n<td><strong>Svars:<\/strong><\/td>\n<td>580 grami<\/td>\n<\/tr>\n<\/tbody>\n<\/table>\n<h4>Raksturojums:<\/h4>\n<ul>\n<li><span lang=\"lv\"><span>Speed Lock 2<\/span><\/span> regul\u0113&scaron;anas sist\u0113ma<\/li>\n<li>Tour long pagarin\u0101ts rokturis<\/li>\n<\/ul>\n<p><strong>&nbsp;<\/strong>N\u016bjas garums ir j\u0101izv\u0113l\u0101s attiec\u012bb\u0101 pret n\u016bjot\u0101ja augumu<\/p>\n<p>&nbsp;<\/p>\n<table border=\"0\" cellspacing=\"0\" cellpadding=\"0\" width=\"150\">\n<tbody>\n<tr>\n<td>\n<p align=\"center\"><strong>n\u016bja cm<\/strong><\/p>\n<\/td>\n<td>\n<p align=\"center\"><strong>n\u016bjot\u0101js cm<\/strong><\/p>\n<\/td>\n<\/tr>\n<tr>\n<td>\n<p align=\"center\">90<\/p>\n<\/td>\n<td>\n<p align=\"center\">128 &#8211; 140<\/p>\n<\/td>\n<\/tr>\n<tr>\n<td>\n<p align=\"center\">95<\/p>\n<\/td>\n<td>\n<p align=\"center\">136 &#8211; 145<\/p>\n<\/td>\n<\/tr>\n<tr>\n<td>\n<p align=\"center\">100<\/p>\n<\/td>\n<td>\n<p align=\"center\">142 &#8211; 152<\/p>\n<\/td>\n<\/tr>\n<tr>\n<td>\n<p align=\"center\">105<\/p>\n<\/td>\n<td>\n<p align=\"center\">150 &#8211; 160<\/p>\n<\/td>\n<\/tr>\n<tr>\n<td>\n<p align=\"center\">110<\/p>\n<\/td>\n<td>\n<p align=\"center\">158 &#8211; 168<\/p>\n<\/td>\n<\/tr>\n<tr>\n<td>\n<p align=\"center\">115<\/p>\n<\/td>\n<td>\n<p align=\"center\">165 &#8211; 175<\/p>\n<\/td>\n<\/tr>\n<tr>\n<td>\n<p align=\"center\">120<\/p>\n<\/td>\n<td>\n<p align=\"center\">173 &#8211; 182<\/p>\n<\/td>\n<\/tr>\n<tr>\n<td>\n<p align=\"center\">125<\/p>\n<\/td>\n<td>\n<p align=\"center\">180 &#8211; 190<\/p>\n<\/td>\n<\/tr>\n<tr>\n<td>\n<p align=\"center\">130<\/p>\n<\/td>\n<td>\n<p align=\"center\">188 &#8211; 198<\/p>\n<\/td>\n<\/tr>\n<tr>\n<td>\n<p align=\"center\">135<\/p>\n<\/td>\n<td>\n<p align=\"center\">196 &#8211; 196<\/p>\n<\/td>\n<\/tr>\n<\/tbody>\n<\/table>\n<p>&nbsp;<\/p>\n<p>&nbsp;<\/p>\n","protected":false},"excerpt":{"rendered":"<p>Leki Sherpa XL V SL2 trekinga n\u016bja no 3 da\u013c\u0101m un Speed Lock 2 regul\u0113&scaron;anas sist\u0113mu. Ergonomisks Tour Long pagarin\u0101ts rokturis ar m\u012bkstu p\u0101rkl\u0101jumu, kas \u013cauj vajadz\u012bbas gad\u012bjum\u0101 satvert n\u016bju zem\u0101k, nemainot t\u0101s garumu. Specifik\u0101cija: Materi\u0101ls: alum\u012bnijs HTS 6.5 Garums: 110-145 cm Svars: 580 grami Raksturojums: Speed Lock 2 regul\u0113&scaron;anas sist\u0113ma Tour long pagarin\u0101ts rokturis [&hellip;]<\/p>\n","protected":false},"featured_media":0,"template":"","meta":[],"product_brand":[932],"product_cat":[4587,4602,4746],"product_tag":[],"class_list":{"0":"post-76338","1":"product","2":"type-product","3":"status-publish","5":"product_brand-leki","6":"product_cat-sports","7":"product_cat-summer-sports-sports","8":"product_cat-nordic-walking-summer-sports-sports","10":"first","11":"instock","12":"shipping-taxable","13":"purchasable","14":"product-type-simple"},"_links":{"self":[{"href":"https:\/\/sezona.lv\/en\/wp-json\/wp\/v2\/product\/76338","targetHints":{"allow":["GET"]}}],"collection":[{"href":"https:\/\/sezona.lv\/en\/wp-json\/wp\/v2\/product"}],"about":[{"href":"https:\/\/sezona.lv\/en\/wp-json\/wp\/v2\/types\/product"}],"wp:attachment":[{"href":"https:\/\/sezona.lv\/en\/wp-json\/wp\/v2\/media?parent=76338"}],"wp:term":[{"taxonomy":"product_brand","embeddable":true,"href":"https:\/\/sezona.lv\/en\/wp-json\/wp\/v2\/product_brand?post=76338"},{"taxonomy":"product_cat","embeddable":true,"href":"https:\/\/sezona.lv\/en\/wp-json\/wp\/v2\/product_cat?post=76338"},{"taxonomy":"product_tag","embeddable":true,"href":"https:\/\/sezona.lv\/en\/wp-json\/wp\/v2\/product_tag?post=76338"}],"curies":[{"name":"wp","href":"https:\/\/api.w.org\/{rel}","templated":true}]}}