{"id":76339,"date":"2025-07-14T14:49:39","date_gmt":"2025-07-14T11:49:39","guid":{"rendered":"https:\/\/demo8.ecube.lv\/sezona.lv\/products\/leki-trekinga-nujas-cressida-sl2\/"},"modified":"2025-07-14T14:49:39","modified_gmt":"2025-07-14T11:49:39","slug":"leki-trekinga-nujas-cressida-sl2","status":"publish","type":"product","link":"https:\/\/sezona.lv\/en\/products\/leki-trekinga-nujas-cressida-sl2\/","title":{"rendered":"Leki trekinga n\u016bjas Cressida SL2"},"content":{"rendered":"<div class=\"rte\">\n<p>Vieglas sievie&scaron;u trekinga n\u016bjas ar dab\u012bga kor\u0137a  rokturi. N\u016bju izskata saglab\u0101&scaron;anai tika veikta Ultra Sonic Finish  p\u0113capstr\u0101de &#8211; kvalitat\u012bvs pul\u0113jums, p\u0101rkl\u0101ts ar grafisku z\u012bm\u0113jumu un  \u013coti sp\u0113c\u012bgu aizsarglakojumu. N\u016bjam ir main\u0101ma Nordic Basket uzga\u013cu  grozu sist\u0113ma, kas \u013cauj nomain\u012bt standarta grozi\u0146us pret sniega groziem.<\/p>\n<h4>Specifik\u0101cija:<\/h4>\n<p><strong> Garums:<\/strong> 64-125 cm<br \/><strong>Rokturis:<\/strong> Aergon Thermo Compact<br \/><strong>Lence:<\/strong> Lock Security Strap (LSS) &#8211; neilona lence<br \/><strong>Uzgalis:<\/strong> Karb\u012bda Flextip <br \/><strong>Diametrs:<\/strong> 16\/14\/12 mm<br \/><strong>Materi\u0101ls:<\/strong> Aluminium HTS 6.5 <br \/><strong>Regul\u0113&scaron;anas sist\u0113ma:<\/strong> Speed Lock2<br \/><strong>P\u0101rkl\u0101jums:<\/strong> Ultra Sonic Finish <br \/><strong>Svars:<\/strong> 494 grami (p\u0101ris)<\/p>\n<\/div>\n","protected":false},"excerpt":{"rendered":"<p>Vieglas sievie&scaron;u trekinga n\u016bjas ar dab\u012bga kor\u0137a rokturi. N\u016bju izskata saglab\u0101&scaron;anai tika veikta Ultra Sonic Finish p\u0113capstr\u0101de &#8211; kvalitat\u012bvs pul\u0113jums, p\u0101rkl\u0101ts ar grafisku z\u012bm\u0113jumu un \u013coti sp\u0113c\u012bgu aizsarglakojumu. N\u016bjam ir main\u0101ma Nordic Basket uzga\u013cu grozu sist\u0113ma, kas \u013cauj nomain\u012bt standarta grozi\u0146us pret sniega groziem. Specifik\u0101cija: Garums: 64-125 cmRokturis: Aergon Thermo CompactLence: Lock Security Strap (LSS) [&hellip;]<\/p>\n","protected":false},"featured_media":0,"template":"","meta":[],"product_brand":[932],"product_cat":[4587,4602,4746],"product_tag":[],"class_list":{"0":"post-76339","1":"product","2":"type-product","3":"status-publish","5":"product_brand-leki","6":"product_cat-sports","7":"product_cat-summer-sports-sports","8":"product_cat-nordic-walking-summer-sports-sports","10":"first","11":"instock","12":"shipping-taxable","13":"purchasable","14":"product-type-simple"},"_links":{"self":[{"href":"https:\/\/sezona.lv\/en\/wp-json\/wp\/v2\/product\/76339","targetHints":{"allow":["GET"]}}],"collection":[{"href":"https:\/\/sezona.lv\/en\/wp-json\/wp\/v2\/product"}],"about":[{"href":"https:\/\/sezona.lv\/en\/wp-json\/wp\/v2\/types\/product"}],"wp:attachment":[{"href":"https:\/\/sezona.lv\/en\/wp-json\/wp\/v2\/media?parent=76339"}],"wp:term":[{"taxonomy":"product_brand","embeddable":true,"href":"https:\/\/sezona.lv\/en\/wp-json\/wp\/v2\/product_brand?post=76339"},{"taxonomy":"product_cat","embeddable":true,"href":"https:\/\/sezona.lv\/en\/wp-json\/wp\/v2\/product_cat?post=76339"},{"taxonomy":"product_tag","embeddable":true,"href":"https:\/\/sezona.lv\/en\/wp-json\/wp\/v2\/product_tag?post=76339"}],"curies":[{"name":"wp","href":"https:\/\/api.w.org\/{rel}","templated":true}]}}