{"id":76340,"date":"2025-07-14T14:49:40","date_gmt":"2025-07-14T11:49:40","guid":{"rendered":"https:\/\/demo8.ecube.lv\/sezona.lv\/products\/leki-trekinga-nujas-thermolite-xl-v\/"},"modified":"2025-07-14T14:49:40","modified_gmt":"2025-07-14T11:49:40","slug":"leki-trekinga-nujas-thermolite-xl-v","status":"publish","type":"product","link":"https:\/\/sezona.lv\/en\/products\/leki-trekinga-nujas-thermolite-xl-v\/","title":{"rendered":"Leki trekinga n\u016bjas Thermolite XL V"},"content":{"rendered":"<div class=\"rte\">\n<p><span id=\"result_box\" lang=\"lv\"><span>Thermolite XL V n\u016bjas ir 2016. gada ISPO zelta godalgas ieguv\u0113js. <span lang=\"lv\"><span>Ergonomisks Aergon rokturis<\/span><\/span> ar pagarin\u0101jumu, papildus sa\u0137erei. <span lang=\"lv\"><span>T&Uuml;V apstiprin\u0101ta Speed Lock 2 regul\u0113&scaron;anas sist\u0113ma. Vieglas, ta\u010du tai pat laik\u0101 iztur\u012bgas. Inovat\u012bva <strong>Trigger S Vertical<\/strong> cimdi\u0146a sist\u0113ma. <\/span><\/span><br \/><\/span><\/span><\/p>\n<h4><span lang=\"lv\"><span>Specifik\u0101cija:<\/span><\/span><\/h4>\n<table style=\"height: 170px\" border=\"0\" width=\"574\">\n<tbody>\n<tr>\n<td><strong>Konstrukcija:<\/strong><\/td>\n<td>Regul\u0113jama<\/td>\n<\/tr>\n<tr>\n<td><strong>Rokturis:<\/strong><\/td>\n<td>Trigger S Vertical + Thermo Mid<\/td>\n<\/tr>\n<tr>\n<td><strong>Cimdi\u0146&scaron;:<\/strong><\/td>\n<td>Trigger S Vertical<\/td>\n<\/tr>\n<tr>\n<td><strong>Diametrs:<\/strong><\/td>\n<td>16|14|12 mm<\/td>\n<\/tr>\n<tr>\n<td><strong>Materi\u0101ls:<\/strong><\/td>\n<td>Alum\u012bnijs<\/td>\n<\/tr>\n<tr>\n<td><strong>Regul\u0113&scaron;anas sist\u0113ma:<\/strong><\/td>\n<td>Speed Lock 2<\/td>\n<\/tr>\n<tr>\n<td><strong>Grozi\u0146i:<\/strong><\/td>\n<td>Trekking<\/td>\n<\/tr>\n<tr>\n<td><strong>Uzgalis:<\/strong><\/td>\n<td>Flex Tip<\/td>\n<\/tr>\n<tr>\n<td><strong>Regul\u0113&scaron;anas diapazons:<\/strong><\/td>\n<td>110-135 cm (67 cm salikt\u0101 veid\u0101)<\/td>\n<\/tr>\n<tr>\n<td><strong>Svars:<\/strong><\/td>\n<td>484 grami (p\u0101ris)<\/td>\n<\/tr>\n<\/tbody>\n<\/table>\n<h4>Raksturojums:<\/h4>\n<ul>\n<li><strong>Thermo mid<\/strong> roktura pagarin\u0101jums<\/li>\n<li><strong>Trigger S Vertical<\/strong> cimdi\u0146a sist\u0113ma<\/li>\n<li><strong>Speed Lock 2<\/strong> regul\u0113&scaron;anas sist\u0113ma, kas ir par 30% maz\u0101ka, 25% viegl\u0101ka un vismaz 20% iztur\u012bg\u0101ka.<\/li>\n<\/ul>\n<\/div>\n<p><strong>&nbsp;<\/strong><\/p>\n<p><strong>&nbsp;<\/strong>N\u016bjas garums ir j\u0101izv\u0113l\u0101s attiec\u012bb\u0101 pret n\u016bjot\u0101ja augumu<\/p>\n<p>&nbsp;<\/p>\n<table border=\"0\" cellspacing=\"0\" cellpadding=\"0\" width=\"150\">\n<tbody>\n<tr>\n<td>\n<p align=\"center\"><strong>n\u016bja cm<\/strong><\/p>\n<\/td>\n<td>\n<p align=\"center\"><strong>n\u016bjot\u0101js cm<\/strong><\/p>\n<\/td>\n<\/tr>\n<tr>\n<td>\n<p align=\"center\">90<\/p>\n<\/td>\n<td>\n<p align=\"center\">128 &#8211; 140<\/p>\n<\/td>\n<\/tr>\n<tr>\n<td>\n<p align=\"center\">95<\/p>\n<\/td>\n<td>\n<p align=\"center\">136 &#8211; 145<\/p>\n<\/td>\n<\/tr>\n<tr>\n<td>\n<p align=\"center\">100<\/p>\n<\/td>\n<td>\n<p align=\"center\">142 &#8211; 152<\/p>\n<\/td>\n<\/tr>\n<tr>\n<td>\n<p align=\"center\">105<\/p>\n<\/td>\n<td>\n<p align=\"center\">150 &#8211; 160<\/p>\n<\/td>\n<\/tr>\n<tr>\n<td>\n<p align=\"center\">110<\/p>\n<\/td>\n<td>\n<p align=\"center\">158 &#8211; 168<\/p>\n<\/td>\n<\/tr>\n<tr>\n<td>\n<p align=\"center\">115<\/p>\n<\/td>\n<td>\n<p align=\"center\">165 &#8211; 175<\/p>\n<\/td>\n<\/tr>\n<tr>\n<td>\n<p align=\"center\">120<\/p>\n<\/td>\n<td>\n<p align=\"center\">173 &#8211; 182<\/p>\n<\/td>\n<\/tr>\n<tr>\n<td>\n<p align=\"center\">125<\/p>\n<\/td>\n<td>\n<p align=\"center\">180 &#8211; 190<\/p>\n<\/td>\n<\/tr>\n<tr>\n<td>\n<p align=\"center\">130<\/p>\n<\/td>\n<td>\n<p align=\"center\">188 &#8211; 198<\/p>\n<\/td>\n<\/tr>\n<tr>\n<td>\n<p align=\"center\">135<\/p>\n<\/td>\n<td>\n<p align=\"center\">196 &#8211; 196<\/p>\n<\/td>\n<\/tr>\n<\/tbody>\n<\/table>\n<p>&nbsp;<\/p>\n<p>&nbsp;<\/p>\n","protected":false},"excerpt":{"rendered":"<p>Thermolite XL V n\u016bjas ir 2016. gada ISPO zelta godalgas ieguv\u0113js. Ergonomisks Aergon rokturis ar pagarin\u0101jumu, papildus sa\u0137erei. T&Uuml;V apstiprin\u0101ta Speed Lock 2 regul\u0113&scaron;anas sist\u0113ma. Vieglas, ta\u010du tai pat laik\u0101 iztur\u012bgas. Inovat\u012bva Trigger S Vertical cimdi\u0146a sist\u0113ma. Specifik\u0101cija: Konstrukcija: Regul\u0113jama Rokturis: Trigger S Vertical + Thermo Mid Cimdi\u0146&scaron;: Trigger S Vertical Diametrs: 16|14|12 mm Materi\u0101ls: [&hellip;]<\/p>\n","protected":false},"featured_media":0,"template":"","meta":[],"product_brand":[932],"product_cat":[4587,4602,4746],"product_tag":[],"class_list":{"0":"post-76340","1":"product","2":"type-product","3":"status-publish","5":"product_brand-leki","6":"product_cat-sports","7":"product_cat-summer-sports-sports","8":"product_cat-nordic-walking-summer-sports-sports","10":"first","11":"instock","12":"shipping-taxable","13":"purchasable","14":"product-type-simple"},"_links":{"self":[{"href":"https:\/\/sezona.lv\/en\/wp-json\/wp\/v2\/product\/76340","targetHints":{"allow":["GET"]}}],"collection":[{"href":"https:\/\/sezona.lv\/en\/wp-json\/wp\/v2\/product"}],"about":[{"href":"https:\/\/sezona.lv\/en\/wp-json\/wp\/v2\/types\/product"}],"wp:attachment":[{"href":"https:\/\/sezona.lv\/en\/wp-json\/wp\/v2\/media?parent=76340"}],"wp:term":[{"taxonomy":"product_brand","embeddable":true,"href":"https:\/\/sezona.lv\/en\/wp-json\/wp\/v2\/product_brand?post=76340"},{"taxonomy":"product_cat","embeddable":true,"href":"https:\/\/sezona.lv\/en\/wp-json\/wp\/v2\/product_cat?post=76340"},{"taxonomy":"product_tag","embeddable":true,"href":"https:\/\/sezona.lv\/en\/wp-json\/wp\/v2\/product_tag?post=76340"}],"curies":[{"name":"wp","href":"https:\/\/api.w.org\/{rel}","templated":true}]}}