{"id":76341,"date":"2025-07-14T14:49:40","date_gmt":"2025-07-14T11:49:40","guid":{"rendered":"https:\/\/demo8.ecube.lv\/sezona.lv\/products\/leki-trekinga-nujas-sherpa-xl-sl-2\/"},"modified":"2025-07-14T14:49:40","modified_gmt":"2025-07-14T11:49:40","slug":"leki-trekinga-nujas-sherpa-xl-sl-2","status":"publish","type":"product","link":"https:\/\/sezona.lv\/en\/products\/leki-trekinga-nujas-sherpa-xl-sl-2\/","title":{"rendered":"Leki trekinga n\u016bjas Sherpa XL SL 2"},"content":{"rendered":"<div class=\"rte\">\n<p>Sherpa XL ir vienas no iztur\u012bg\u0101kaj\u0101m p\u0101rg\u0101jienu jeb  trekinga n\u016bj\u0101m Leki kl\u0101st\u0101. Paredz\u0113tas sare\u017e\u0123\u012btiem apvidiem ar lielu  iesp\u0113jamo slodzi. &Scaron;\u012bs n\u016bjas b\u016bs \u013coti \u0113rtas lieliem (gariem un smagiem)  v\u012briem ar platu plaukstu. Speed Lock 2 sl\u0113dz\u0113jmeh\u0101nisms ir \u0101trs un  dro&scaron;s, to ir \u0113rti lietot pat ar cimdiem. Pagarin\u0101t\u0101js termomateri\u0101la  rokturis b\u016bs \u012bpa&scaron;i noder\u012bgs main\u012bgos laikapst\u0101k\u013cos ar bie\u017eu reljefa  mai\u0146u.<\/p>\n<h4>Specifik\u0101cija:<\/h4>\n<p><strong>Garums:<\/strong> 70-145 cm<br \/><strong>Rokturis<\/strong>: Aergon Thermo Long<br \/><strong>Lence:<\/strong> Lock Security Strap SKIN <br \/><strong>Uzgalis:<\/strong> Karb\u012bda Flextip <br \/><strong>Diametrs:<\/strong> 18\/16\/14 mm<br \/><strong>Materi\u0101ls:<\/strong> Aluminium HTS 6.5&nbsp; <br \/><strong>Regul\u0113&scaron;anas sist\u0113ma:<\/strong> Speed Lock 2 <br \/><strong>P\u0101rkl\u0101jums:<\/strong> Ultra Sonic Finish \/ ELOXAL <br \/><strong>Svars:<\/strong> 526 grami (p\u0101ris)<\/p>\n<\/div>\n<p><strong>&nbsp;<\/strong><\/p>\n<p><strong>&nbsp;<\/strong>N\u016bjas garums ir j\u0101izv\u0113l\u0101s attiec\u012bb\u0101 pret n\u016bjot\u0101ja augumu<\/p>\n<p>&nbsp;<\/p>\n<table border=\"0\" cellspacing=\"0\" cellpadding=\"0\" width=\"150\">\n<tbody>\n<tr>\n<td>\n<p align=\"center\"><strong>n\u016bja cm<\/strong><\/p>\n<\/td>\n<td>\n<p align=\"center\"><strong>n\u016bjot\u0101js cm<\/strong><\/p>\n<\/td>\n<\/tr>\n<tr>\n<td>\n<p align=\"center\">90<\/p>\n<\/td>\n<td>\n<p align=\"center\">128 &#8211; 140<\/p>\n<\/td>\n<\/tr>\n<tr>\n<td>\n<p align=\"center\">95<\/p>\n<\/td>\n<td>\n<p align=\"center\">136 &#8211; 145<\/p>\n<\/td>\n<\/tr>\n<tr>\n<td>\n<p align=\"center\">100<\/p>\n<\/td>\n<td>\n<p align=\"center\">142 &#8211; 152<\/p>\n<\/td>\n<\/tr>\n<tr>\n<td>\n<p align=\"center\">105<\/p>\n<\/td>\n<td>\n<p align=\"center\">150 &#8211; 160<\/p>\n<\/td>\n<\/tr>\n<tr>\n<td>\n<p align=\"center\">110<\/p>\n<\/td>\n<td>\n<p align=\"center\">158 &#8211; 168<\/p>\n<\/td>\n<\/tr>\n<tr>\n<td>\n<p align=\"center\">115<\/p>\n<\/td>\n<td>\n<p align=\"center\">165 &#8211; 175<\/p>\n<\/td>\n<\/tr>\n<tr>\n<td>\n<p align=\"center\">120<\/p>\n<\/td>\n<td>\n<p align=\"center\">173 &#8211; 182<\/p>\n<\/td>\n<\/tr>\n<tr>\n<td>\n<p align=\"center\">125<\/p>\n<\/td>\n<td>\n<p align=\"center\">180 &#8211; 190<\/p>\n<\/td>\n<\/tr>\n<tr>\n<td>\n<p align=\"center\">130<\/p>\n<\/td>\n<td>\n<p align=\"center\">188 &#8211; 198<\/p>\n<\/td>\n<\/tr>\n<tr>\n<td>\n<p align=\"center\">135<\/p>\n<\/td>\n<td>\n<p align=\"center\">196 &#8211; 196<\/p>\n<\/td>\n<\/tr>\n<\/tbody>\n<\/table>\n<p>&nbsp;<\/p>\n<p>&nbsp;<\/p>\n","protected":false},"excerpt":{"rendered":"<p>Sherpa XL ir vienas no iztur\u012bg\u0101kaj\u0101m p\u0101rg\u0101jienu jeb trekinga n\u016bj\u0101m Leki kl\u0101st\u0101. Paredz\u0113tas sare\u017e\u0123\u012btiem apvidiem ar lielu iesp\u0113jamo slodzi. &Scaron;\u012bs n\u016bjas b\u016bs \u013coti \u0113rtas lieliem (gariem un smagiem) v\u012briem ar platu plaukstu. Speed Lock 2 sl\u0113dz\u0113jmeh\u0101nisms ir \u0101trs un dro&scaron;s, to ir \u0113rti lietot pat ar cimdiem. Pagarin\u0101t\u0101js termomateri\u0101la rokturis b\u016bs \u012bpa&scaron;i noder\u012bgs main\u012bgos laikapst\u0101k\u013cos [&hellip;]<\/p>\n","protected":false},"featured_media":0,"template":"","meta":[],"product_brand":[932],"product_cat":[4587,4602,4746],"product_tag":[],"class_list":{"0":"post-76341","1":"product","2":"type-product","3":"status-publish","5":"product_brand-leki","6":"product_cat-sports","7":"product_cat-summer-sports-sports","8":"product_cat-nordic-walking-summer-sports-sports","10":"first","11":"instock","12":"shipping-taxable","13":"purchasable","14":"product-type-simple"},"_links":{"self":[{"href":"https:\/\/sezona.lv\/en\/wp-json\/wp\/v2\/product\/76341","targetHints":{"allow":["GET"]}}],"collection":[{"href":"https:\/\/sezona.lv\/en\/wp-json\/wp\/v2\/product"}],"about":[{"href":"https:\/\/sezona.lv\/en\/wp-json\/wp\/v2\/types\/product"}],"wp:attachment":[{"href":"https:\/\/sezona.lv\/en\/wp-json\/wp\/v2\/media?parent=76341"}],"wp:term":[{"taxonomy":"product_brand","embeddable":true,"href":"https:\/\/sezona.lv\/en\/wp-json\/wp\/v2\/product_brand?post=76341"},{"taxonomy":"product_cat","embeddable":true,"href":"https:\/\/sezona.lv\/en\/wp-json\/wp\/v2\/product_cat?post=76341"},{"taxonomy":"product_tag","embeddable":true,"href":"https:\/\/sezona.lv\/en\/wp-json\/wp\/v2\/product_tag?post=76341"}],"curies":[{"name":"wp","href":"https:\/\/api.w.org\/{rel}","templated":true}]}}