{"id":76342,"date":"2025-07-14T14:49:41","date_gmt":"2025-07-14T11:49:41","guid":{"rendered":"https:\/\/demo8.ecube.lv\/sezona.lv\/products\/leki-trekinga-nujas-thermolite-xl-sl-2\/"},"modified":"2025-07-14T14:49:41","modified_gmt":"2025-07-14T11:49:41","slug":"leki-trekinga-nujas-thermolite-xl-sl-2","status":"publish","type":"product","link":"https:\/\/sezona.lv\/en\/products\/leki-trekinga-nujas-thermolite-xl-sl-2\/","title":{"rendered":"Leki trekinga n\u016bjas Thermolite XL SL 2"},"content":{"rendered":"<div class=\"rte\">\n<p>Popul\u0101r\u0101k\u0101s Leki trekinga n\u016bjas. \u013boti vieglas un  kompaktas, izgatavotas no avi\u0101cijas alum\u012bnija. &Scaron;\u012bs n\u016bjas ir apr\u012bkotas ar  Speed Lock 2 regul\u0113&scaron;anas sist\u0113mu, kas ir 30% maz\u0101ka, 25% viegl\u0101ka un  piem\u012bt 20% liel\u0101ka vertik\u0101l\u0101s slodzes iztur\u012bba. \u012apa&scaron;i piem\u0113rotas  augstkalnu alp\u012bnismam un kalnu maratoniem.<\/p>\n<h4>Specifik\u0101cija:<\/h4>\n<p><strong>Garums:<\/strong> 67-135 cm <br \/><strong>Rokturis:<\/strong> Aergon Thermo Long <br \/><strong>Lence:<\/strong> Lock Security Strap Skin (LSS) &#8211; neilona lence <br \/><strong>Uzgalis:<\/strong> Karb\u012bda Flextip Diametrs: 16\/14\/12mm <br \/><strong>Materi\u0101ls:<\/strong> Alum\u012bnijs HTS 6.5<br \/><strong>Regul\u0113&scaron;anas sist\u0113ma:<\/strong> Speed Lock System 2 <br \/><strong>P\u0101rkl\u0101jums:<\/strong> Clear Varnich (aizsarglakas p\u0101rkl\u0101jums) <br \/><strong>Svars:<\/strong> 484 grami (p\u0101ris)<\/p>\n<\/div>\n<p><strong>&nbsp;<\/strong><\/p>\n<p><strong>&nbsp;<\/strong>N\u016bjas garums ir j\u0101izv\u0113l\u0101s attiec\u012bb\u0101 pret n\u016bjot\u0101ja augumu<\/p>\n<p>&nbsp;<\/p>\n<table border=\"0\" cellspacing=\"0\" cellpadding=\"0\" width=\"150\">\n<tbody>\n<tr>\n<td>\n<p align=\"center\"><strong>n\u016bja cm<\/strong><\/p>\n<\/td>\n<td>\n<p align=\"center\"><strong>n\u016bjot\u0101js cm<\/strong><\/p>\n<\/td>\n<\/tr>\n<tr>\n<td>\n<p align=\"center\">90<\/p>\n<\/td>\n<td>\n<p align=\"center\">128 &#8211; 140<\/p>\n<\/td>\n<\/tr>\n<tr>\n<td>\n<p align=\"center\">95<\/p>\n<\/td>\n<td>\n<p align=\"center\">136 &#8211; 145<\/p>\n<\/td>\n<\/tr>\n<tr>\n<td>\n<p align=\"center\">100<\/p>\n<\/td>\n<td>\n<p align=\"center\">142 &#8211; 152<\/p>\n<\/td>\n<\/tr>\n<tr>\n<td>\n<p align=\"center\">105<\/p>\n<\/td>\n<td>\n<p align=\"center\">150 &#8211; 160<\/p>\n<\/td>\n<\/tr>\n<tr>\n<td>\n<p align=\"center\">110<\/p>\n<\/td>\n<td>\n<p align=\"center\">158 &#8211; 168<\/p>\n<\/td>\n<\/tr>\n<tr>\n<td>\n<p align=\"center\">115<\/p>\n<\/td>\n<td>\n<p align=\"center\">165 &#8211; 175<\/p>\n<\/td>\n<\/tr>\n<tr>\n<td>\n<p align=\"center\">120<\/p>\n<\/td>\n<td>\n<p align=\"center\">173 &#8211; 182<\/p>\n<\/td>\n<\/tr>\n<tr>\n<td>\n<p align=\"center\">125<\/p>\n<\/td>\n<td>\n<p align=\"center\">180 &#8211; 190<\/p>\n<\/td>\n<\/tr>\n<tr>\n<td>\n<p align=\"center\">130<\/p>\n<\/td>\n<td>\n<p align=\"center\">188 &#8211; 198<\/p>\n<\/td>\n<\/tr>\n<tr>\n<td>\n<p align=\"center\">135<\/p>\n<\/td>\n<td>\n<p align=\"center\">196 &#8211; 196<\/p>\n<\/td>\n<\/tr>\n<\/tbody>\n<\/table>\n<p>&nbsp;<\/p>\n<p>&nbsp;<\/p>\n","protected":false},"excerpt":{"rendered":"<p>Popul\u0101r\u0101k\u0101s Leki trekinga n\u016bjas. \u013boti vieglas un kompaktas, izgatavotas no avi\u0101cijas alum\u012bnija. &Scaron;\u012bs n\u016bjas ir apr\u012bkotas ar Speed Lock 2 regul\u0113&scaron;anas sist\u0113mu, kas ir 30% maz\u0101ka, 25% viegl\u0101ka un piem\u012bt 20% liel\u0101ka vertik\u0101l\u0101s slodzes iztur\u012bba. \u012apa&scaron;i piem\u0113rotas augstkalnu alp\u012bnismam un kalnu maratoniem. Specifik\u0101cija: Garums: 67-135 cm Rokturis: Aergon Thermo Long Lence: Lock Security Strap Skin [&hellip;]<\/p>\n","protected":false},"featured_media":0,"template":"","meta":[],"product_brand":[932],"product_cat":[4587,4602,4746],"product_tag":[],"class_list":{"0":"post-76342","1":"product","2":"type-product","3":"status-publish","5":"product_brand-leki","6":"product_cat-sports","7":"product_cat-summer-sports-sports","8":"product_cat-nordic-walking-summer-sports-sports","10":"first","11":"instock","12":"shipping-taxable","13":"purchasable","14":"product-type-simple"},"_links":{"self":[{"href":"https:\/\/sezona.lv\/en\/wp-json\/wp\/v2\/product\/76342","targetHints":{"allow":["GET"]}}],"collection":[{"href":"https:\/\/sezona.lv\/en\/wp-json\/wp\/v2\/product"}],"about":[{"href":"https:\/\/sezona.lv\/en\/wp-json\/wp\/v2\/types\/product"}],"wp:attachment":[{"href":"https:\/\/sezona.lv\/en\/wp-json\/wp\/v2\/media?parent=76342"}],"wp:term":[{"taxonomy":"product_brand","embeddable":true,"href":"https:\/\/sezona.lv\/en\/wp-json\/wp\/v2\/product_brand?post=76342"},{"taxonomy":"product_cat","embeddable":true,"href":"https:\/\/sezona.lv\/en\/wp-json\/wp\/v2\/product_cat?post=76342"},{"taxonomy":"product_tag","embeddable":true,"href":"https:\/\/sezona.lv\/en\/wp-json\/wp\/v2\/product_tag?post=76342"}],"curies":[{"name":"wp","href":"https:\/\/api.w.org\/{rel}","templated":true}]}}