{"id":76343,"date":"2025-07-14T14:49:42","date_gmt":"2025-07-14T11:49:42","guid":{"rendered":"https:\/\/demo8.ecube.lv\/sezona.lv\/products\/leki-trekinga-nujas-carbonlite\/"},"modified":"2025-07-14T14:49:42","modified_gmt":"2025-07-14T11:49:42","slug":"leki-trekinga-nujas-carbonlite","status":"publish","type":"product","link":"https:\/\/sezona.lv\/en\/products\/leki-trekinga-nujas-carbonlite\/","title":{"rendered":"Leki trekinga n\u016bjas Carbonlite"},"content":{"rendered":"<div class=\"rte\">\n<p>\u013boti vieglas un kompaktas trekinga n\u016bjas, kas ir  izgatavotas no 100% oglek\u013ca (Carbon). Pateicoties Super Lock savienojuma  stiprin\u0101jumam, &scaron;\u012bs n\u016bjas iztur 140 kg vertik\u0101lo slodzi. \u012apa&scaron;i  piem\u0113rotas augstkalnu alp\u012bnismam vai kalnu maratoniem.<\/p>\n<h4>Specifik\u0101cija:<\/h4>\n<p><strong>Garums:<\/strong> 63-135 cm<br \/><strong>Rokturis:<\/strong> Aergon Thermo Mid <br \/><strong>Lence:<\/strong> Lock Security Strap (LSS) &#8211; neilona lence <br \/><strong>Uzgalis:<\/strong> Karb\u012bda Flextip <br \/><strong>Diametrs:<\/strong> 16\/14\/12 mm <br \/><strong>Materi\u0101ls:<\/strong> HM Carbon 100% <br \/><strong>Regul\u0113&scaron;anas sist\u0113ma:<\/strong> Super Lock System <br \/><strong>P\u0101rkl\u0101jums:<\/strong> Clear Varnich (aizsarglakas p\u0101rkl\u0101jums) <br \/><strong>Svars:<\/strong> 416 grami (p\u0101ris)<\/p>\n<\/div>\n","protected":false},"excerpt":{"rendered":"<p>\u013boti vieglas un kompaktas trekinga n\u016bjas, kas ir izgatavotas no 100% oglek\u013ca (Carbon). Pateicoties Super Lock savienojuma stiprin\u0101jumam, &scaron;\u012bs n\u016bjas iztur 140 kg vertik\u0101lo slodzi. \u012apa&scaron;i piem\u0113rotas augstkalnu alp\u012bnismam vai kalnu maratoniem. Specifik\u0101cija: Garums: 63-135 cmRokturis: Aergon Thermo Mid Lence: Lock Security Strap (LSS) &#8211; neilona lence Uzgalis: Karb\u012bda Flextip Diametrs: 16\/14\/12 mm Materi\u0101ls: HM [&hellip;]<\/p>\n","protected":false},"featured_media":0,"template":"","meta":[],"product_brand":[932],"product_cat":[4587,4602,4746],"product_tag":[],"class_list":{"0":"post-76343","1":"product","2":"type-product","3":"status-publish","5":"product_brand-leki","6":"product_cat-sports","7":"product_cat-summer-sports-sports","8":"product_cat-nordic-walking-summer-sports-sports","10":"first","11":"instock","12":"shipping-taxable","13":"purchasable","14":"product-type-simple"},"_links":{"self":[{"href":"https:\/\/sezona.lv\/en\/wp-json\/wp\/v2\/product\/76343","targetHints":{"allow":["GET"]}}],"collection":[{"href":"https:\/\/sezona.lv\/en\/wp-json\/wp\/v2\/product"}],"about":[{"href":"https:\/\/sezona.lv\/en\/wp-json\/wp\/v2\/types\/product"}],"wp:attachment":[{"href":"https:\/\/sezona.lv\/en\/wp-json\/wp\/v2\/media?parent=76343"}],"wp:term":[{"taxonomy":"product_brand","embeddable":true,"href":"https:\/\/sezona.lv\/en\/wp-json\/wp\/v2\/product_brand?post=76343"},{"taxonomy":"product_cat","embeddable":true,"href":"https:\/\/sezona.lv\/en\/wp-json\/wp\/v2\/product_cat?post=76343"},{"taxonomy":"product_tag","embeddable":true,"href":"https:\/\/sezona.lv\/en\/wp-json\/wp\/v2\/product_tag?post=76343"}],"curies":[{"name":"wp","href":"https:\/\/api.w.org\/{rel}","templated":true}]}}