{"id":76344,"date":"2025-07-14T14:49:43","date_gmt":"2025-07-14T11:49:43","guid":{"rendered":"https:\/\/demo8.ecube.lv\/sezona.lv\/products\/leki-trekinga-nujas-carbonlite-sl\/"},"modified":"2025-07-14T14:49:43","modified_gmt":"2025-07-14T11:49:43","slug":"leki-trekinga-nujas-carbonlite-sl","status":"publish","type":"product","link":"https:\/\/sezona.lv\/en\/products\/leki-trekinga-nujas-carbonlite-sl\/","title":{"rendered":"Leki trekinga n\u016bjas Carbonlite SL"},"content":{"rendered":"<div class=\"rte\">\n<p>\u013boti vieglas un kompaktas trekinga n\u016bjas, kas ir  izgatavotas no 100% oglek\u013ca (Carbon). &Scaron;\u012bs n\u016bjas ir apr\u012bkotas ar Speed  Lock regul\u0113&scaron;anas sist\u0113mu, kas nodro&scaron;in\u0101s \u0101tru n\u016bju regul\u0101ciju,  nepalielinot to svaru un iztur\u012bbu. \u012apa&scaron;i piem\u0113rotas augstkalnu  alp\u012bnismam un kalnu maratoniem.<\/p>\n<h4>Specifik\u0101cija:<\/h4>\n<p><strong> Garums:<\/strong> 67-135 cm<br \/><strong>Rokturis:<\/strong> Aergon Thermo Compact<br \/><strong>Lence:<\/strong> Lock Security Strap (LSS) &#8211; neilona lence <br \/><strong>Uzgalis:<\/strong> Karb\u012bda Flextip <br \/><strong>Diametrs:<\/strong> 16\/14\/12 mm<br \/><strong>Materi\u0101ls:<\/strong> HM Carbon 100% <br \/><strong>Regul\u0113&scaron;anas sist\u0113ma:<\/strong> Speed Lock<br \/><strong>P\u0101rkl\u0101jums:<\/strong> Clear Varnich (aizsarglakas p\u0101rkl\u0101jums)<br \/><strong>Svars:<\/strong> 460 grami (p\u0101ris)<\/p>\n<\/div>\n<p><strong>&nbsp;<\/strong>N\u016bjas garums ir j\u0101izv\u0113l\u0101s attiec\u012bb\u0101 pret n\u016bjot\u0101ja augumu<\/p>\n<p>&nbsp;<\/p>\n<table border=\"0\" cellspacing=\"0\" cellpadding=\"0\" width=\"150\">\n<tbody>\n<tr>\n<td>\n<p align=\"center\"><strong>n\u016bja cm<\/strong><\/p>\n<\/td>\n<td>\n<p align=\"center\"><strong>n\u016bjot\u0101js cm<\/strong><\/p>\n<\/td>\n<\/tr>\n<tr>\n<td>\n<p align=\"center\">90<\/p>\n<\/td>\n<td>\n<p align=\"center\">128 &#8211; 140<\/p>\n<\/td>\n<\/tr>\n<tr>\n<td>\n<p align=\"center\">95<\/p>\n<\/td>\n<td>\n<p align=\"center\">136 &#8211; 145<\/p>\n<\/td>\n<\/tr>\n<tr>\n<td>\n<p align=\"center\">100<\/p>\n<\/td>\n<td>\n<p align=\"center\">142 &#8211; 152<\/p>\n<\/td>\n<\/tr>\n<tr>\n<td>\n<p align=\"center\">105<\/p>\n<\/td>\n<td>\n<p align=\"center\">150 &#8211; 160<\/p>\n<\/td>\n<\/tr>\n<tr>\n<td>\n<p align=\"center\">110<\/p>\n<\/td>\n<td>\n<p align=\"center\">158 &#8211; 168<\/p>\n<\/td>\n<\/tr>\n<tr>\n<td>\n<p align=\"center\">115<\/p>\n<\/td>\n<td>\n<p align=\"center\">165 &#8211; 175<\/p>\n<\/td>\n<\/tr>\n<tr>\n<td>\n<p align=\"center\">120<\/p>\n<\/td>\n<td>\n<p align=\"center\">173 &#8211; 182<\/p>\n<\/td>\n<\/tr>\n<tr>\n<td>\n<p align=\"center\">125<\/p>\n<\/td>\n<td>\n<p align=\"center\">180 &#8211; 190<\/p>\n<\/td>\n<\/tr>\n<tr>\n<td>\n<p align=\"center\">130<\/p>\n<\/td>\n<td>\n<p align=\"center\">188 &#8211; 198<\/p>\n<\/td>\n<\/tr>\n<tr>\n<td>\n<p align=\"center\">135<\/p>\n<\/td>\n<td>\n<p align=\"center\">196 &#8211; 196<\/p>\n<\/td>\n<\/tr>\n<\/tbody>\n<\/table>\n<p>&nbsp;<\/p>\n<p>&nbsp;<\/p>\n","protected":false},"excerpt":{"rendered":"<p>\u013boti vieglas un kompaktas trekinga n\u016bjas, kas ir izgatavotas no 100% oglek\u013ca (Carbon). &Scaron;\u012bs n\u016bjas ir apr\u012bkotas ar Speed Lock regul\u0113&scaron;anas sist\u0113mu, kas nodro&scaron;in\u0101s \u0101tru n\u016bju regul\u0101ciju, nepalielinot to svaru un iztur\u012bbu. \u012apa&scaron;i piem\u0113rotas augstkalnu alp\u012bnismam un kalnu maratoniem. Specifik\u0101cija: Garums: 67-135 cmRokturis: Aergon Thermo CompactLence: Lock Security Strap (LSS) &#8211; neilona lence Uzgalis: Karb\u012bda [&hellip;]<\/p>\n","protected":false},"featured_media":0,"template":"","meta":[],"product_brand":[932],"product_cat":[4587,4602,4746],"product_tag":[],"class_list":{"0":"post-76344","1":"product","2":"type-product","3":"status-publish","5":"product_brand-leki","6":"product_cat-sports","7":"product_cat-summer-sports-sports","8":"product_cat-nordic-walking-summer-sports-sports","10":"first","11":"instock","12":"shipping-taxable","13":"purchasable","14":"product-type-simple"},"_links":{"self":[{"href":"https:\/\/sezona.lv\/en\/wp-json\/wp\/v2\/product\/76344","targetHints":{"allow":["GET"]}}],"collection":[{"href":"https:\/\/sezona.lv\/en\/wp-json\/wp\/v2\/product"}],"about":[{"href":"https:\/\/sezona.lv\/en\/wp-json\/wp\/v2\/types\/product"}],"wp:attachment":[{"href":"https:\/\/sezona.lv\/en\/wp-json\/wp\/v2\/media?parent=76344"}],"wp:term":[{"taxonomy":"product_brand","embeddable":true,"href":"https:\/\/sezona.lv\/en\/wp-json\/wp\/v2\/product_brand?post=76344"},{"taxonomy":"product_cat","embeddable":true,"href":"https:\/\/sezona.lv\/en\/wp-json\/wp\/v2\/product_cat?post=76344"},{"taxonomy":"product_tag","embeddable":true,"href":"https:\/\/sezona.lv\/en\/wp-json\/wp\/v2\/product_tag?post=76344"}],"curies":[{"name":"wp","href":"https:\/\/api.w.org\/{rel}","templated":true}]}}