{"id":76345,"date":"2025-07-14T14:49:43","date_gmt":"2025-07-14T11:49:43","guid":{"rendered":"https:\/\/demo8.ecube.lv\/sezona.lv\/products\/leki-pastaigu-nuja-wanderfreund\/"},"modified":"2025-07-14T14:49:43","modified_gmt":"2025-07-14T11:49:43","slug":"leki-pastaigu-nuja-wanderfreund","status":"publish","type":"product","link":"https:\/\/sezona.lv\/en\/products\/leki-pastaigu-nuja-wanderfreund\/","title":{"rendered":"Leki pastaigu n\u016bja Wanderfreund"},"content":{"rendered":"<p>Vienk\u0101r&scaron;\u0101 pastaigu n\u016bja &#8211; spie\u0137is ar m\u012bksta plastik\u0101ta rokturi. N\u016bj\u0101m  ir main\u0101ma Nordic Basket uzga\u013cu grozu sist\u0113ma, kas \u013cauj nomain\u012bt  standarta grozi\u0146us pret sniega groziem. Pateicoties Leki SuperLock  stiprin\u0101jumam t\u0101 savienojuma vieta iztur vertik\u0101lo slodzi l\u012bdz 140kg.<\/p>\n<h4>Specifik\u0101cija:<\/h4>\n<table style=\"height: 191px\" border=\"0\" width=\"569\">\n<tbody>\n<tr>\n<td><strong>Garums:<\/strong><\/td>\n<td>58-120cm<\/td>\n<\/tr>\n<tr>\n<td><strong>Rokturis:<\/strong><\/td>\n<td>Argomed<\/td>\n<\/tr>\n<tr>\n<td><strong>Lence:<\/strong><\/td>\n<td>Neilona<\/td>\n<\/tr>\n<tr>\n<td><strong>Uzgalis:<\/strong><\/td>\n<td>Karb\u012bda Flextip<\/td>\n<\/tr>\n<tr>\n<td><strong>Diametrs:<\/strong><\/td>\n<td>16\/14\/12mm<\/td>\n<\/tr>\n<tr>\n<td><strong>Materi\u0101ls:<\/strong><\/td>\n<td>Aluminium HTS 6.0<\/td>\n<\/tr>\n<tr>\n<td><strong>Regul\u0113&scaron;anas sist\u0113ma:<\/strong><\/td>\n<td>Super Lock<\/td>\n<\/tr>\n<tr>\n<td><strong>P\u0101rkl\u0101jums:<\/strong><\/td>\n<td>Ultra Sonic Finish<\/td>\n<\/tr>\n<tr>\n<td><strong>Svars:<\/strong><\/td>\n<td>286 grami (gab.)<\/td>\n<\/tr>\n<\/tbody>\n<\/table>\n<p>&nbsp;<\/p>\n<p>&nbsp;<\/p>\n","protected":false},"excerpt":{"rendered":"<p>Vienk\u0101r&scaron;\u0101 pastaigu n\u016bja &#8211; spie\u0137is ar m\u012bksta plastik\u0101ta rokturi. N\u016bj\u0101m ir main\u0101ma Nordic Basket uzga\u013cu grozu sist\u0113ma, kas \u013cauj nomain\u012bt standarta grozi\u0146us pret sniega groziem. Pateicoties Leki SuperLock stiprin\u0101jumam t\u0101 savienojuma vieta iztur vertik\u0101lo slodzi l\u012bdz 140kg. Specifik\u0101cija: Garums: 58-120cm Rokturis: Argomed Lence: Neilona Uzgalis: Karb\u012bda Flextip Diametrs: 16\/14\/12mm Materi\u0101ls: Aluminium HTS 6.0 Regul\u0113&scaron;anas sist\u0113ma: [&hellip;]<\/p>\n","protected":false},"featured_media":0,"template":"","meta":[],"product_brand":[932],"product_cat":[4587,4602,4746],"product_tag":[],"class_list":{"0":"post-76345","1":"product","2":"type-product","3":"status-publish","5":"product_brand-leki","6":"product_cat-sports","7":"product_cat-summer-sports-sports","8":"product_cat-nordic-walking-summer-sports-sports","10":"first","11":"instock","12":"shipping-taxable","13":"purchasable","14":"product-type-simple"},"_links":{"self":[{"href":"https:\/\/sezona.lv\/en\/wp-json\/wp\/v2\/product\/76345","targetHints":{"allow":["GET"]}}],"collection":[{"href":"https:\/\/sezona.lv\/en\/wp-json\/wp\/v2\/product"}],"about":[{"href":"https:\/\/sezona.lv\/en\/wp-json\/wp\/v2\/types\/product"}],"wp:attachment":[{"href":"https:\/\/sezona.lv\/en\/wp-json\/wp\/v2\/media?parent=76345"}],"wp:term":[{"taxonomy":"product_brand","embeddable":true,"href":"https:\/\/sezona.lv\/en\/wp-json\/wp\/v2\/product_brand?post=76345"},{"taxonomy":"product_cat","embeddable":true,"href":"https:\/\/sezona.lv\/en\/wp-json\/wp\/v2\/product_cat?post=76345"},{"taxonomy":"product_tag","embeddable":true,"href":"https:\/\/sezona.lv\/en\/wp-json\/wp\/v2\/product_tag?post=76345"}],"curies":[{"name":"wp","href":"https:\/\/api.w.org\/{rel}","templated":true}]}}