{"id":76346,"date":"2025-07-14T14:49:44","date_gmt":"2025-07-14T11:49:44","guid":{"rendered":"https:\/\/demo8.ecube.lv\/sezona.lv\/products\/leki-pastaigu-nuja-super-micro\/"},"modified":"2025-07-14T14:49:44","modified_gmt":"2025-07-14T11:49:44","slug":"leki-pastaigu-nuja-super-micro","status":"publish","type":"product","link":"https:\/\/sezona.lv\/en\/products\/leki-pastaigu-nuja-super-micro\/","title":{"rendered":"Leki pastaigu n\u016bja Super Micro"},"content":{"rendered":"<p>Vienk\u0101r&scaron;\u0101 pastaigu n\u016bja &#8211; spie\u0137is ar kor\u0137a rokturi. N\u016bj\u0101m ir main\u0101ma  Nordic Basket uzga\u013cu grozu sist\u0113ma, kas \u013cauj nomain\u012bt standarta grozi\u0146us  pret sniega groziem. Pateicoties Leki SuperLock stiprin\u0101jumam t\u0101  savienojuma vieta iztur vertik\u0101lo slodzi l\u012bdz 140kg.<\/p>\n<h4>Specifik\u0101cija:<\/h4>\n<table style=\"height: 191px\" border=\"0\" width=\"564\">\n<tbody>\n<tr>\n<td><strong>Garums:<\/strong><\/td>\n<td>46 &#8211; 90 cm<\/td>\n<\/tr>\n<tr>\n<td><strong>Rokturis:<\/strong><\/td>\n<td>Soft<\/td>\n<\/tr>\n<tr>\n<td><strong>Lence:<\/strong><\/td>\n<td>Neilona<\/td>\n<\/tr>\n<tr>\n<td><strong>Uzgalis:<\/strong><\/td>\n<td>Karb\u012bda Flextip<\/td>\n<\/tr>\n<tr>\n<td><strong>Diametrs:<\/strong><\/td>\n<td>18\/16\/14mm<\/td>\n<\/tr>\n<tr>\n<td><strong>Materi\u0101ls:<\/strong><\/td>\n<td>Aluminium HTS 6.0<\/td>\n<\/tr>\n<tr>\n<td><strong>Regul\u0113&scaron;anas sist\u0113ma:<\/strong><\/td>\n<td>Super Lock<\/td>\n<\/tr>\n<tr>\n<td><strong>P\u0101rkl\u0101jums:<\/strong><\/td>\n<td>Ultra Sonic Finish<\/td>\n<\/tr>\n<tr>\n<td><strong>Svars:<\/strong><\/td>\n<td>45 grami (gab.)<\/td>\n<\/tr>\n<\/tbody>\n<\/table>\n<p><strong>&nbsp;<\/strong><\/p>\n<p><strong>&nbsp;<\/strong>N\u016bjas garums ir j\u0101izv\u0113l\u0101s attiec\u012bb\u0101 pret n\u016bjot\u0101ja augumu<\/p>\n<p>&nbsp;<\/p>\n<table border=\"0\" cellspacing=\"0\" cellpadding=\"0\" width=\"150\">\n<tbody>\n<tr>\n<td>\n<p align=\"center\"><strong>n\u016bja cm<\/strong><\/p>\n<\/td>\n<td>\n<p align=\"center\"><strong>n\u016bjot\u0101js cm<\/strong><\/p>\n<\/td>\n<\/tr>\n<tr>\n<td>\n<p align=\"center\">90<\/p>\n<\/td>\n<td>\n<p align=\"center\">128 &#8211; 140<\/p>\n<\/td>\n<\/tr>\n<tr>\n<td>\n<p align=\"center\">95<\/p>\n<\/td>\n<td>\n<p align=\"center\">136 &#8211; 145<\/p>\n<\/td>\n<\/tr>\n<tr>\n<td>\n<p align=\"center\">100<\/p>\n<\/td>\n<td>\n<p align=\"center\">142 &#8211; 152<\/p>\n<\/td>\n<\/tr>\n<tr>\n<td>\n<p align=\"center\">105<\/p>\n<\/td>\n<td>\n<p align=\"center\">150 &#8211; 160<\/p>\n<\/td>\n<\/tr>\n<tr>\n<td>\n<p align=\"center\">110<\/p>\n<\/td>\n<td>\n<p align=\"center\">158 &#8211; 168<\/p>\n<\/td>\n<\/tr>\n<tr>\n<td>\n<p align=\"center\">115<\/p>\n<\/td>\n<td>\n<p align=\"center\">165 &#8211; 175<\/p>\n<\/td>\n<\/tr>\n<tr>\n<td>\n<p align=\"center\">120<\/p>\n<\/td>\n<td>\n<p align=\"center\">173 &#8211; 182<\/p>\n<\/td>\n<\/tr>\n<tr>\n<td>\n<p align=\"center\">125<\/p>\n<\/td>\n<td>\n<p align=\"center\">180 &#8211; 190<\/p>\n<\/td>\n<\/tr>\n<tr>\n<td>\n<p align=\"center\">130<\/p>\n<\/td>\n<td>\n<p align=\"center\">188 &#8211; 198<\/p>\n<\/td>\n<\/tr>\n<tr>\n<td>\n<p align=\"center\">135<\/p>\n<\/td>\n<td>\n<p align=\"center\">196 &#8211; 196<\/p>\n<\/td>\n<\/tr>\n<\/tbody>\n<\/table>\n<p>&nbsp;<\/p>\n<p>&nbsp;<\/p>\n","protected":false},"excerpt":{"rendered":"<p>Vienk\u0101r&scaron;\u0101 pastaigu n\u016bja &#8211; spie\u0137is ar kor\u0137a rokturi. N\u016bj\u0101m ir main\u0101ma Nordic Basket uzga\u013cu grozu sist\u0113ma, kas \u013cauj nomain\u012bt standarta grozi\u0146us pret sniega groziem. Pateicoties Leki SuperLock stiprin\u0101jumam t\u0101 savienojuma vieta iztur vertik\u0101lo slodzi l\u012bdz 140kg. Specifik\u0101cija: Garums: 46 &#8211; 90 cm Rokturis: Soft Lence: Neilona Uzgalis: Karb\u012bda Flextip Diametrs: 18\/16\/14mm Materi\u0101ls: Aluminium HTS 6.0 [&hellip;]<\/p>\n","protected":false},"featured_media":0,"template":"","meta":[],"product_brand":[932],"product_cat":[4587,4602,4746],"product_tag":[],"class_list":{"0":"post-76346","1":"product","2":"type-product","3":"status-publish","5":"product_brand-leki","6":"product_cat-sports","7":"product_cat-summer-sports-sports","8":"product_cat-nordic-walking-summer-sports-sports","10":"first","11":"instock","12":"shipping-taxable","13":"purchasable","14":"product-type-simple"},"_links":{"self":[{"href":"https:\/\/sezona.lv\/en\/wp-json\/wp\/v2\/product\/76346","targetHints":{"allow":["GET"]}}],"collection":[{"href":"https:\/\/sezona.lv\/en\/wp-json\/wp\/v2\/product"}],"about":[{"href":"https:\/\/sezona.lv\/en\/wp-json\/wp\/v2\/types\/product"}],"wp:attachment":[{"href":"https:\/\/sezona.lv\/en\/wp-json\/wp\/v2\/media?parent=76346"}],"wp:term":[{"taxonomy":"product_brand","embeddable":true,"href":"https:\/\/sezona.lv\/en\/wp-json\/wp\/v2\/product_brand?post=76346"},{"taxonomy":"product_cat","embeddable":true,"href":"https:\/\/sezona.lv\/en\/wp-json\/wp\/v2\/product_cat?post=76346"},{"taxonomy":"product_tag","embeddable":true,"href":"https:\/\/sezona.lv\/en\/wp-json\/wp\/v2\/product_tag?post=76346"}],"curies":[{"name":"wp","href":"https:\/\/api.w.org\/{rel}","templated":true}]}}