{"id":76359,"date":"2025-07-14T14:49:54","date_gmt":"2025-07-14T11:49:54","guid":{"rendered":"https:\/\/demo8.ecube.lv\/sezona.lv\/products\/excel-chill-2-5-2-7-yellow\/"},"modified":"2025-07-14T14:49:54","modified_gmt":"2025-07-14T11:49:54","slug":"excel-chill-2-5-2-7-yellow","status":"publish","type":"product","link":"https:\/\/sezona.lv\/en\/products\/excel-chill-2-5-2-7-yellow\/","title":{"rendered":"Excel Chill! 2,5\/2,7 Yellow"},"content":{"rendered":"<p>Ciet\u012bba:<\/p>\n<ul>\n<li>2,5<\/li>\n<li>2,7<\/li>\n<\/ul>\n<p>Garums: 101cm<\/p>\n<p>K\u0101ta tips: Oval<\/p>\n<p>Puse:<\/p>\n<ul>\n<li>Left<\/li>\n<li>Right<\/li>\n<\/ul>\n<p>N\u016bjas garums j\u0101izv\u0113las attiec\u012bb\u0101 pret sp\u0113l\u0113t\u0101ja augumu!<\/p>\n<table border=\"1\" cellspacing=\"0\" cellpadding=\"0\" align=\"left\">\n<tbody>\n<tr>\n<td width=\"152\" valign=\"top\">\n<p>N\u016bjas garums<\/p>\n<\/td>\n<td width=\"158\" valign=\"top\">\n<p>Sp\u0113l\u0113t\u0101ja augums<\/p>\n<\/td>\n<\/tr>\n<tr>\n<td width=\"152\" valign=\"top\">\n<p>L\u012bdz 80 cm<\/p>\n<\/td>\n<td width=\"158\" valign=\"top\">\n<p>130 &#8211;&nbsp; 145 cm<\/p>\n<\/td>\n<\/tr>\n<tr>\n<td width=\"152\" valign=\"top\">\n<p>80-85 cm<\/p>\n<\/td>\n<td width=\"158\" valign=\"top\">\n<p>145 &#8211; 155 cm<\/p>\n<\/td>\n<\/tr>\n<tr>\n<td width=\"152\" valign=\"top\">\n<p>85-90 cm<\/p>\n<\/td>\n<td width=\"158\" valign=\"top\">\n<p>155 &#8211; 165 cm<\/p>\n<\/td>\n<\/tr>\n<tr>\n<td width=\"152\" valign=\"top\">\n<p>90-95 cm<\/p>\n<\/td>\n<td width=\"158\" valign=\"top\">\n<p>165 &#8211; 175 cm<\/p>\n<\/td>\n<\/tr>\n<tr>\n<td width=\"152\" valign=\"top\">\n<p>95 cm un gar\u0101ka<\/p>\n<\/td>\n<td width=\"158\" valign=\"top\">\n<p>175 &#8211; 190 cm<\/p>\n<\/td>\n<\/tr>\n<\/tbody>\n<\/table>\n<p>&nbsp;<\/p>\n<p>&nbsp;<\/p>\n<div>&nbsp;<\/div>\n<p>&nbsp;<\/p>\n<p>&nbsp;<\/p>\n<pre> \r\n<\/pre>\n","protected":false},"excerpt":{"rendered":"<p>Ciet\u012bba: 2,5 2,7 Garums: 101cm K\u0101ta tips: Oval Puse: Left Right N\u016bjas garums j\u0101izv\u0113las attiec\u012bb\u0101 pret sp\u0113l\u0113t\u0101ja augumu! N\u016bjas garums Sp\u0113l\u0113t\u0101ja augums L\u012bdz 80 cm 130 &#8211;&nbsp; 145 cm 80-85 cm 145 &#8211; 155 cm 85-90 cm 155 &#8211; 165 cm 90-95 cm 165 &#8211; 175 cm 95 cm un gar\u0101ka 175 &#8211; 190 cm [&hellip;]<\/p>\n","protected":false},"featured_media":0,"template":"","meta":[],"product_brand":[],"product_cat":[4587,4602,4633,4642],"product_tag":[],"class_list":{"0":"post-76359","1":"product","2":"type-product","3":"status-publish","5":"product_cat-sports","6":"product_cat-summer-sports-sports","7":"product_cat-floorball-summer-sports-sports","8":"product_cat-floorball-sticks-floorball-summer-sports-sports","10":"first","11":"instock","12":"shipping-taxable","13":"purchasable","14":"product-type-simple"},"_links":{"self":[{"href":"https:\/\/sezona.lv\/en\/wp-json\/wp\/v2\/product\/76359","targetHints":{"allow":["GET"]}}],"collection":[{"href":"https:\/\/sezona.lv\/en\/wp-json\/wp\/v2\/product"}],"about":[{"href":"https:\/\/sezona.lv\/en\/wp-json\/wp\/v2\/types\/product"}],"wp:attachment":[{"href":"https:\/\/sezona.lv\/en\/wp-json\/wp\/v2\/media?parent=76359"}],"wp:term":[{"taxonomy":"product_brand","embeddable":true,"href":"https:\/\/sezona.lv\/en\/wp-json\/wp\/v2\/product_brand?post=76359"},{"taxonomy":"product_cat","embeddable":true,"href":"https:\/\/sezona.lv\/en\/wp-json\/wp\/v2\/product_cat?post=76359"},{"taxonomy":"product_tag","embeddable":true,"href":"https:\/\/sezona.lv\/en\/wp-json\/wp\/v2\/product_tag?post=76359"}],"curies":[{"name":"wp","href":"https:\/\/api.w.org\/{rel}","templated":true}]}}