{"id":76370,"date":"2025-07-14T14:50:02","date_gmt":"2025-07-14T11:50:02","guid":{"rendered":"https:\/\/demo8.ecube.lv\/sezona.lv\/products\/excel-x-92-chrome\/"},"modified":"2025-07-14T14:50:02","modified_gmt":"2025-07-14T11:50:02","slug":"excel-x-92-chrome","status":"publish","type":"product","link":"https:\/\/sezona.lv\/en\/products\/excel-x-92-chrome\/","title":{"rendered":"Excel X-92 Chrome"},"content":{"rendered":"<p>Ciet\u012bba: vid\u0113ji m\u012bksta<\/p>\n<p>Puse:<\/p>\n<ul>\n<li>Left<\/li>\n<li>Right<\/li>\n<\/ul>\n","protected":false},"excerpt":{"rendered":"<p>Ciet\u012bba: vid\u0113ji m\u012bksta Puse: Left Right<\/p>\n","protected":false},"featured_media":0,"template":"","meta":[],"product_brand":[],"product_cat":[4587,4602,4633,4642],"product_tag":[],"class_list":{"0":"post-76370","1":"product","2":"type-product","3":"status-publish","5":"product_cat-sports","6":"product_cat-summer-sports-sports","7":"product_cat-floorball-summer-sports-sports","8":"product_cat-floorball-sticks-floorball-summer-sports-sports","10":"first","11":"instock","12":"shipping-taxable","13":"purchasable","14":"product-type-simple"},"_links":{"self":[{"href":"https:\/\/sezona.lv\/en\/wp-json\/wp\/v2\/product\/76370","targetHints":{"allow":["GET"]}}],"collection":[{"href":"https:\/\/sezona.lv\/en\/wp-json\/wp\/v2\/product"}],"about":[{"href":"https:\/\/sezona.lv\/en\/wp-json\/wp\/v2\/types\/product"}],"wp:attachment":[{"href":"https:\/\/sezona.lv\/en\/wp-json\/wp\/v2\/media?parent=76370"}],"wp:term":[{"taxonomy":"product_brand","embeddable":true,"href":"https:\/\/sezona.lv\/en\/wp-json\/wp\/v2\/product_brand?post=76370"},{"taxonomy":"product_cat","embeddable":true,"href":"https:\/\/sezona.lv\/en\/wp-json\/wp\/v2\/product_cat?post=76370"},{"taxonomy":"product_tag","embeddable":true,"href":"https:\/\/sezona.lv\/en\/wp-json\/wp\/v2\/product_tag?post=76370"}],"curies":[{"name":"wp","href":"https:\/\/api.w.org\/{rel}","templated":true}]}}