{"id":76377,"date":"2025-07-14T14:50:11","date_gmt":"2025-07-14T11:50:11","guid":{"rendered":"https:\/\/demo8.ecube.lv\/sezona.lv\/products\/excel-giant-logo-toolbag-yellow\/"},"modified":"2025-07-14T14:50:11","modified_gmt":"2025-07-14T11:50:11","slug":"excel-giant-logo-toolbag-yellow","status":"publish","type":"product","link":"https:\/\/sezona.lv\/en\/products\/excel-giant-logo-toolbag-yellow\/","title":{"rendered":"Excel Giant Logo Toolbag Yellow"},"content":{"rendered":"<p>Viens nodal\u012bjums, viena kabata ar r\u0101v\u0113jsl\u0113dz\u0113ju un 3 atv\u0113rt\u0101s kabatas.<br \/> Izm\u0113rs: 125 x 25 x 19 cm<\/p>\n","protected":false},"excerpt":{"rendered":"<p>Viens nodal\u012bjums, viena kabata ar r\u0101v\u0113jsl\u0113dz\u0113ju un 3 atv\u0113rt\u0101s kabatas. Izm\u0113rs: 125 x 25 x 19 cm<\/p>\n","protected":false},"featured_media":0,"template":"","meta":[],"product_brand":[],"product_cat":[4587,4602,4633,4643],"product_tag":[],"class_list":{"0":"post-76377","1":"product","2":"type-product","3":"status-publish","5":"product_cat-sports","6":"product_cat-summer-sports-sports","7":"product_cat-floorball-summer-sports-sports","8":"product_cat-floorball-accessories-floorball-summer-sports-sports","10":"first","11":"instock","12":"shipping-taxable","13":"purchasable","14":"product-type-simple"},"_links":{"self":[{"href":"https:\/\/sezona.lv\/en\/wp-json\/wp\/v2\/product\/76377","targetHints":{"allow":["GET"]}}],"collection":[{"href":"https:\/\/sezona.lv\/en\/wp-json\/wp\/v2\/product"}],"about":[{"href":"https:\/\/sezona.lv\/en\/wp-json\/wp\/v2\/types\/product"}],"wp:attachment":[{"href":"https:\/\/sezona.lv\/en\/wp-json\/wp\/v2\/media?parent=76377"}],"wp:term":[{"taxonomy":"product_brand","embeddable":true,"href":"https:\/\/sezona.lv\/en\/wp-json\/wp\/v2\/product_brand?post=76377"},{"taxonomy":"product_cat","embeddable":true,"href":"https:\/\/sezona.lv\/en\/wp-json\/wp\/v2\/product_cat?post=76377"},{"taxonomy":"product_tag","embeddable":true,"href":"https:\/\/sezona.lv\/en\/wp-json\/wp\/v2\/product_tag?post=76377"}],"curies":[{"name":"wp","href":"https:\/\/api.w.org\/{rel}","templated":true}]}}