{"id":76385,"date":"2025-07-14T14:50:19","date_gmt":"2025-07-14T11:50:19","guid":{"rendered":"https:\/\/demo8.ecube.lv\/sezona.lv\/products\/speedminton-s-viper-it-rakete\/"},"modified":"2025-07-14T14:50:19","modified_gmt":"2025-07-14T11:50:19","slug":"speedminton-s-viper-it-rakete","status":"publish","type":"product","link":"https:\/\/sezona.lv\/en\/products\/speedminton-s-viper-it-rakete\/","title":{"rendered":"Speedminton S Viper IT rakete"},"content":{"rendered":"<div id=\"tab-description\" class=\"tab-content\">\n<p>Univers\u0101la rakete&nbsp;profesion\u0101\u013ciem.<\/p>\n<p>Ar S Viper IT rakerti sp\u0113l\u0113 ar\u012b v\u0101cu \u010dempions Daniel Gossen.&nbsp;<\/p>\n<p>Oglek\u013ca\/graf\u012bta kompoz\u012btmateri\u0101la r\u0101mis, kombin\u0113ts ar augstas  kvalit\u0101tes T700 un M30 oglek\u013ca elementiem, kas nodro&scaron;ina liel\u0101ku sitiena  sp\u0113ku nesamazinot sitiena precizit\u0101ti. Ide\u0101lais sitiena punkts ir  nedaudz tuv\u0101k raketes galvas da\u013cai.<\/p>\n<p>S Viper IT ir veidota uz Speedminton&reg; S500 raketes dizaina b\u0101zes.  Jaunums: Speedminton&reg; Pro grips nodro&scaron;ina, ka rakete perfekti iegu\u013c j\u016bsu  plaukst\u0101.<\/p>\n<p>Komplekt\u0101 termosoma ar pleca siksnu.<\/p>\n<p><strong>R\u0101d\u012bt\u0101ji:<\/strong><\/p>\n<ul>\n<li> Materi\u0101ls: oglek\u013ca\/graf\u012bta kompoz\u012btmateri\u0101ls ar T700 un M30 oglek\u013ca elementiem<\/li>\n<li> Svars: 133 grami<\/li>\n<li> Garums: 58,5 cm<\/li>\n<li> St\u012bgu saspriegums: 14 x 19 kp<\/li>\n<li> Raketes galvas laukums: 485 cm&sup2;<\/li>\n<\/ul>\n<\/div>\n","protected":false},"excerpt":{"rendered":"<p>Univers\u0101la rakete&nbsp;profesion\u0101\u013ciem. Ar S Viper IT rakerti sp\u0113l\u0113 ar\u012b v\u0101cu \u010dempions Daniel Gossen.&nbsp; Oglek\u013ca\/graf\u012bta kompoz\u012btmateri\u0101la r\u0101mis, kombin\u0113ts ar augstas kvalit\u0101tes T700 un M30 oglek\u013ca elementiem, kas nodro&scaron;ina liel\u0101ku sitiena sp\u0113ku nesamazinot sitiena precizit\u0101ti. Ide\u0101lais sitiena punkts ir nedaudz tuv\u0101k raketes galvas da\u013cai. S Viper IT ir veidota uz Speedminton&reg; S500 raketes dizaina b\u0101zes. Jaunums: Speedminton&reg; [&hellip;]<\/p>\n","protected":false},"featured_media":0,"template":"","meta":[],"product_brand":[913],"product_cat":[4587,4602,4647,4649],"product_tag":[],"class_list":{"0":"post-76385","1":"product","2":"type-product","3":"status-publish","5":"product_brand-speedminton","6":"product_cat-sports","7":"product_cat-summer-sports-sports","8":"product_cat-speedminton-summer-sports-sports","9":"product_cat-rackets-speedminton-summer-sports-sports","11":"first","12":"instock","13":"shipping-taxable","14":"purchasable","15":"product-type-simple"},"_links":{"self":[{"href":"https:\/\/sezona.lv\/en\/wp-json\/wp\/v2\/product\/76385","targetHints":{"allow":["GET"]}}],"collection":[{"href":"https:\/\/sezona.lv\/en\/wp-json\/wp\/v2\/product"}],"about":[{"href":"https:\/\/sezona.lv\/en\/wp-json\/wp\/v2\/types\/product"}],"wp:attachment":[{"href":"https:\/\/sezona.lv\/en\/wp-json\/wp\/v2\/media?parent=76385"}],"wp:term":[{"taxonomy":"product_brand","embeddable":true,"href":"https:\/\/sezona.lv\/en\/wp-json\/wp\/v2\/product_brand?post=76385"},{"taxonomy":"product_cat","embeddable":true,"href":"https:\/\/sezona.lv\/en\/wp-json\/wp\/v2\/product_cat?post=76385"},{"taxonomy":"product_tag","embeddable":true,"href":"https:\/\/sezona.lv\/en\/wp-json\/wp\/v2\/product_tag?post=76385"}],"curies":[{"name":"wp","href":"https:\/\/api.w.org\/{rel}","templated":true}]}}