{"id":76386,"date":"2025-07-11T15:44:31","date_gmt":"2025-07-11T12:44:31","guid":{"rendered":"https:\/\/demo8.ecube.lv\/sezona.lv\/products\/speedminton-s-blade-dx-rakete\/"},"modified":"2025-07-14T14:50:20","modified_gmt":"2025-07-14T11:50:20","slug":"speedminton-s-blade-dx-rakete","status":"publish","type":"product","link":"https:\/\/sezona.lv\/en\/products\/speedminton-s-blade-dx-rakete\/","title":{"rendered":"Speedminton S Blade DX rakete"},"content":{"rendered":"<div id=\"tab-description\" class=\"tab-content\">\n<p>Pasaules \u010dempionu rakete.<\/p>\n<p>Ar S Blade DX raketi sp\u0113l\u0113 sp\u012bdmintona Pasaules un Eiropas \u010dempions Per  Hjalmerson, kur&scaron; bija iesaist\u012bts ar\u012b raketes tap&scaron;anas proces\u0101.<\/p>\n<p>Oglek\u013ca\/kevlara kompoz\u012btmateri\u0101la r\u0101mis, kombin\u0113ts ar augstas  kvalit\u0101tes T700 un M30 oglek\u013ca elementiem, t\u0101dej\u0101di padarot r\u0101mi daudz  stingr\u0101ku. Liel\u0101kam sitiena sp\u0113kam un precizit\u0101tei raket\u0113 tika  iestr\u0101d\u0101ta SBS (Sweet Spot Blade) sist\u0113ma un Kevlara gabali\u0146i.<\/p>\n<p>S Blade DX rakete ir veidota uz Speedminton&reg; S1000 raketes dizaina  b\u0101zes. Jaunums: Speedminton&reg; Pro grips nodro&scaron;ina, ka rakete perfekti  iegu\u013c j\u016bsu plaukst\u0101.<\/p>\n<p>Komplekt\u0101 termosoma ar pleca siksnu.<\/p>\n<p><strong>R\u0101d\u012bt\u0101ji:<\/strong><\/p>\n<ul>\n<li> Materi\u0101ls: oglek\u013ca\/kevlara kompoz\u012btmateri\u0101ls ar T700 un M30 oglek\u013ca elementiem<\/li>\n<li> Svars: 143 grami<\/li>\n<li> Garums: 59,5 cm<\/li>\n<li> St\u012bgu saspriegums: 16 x 19 kp<\/li>\n<li> Raketes galvas laukums: 450 cm&sup2;<\/li>\n<li> \u012apa&scaron;\u0101s funkcijas: Sweet Spot Blade sist\u0113ma<\/li>\n<\/ul>\n<\/div>\n","protected":false},"excerpt":{"rendered":"<p>Pasaules \u010dempionu rakete. Ar S Blade DX raketi sp\u0113l\u0113 sp\u012bdmintona Pasaules un Eiropas \u010dempions Per Hjalmerson, kur&scaron; bija iesaist\u012bts ar\u012b raketes tap&scaron;anas proces\u0101. Oglek\u013ca\/kevlara kompoz\u012btmateri\u0101la r\u0101mis, kombin\u0113ts ar augstas kvalit\u0101tes T700 un M30 oglek\u013ca elementiem, t\u0101dej\u0101di padarot r\u0101mi daudz stingr\u0101ku. Liel\u0101kam sitiena sp\u0113kam un precizit\u0101tei raket\u0113 tika iestr\u0101d\u0101ta SBS (Sweet Spot Blade) sist\u0113ma un Kevlara [&hellip;]<\/p>\n","protected":false},"featured_media":61140,"template":"","meta":[],"product_brand":[913],"product_cat":[4602,4647,4649],"product_tag":[],"class_list":{"0":"post-76386","1":"product","2":"type-product","3":"status-publish","4":"has-post-thumbnail","6":"product_brand-speedminton","7":"product_cat-summer-sports-sports","8":"product_cat-speedminton-summer-sports-sports","9":"product_cat-rackets-speedminton-summer-sports-sports","11":"first","12":"instock","13":"shipping-taxable","14":"purchasable","15":"product-type-simple"},"_links":{"self":[{"href":"https:\/\/sezona.lv\/en\/wp-json\/wp\/v2\/product\/76386","targetHints":{"allow":["GET"]}}],"collection":[{"href":"https:\/\/sezona.lv\/en\/wp-json\/wp\/v2\/product"}],"about":[{"href":"https:\/\/sezona.lv\/en\/wp-json\/wp\/v2\/types\/product"}],"wp:featuredmedia":[{"embeddable":true,"href":"https:\/\/sezona.lv\/en\/wp-json\/wp\/v2\/media\/61140"}],"wp:attachment":[{"href":"https:\/\/sezona.lv\/en\/wp-json\/wp\/v2\/media?parent=76386"}],"wp:term":[{"taxonomy":"product_brand","embeddable":true,"href":"https:\/\/sezona.lv\/en\/wp-json\/wp\/v2\/product_brand?post=76386"},{"taxonomy":"product_cat","embeddable":true,"href":"https:\/\/sezona.lv\/en\/wp-json\/wp\/v2\/product_cat?post=76386"},{"taxonomy":"product_tag","embeddable":true,"href":"https:\/\/sezona.lv\/en\/wp-json\/wp\/v2\/product_tag?post=76386"}],"curies":[{"name":"wp","href":"https:\/\/api.w.org\/{rel}","templated":true}]}}