{"id":76387,"date":"2025-07-11T15:44:33","date_gmt":"2025-07-11T12:44:33","guid":{"rendered":"https:\/\/demo8.ecube.lv\/sezona.lv\/products\/speedminton-s-phantom-sr-rakete\/"},"modified":"2025-07-14T14:50:21","modified_gmt":"2025-07-14T11:50:21","slug":"speedminton-s-phantom-sr-rakete","status":"publish","type":"product","link":"https:\/\/sezona.lv\/en\/products\/speedminton-s-phantom-sr-rakete\/","title":{"rendered":"Speedminton S Phantom SR rakete"},"content":{"rendered":"<div id=\"tab-description\" class=\"tab-content\">\n<p>Profesion\u0101la rakete ar revolucion\u0101ru dizainu.<\/p>\n<p>S Phantom SR rakete ir veidota no oglek\u013ca\/graf\u012bta kompoz\u012btmateri\u0101la un  t\u0101 piesaista ar savu neparasto izskatu un augsto kvalit\u0101ti. R\u0101mis tika  kombin\u0113ts ar augstas kvalit\u0101tes oglek\u013ca T700 un T800 elementiem.<\/p>\n<p>Raketes izometrisk\u0101 galvas da\u013ca ir liel\u0101ka sal\u012bdzin\u0101jum\u0101 ar cit\u0101m  profesion\u0101laj\u0101m raket\u0113m. Tr\u012bsst\u016bra r\u0101mja forma nodro&scaron;ina raketes galvas  da\u013cai liel\u0101ku stabilit\u0101ti pat lielas slodzes gad\u012bjum\u0101.<\/p>\n<p>Liel\u0101ks Sweet Spot zonas laukums nodro&scaron;ina liel\u0101ku sitiena sp\u0113ku un  sp\u012bdera kontroli, saglab\u0101jot sitiena precizit\u0101ti visaugst\u0101kaj\u0101 l\u012bmen\u012b.<\/p>\n<p>Komplekt\u0101 termosoma ar pleca siksnu.<\/p>\n<p><strong>R\u0101d\u012bt\u0101ji:<\/strong><\/p>\n<ul>\n<li> Materi\u0101ls: oglek\u013ca\/graf\u012bta kompoz\u012btmateri\u0101ls ar oglek\u013ca T700 un T800 elementiem<\/li>\n<li> Svars: 138 grami<\/li>\n<li> Garums: 59,5 cm<\/li>\n<li> St\u012bgu saspriegums: 18 x 20 kp<\/li>\n<li> Raketes galvas laukums: 510 cm&sup2;<\/li>\n<li> \u012apa&scaron;\u0101s funkcijas: Izometriska raketes galvas forma<\/li>\n<\/ul>\n<\/div>\n","protected":false},"excerpt":{"rendered":"<p>Profesion\u0101la rakete ar revolucion\u0101ru dizainu. S Phantom SR rakete ir veidota no oglek\u013ca\/graf\u012bta kompoz\u012btmateri\u0101la un t\u0101 piesaista ar savu neparasto izskatu un augsto kvalit\u0101ti. R\u0101mis tika kombin\u0113ts ar augstas kvalit\u0101tes oglek\u013ca T700 un T800 elementiem. Raketes izometrisk\u0101 galvas da\u013ca ir liel\u0101ka sal\u012bdzin\u0101jum\u0101 ar cit\u0101m profesion\u0101laj\u0101m raket\u0113m. Tr\u012bsst\u016bra r\u0101mja forma nodro&scaron;ina raketes galvas da\u013cai liel\u0101ku stabilit\u0101ti [&hellip;]<\/p>\n","protected":false},"featured_media":61149,"template":"","meta":[],"product_brand":[913],"product_cat":[4602,4647,4649],"product_tag":[],"class_list":{"0":"post-76387","1":"product","2":"type-product","3":"status-publish","4":"has-post-thumbnail","6":"product_brand-speedminton","7":"product_cat-summer-sports-sports","8":"product_cat-speedminton-summer-sports-sports","9":"product_cat-rackets-speedminton-summer-sports-sports","11":"first","12":"instock","13":"shipping-taxable","14":"purchasable","15":"product-type-simple"},"_links":{"self":[{"href":"https:\/\/sezona.lv\/en\/wp-json\/wp\/v2\/product\/76387","targetHints":{"allow":["GET"]}}],"collection":[{"href":"https:\/\/sezona.lv\/en\/wp-json\/wp\/v2\/product"}],"about":[{"href":"https:\/\/sezona.lv\/en\/wp-json\/wp\/v2\/types\/product"}],"wp:featuredmedia":[{"embeddable":true,"href":"https:\/\/sezona.lv\/en\/wp-json\/wp\/v2\/media\/61149"}],"wp:attachment":[{"href":"https:\/\/sezona.lv\/en\/wp-json\/wp\/v2\/media?parent=76387"}],"wp:term":[{"taxonomy":"product_brand","embeddable":true,"href":"https:\/\/sezona.lv\/en\/wp-json\/wp\/v2\/product_brand?post=76387"},{"taxonomy":"product_cat","embeddable":true,"href":"https:\/\/sezona.lv\/en\/wp-json\/wp\/v2\/product_cat?post=76387"},{"taxonomy":"product_tag","embeddable":true,"href":"https:\/\/sezona.lv\/en\/wp-json\/wp\/v2\/product_tag?post=76387"}],"curies":[{"name":"wp","href":"https:\/\/api.w.org\/{rel}","templated":true}]}}