{"id":76388,"date":"2025-07-14T14:50:22","date_gmt":"2025-07-14T11:50:22","guid":{"rendered":"https:\/\/demo8.ecube.lv\/sezona.lv\/products\/cross-speeder-komplekts\/"},"modified":"2025-07-14T14:50:22","modified_gmt":"2025-07-14T11:50:22","slug":"cross-speeder-komplekts","status":"publish","type":"product","link":"https:\/\/sezona.lv\/en\/products\/cross-speeder-komplekts\/","title":{"rendered":"CROSS Speeder\u00ae komplekts"},"content":{"rendered":"<div id=\"tab-description\" class=\"tab-content\">\n<div>Apvidus (Cross) sp\u012bders ir smag\u0101kais no sp\u012bderiem, t\u0101 svars (9,2g)  padara to stabil\u0101ku v\u0113j\u0101. Pateicoties t\u0101 izcilaj\u0101m \u0101truma \u012bpa&scaron;\u012bb\u0101m, tas  ir \u012bpa&scaron;i iecien\u012bts ambiciozu sp\u0113l\u0113t\u0101ju vid\u016b.<\/div>\n<div>&nbsp;<\/div>\n<div><strong>Komplekt\u0101 ietilpst:<\/strong><\/div>\n<ul>\n<li> 5&nbsp;Cross sp\u012bderi<\/li>\n<li> 1 v\u0113ja gredzens<\/li>\n<\/ul>\n<\/div>\n","protected":false},"excerpt":{"rendered":"<p>Apvidus (Cross) sp\u012bders ir smag\u0101kais no sp\u012bderiem, t\u0101 svars (9,2g) padara to stabil\u0101ku v\u0113j\u0101. Pateicoties t\u0101 izcilaj\u0101m \u0101truma \u012bpa&scaron;\u012bb\u0101m, tas ir \u012bpa&scaron;i iecien\u012bts ambiciozu sp\u0113l\u0113t\u0101ju vid\u016b. &nbsp; Komplekt\u0101 ietilpst: 5&nbsp;Cross sp\u012bderi 1 v\u0113ja gredzens<\/p>\n","protected":false},"featured_media":0,"template":"","meta":[],"product_brand":[913],"product_cat":[4602,4647,4650],"product_tag":[],"class_list":{"0":"post-76388","1":"product","2":"type-product","3":"status-publish","5":"product_brand-speedminton","6":"product_cat-summer-sports-sports","7":"product_cat-speedminton-summer-sports-sports","8":"product_cat-speeders-speedminton-summer-sports-sports","10":"first","11":"instock","12":"shipping-taxable","13":"purchasable","14":"product-type-simple"},"_links":{"self":[{"href":"https:\/\/sezona.lv\/en\/wp-json\/wp\/v2\/product\/76388","targetHints":{"allow":["GET"]}}],"collection":[{"href":"https:\/\/sezona.lv\/en\/wp-json\/wp\/v2\/product"}],"about":[{"href":"https:\/\/sezona.lv\/en\/wp-json\/wp\/v2\/types\/product"}],"wp:attachment":[{"href":"https:\/\/sezona.lv\/en\/wp-json\/wp\/v2\/media?parent=76388"}],"wp:term":[{"taxonomy":"product_brand","embeddable":true,"href":"https:\/\/sezona.lv\/en\/wp-json\/wp\/v2\/product_brand?post=76388"},{"taxonomy":"product_cat","embeddable":true,"href":"https:\/\/sezona.lv\/en\/wp-json\/wp\/v2\/product_cat?post=76388"},{"taxonomy":"product_tag","embeddable":true,"href":"https:\/\/sezona.lv\/en\/wp-json\/wp\/v2\/product_tag?post=76388"}],"curies":[{"name":"wp","href":"https:\/\/api.w.org\/{rel}","templated":true}]}}