{"id":76389,"date":"2025-07-11T15:44:35","date_gmt":"2025-07-11T12:44:35","guid":{"rendered":"https:\/\/demo8.ecube.lv\/sezona.lv\/products\/lielais-fun-speeder-komplekts\/"},"modified":"2025-07-14T14:50:22","modified_gmt":"2025-07-14T11:50:22","slug":"lielais-fun-speeder-komplekts","status":"publish","type":"product","link":"https:\/\/sezona.lv\/en\/products\/lielais-fun-speeder-komplekts\/","title":{"rendered":"Lielais FUN Speeder\u00ae komplekts"},"content":{"rendered":"<div id=\"productinfo_desc\">Liel\u0101 izklaides (Fun) sp\u012bderu paka.<\/div>\n<div>&nbsp;<\/div>\n<div><strong>Komplekt\u0101 ietilpst:<\/strong><\/div>\n<ul>\n<li> 20 Fun sp\u012bderi<\/li>\n<\/ul>\n","protected":false},"excerpt":{"rendered":"<p>Liel\u0101 izklaides (Fun) sp\u012bderu paka. &nbsp; Komplekt\u0101 ietilpst: 20 Fun sp\u012bderi<\/p>\n","protected":false},"featured_media":61158,"template":"","meta":[],"product_brand":[913],"product_cat":[4602,4647,4650],"product_tag":[],"class_list":{"0":"post-76389","1":"product","2":"type-product","3":"status-publish","4":"has-post-thumbnail","6":"product_brand-speedminton","7":"product_cat-summer-sports-sports","8":"product_cat-speedminton-summer-sports-sports","9":"product_cat-speeders-speedminton-summer-sports-sports","11":"first","12":"instock","13":"shipping-taxable","14":"purchasable","15":"product-type-simple"},"_links":{"self":[{"href":"https:\/\/sezona.lv\/en\/wp-json\/wp\/v2\/product\/76389","targetHints":{"allow":["GET"]}}],"collection":[{"href":"https:\/\/sezona.lv\/en\/wp-json\/wp\/v2\/product"}],"about":[{"href":"https:\/\/sezona.lv\/en\/wp-json\/wp\/v2\/types\/product"}],"wp:featuredmedia":[{"embeddable":true,"href":"https:\/\/sezona.lv\/en\/wp-json\/wp\/v2\/media\/61158"}],"wp:attachment":[{"href":"https:\/\/sezona.lv\/en\/wp-json\/wp\/v2\/media?parent=76389"}],"wp:term":[{"taxonomy":"product_brand","embeddable":true,"href":"https:\/\/sezona.lv\/en\/wp-json\/wp\/v2\/product_brand?post=76389"},{"taxonomy":"product_cat","embeddable":true,"href":"https:\/\/sezona.lv\/en\/wp-json\/wp\/v2\/product_cat?post=76389"},{"taxonomy":"product_tag","embeddable":true,"href":"https:\/\/sezona.lv\/en\/wp-json\/wp\/v2\/product_tag?post=76389"}],"curies":[{"name":"wp","href":"https:\/\/api.w.org\/{rel}","templated":true}]}}