{"id":76390,"date":"2025-07-11T15:44:36","date_gmt":"2025-07-11T12:44:36","guid":{"rendered":"https:\/\/demo8.ecube.lv\/sezona.lv\/products\/lielais-match-speeder-komplekts\/"},"modified":"2025-07-14T14:50:23","modified_gmt":"2025-07-14T11:50:23","slug":"lielais-match-speeder-komplekts","status":"publish","type":"product","link":"https:\/\/sezona.lv\/en\/products\/lielais-match-speeder-komplekts\/","title":{"rendered":"Lielais MATCH Speeder\u00ae komplekts"},"content":{"rendered":"<div id=\"tab-description\" class=\"tab-content\">\n<div id=\"productinfo_desc\">Liel\u0101 sacens\u012bbu (Match) sp\u012bderu paka.<\/div>\n<div>&nbsp;<\/div>\n<div><strong>Komplekt\u0101 ietilpst:<\/strong><\/div>\n<ul>\n<li> 20 Fun sp\u012bderi<\/li>\n<\/ul>\n<\/div>\n","protected":false},"excerpt":{"rendered":"<p>Liel\u0101 sacens\u012bbu (Match) sp\u012bderu paka. &nbsp; Komplekt\u0101 ietilpst: 20 Fun sp\u012bderi<\/p>\n","protected":false},"featured_media":61161,"template":"","meta":[],"product_brand":[913],"product_cat":[4602,4647,4650],"product_tag":[],"class_list":{"0":"post-76390","1":"product","2":"type-product","3":"status-publish","4":"has-post-thumbnail","6":"product_brand-speedminton","7":"product_cat-summer-sports-sports","8":"product_cat-speedminton-summer-sports-sports","9":"product_cat-speeders-speedminton-summer-sports-sports","11":"first","12":"instock","13":"shipping-taxable","14":"purchasable","15":"product-type-simple"},"_links":{"self":[{"href":"https:\/\/sezona.lv\/en\/wp-json\/wp\/v2\/product\/76390","targetHints":{"allow":["GET"]}}],"collection":[{"href":"https:\/\/sezona.lv\/en\/wp-json\/wp\/v2\/product"}],"about":[{"href":"https:\/\/sezona.lv\/en\/wp-json\/wp\/v2\/types\/product"}],"wp:featuredmedia":[{"embeddable":true,"href":"https:\/\/sezona.lv\/en\/wp-json\/wp\/v2\/media\/61161"}],"wp:attachment":[{"href":"https:\/\/sezona.lv\/en\/wp-json\/wp\/v2\/media?parent=76390"}],"wp:term":[{"taxonomy":"product_brand","embeddable":true,"href":"https:\/\/sezona.lv\/en\/wp-json\/wp\/v2\/product_brand?post=76390"},{"taxonomy":"product_cat","embeddable":true,"href":"https:\/\/sezona.lv\/en\/wp-json\/wp\/v2\/product_cat?post=76390"},{"taxonomy":"product_tag","embeddable":true,"href":"https:\/\/sezona.lv\/en\/wp-json\/wp\/v2\/product_tag?post=76390"}],"curies":[{"name":"wp","href":"https:\/\/api.w.org\/{rel}","templated":true}]}}