{"id":76391,"date":"2025-07-14T14:50:24","date_gmt":"2025-07-14T11:50:24","guid":{"rendered":"https:\/\/demo8.ecube.lv\/sezona.lv\/products\/speedminton-s600-komplekts\/"},"modified":"2025-07-14T14:50:24","modified_gmt":"2025-07-14T11:50:24","slug":"speedminton-s600-komplekts","status":"publish","type":"product","link":"https:\/\/sezona.lv\/en\/products\/speedminton-s600-komplekts\/","title":{"rendered":"Speedminton\u00ae S600 komplekts"},"content":{"rendered":"<div id=\"tab-description\" class=\"tab-content\">\n<div id=\"tab-description\" class=\"tab-content\">\n<div><strong>Komplekts ies\u0101c\u0113jiem, lai g\u016btu pirmos iespaidus krosminton\u0101 (iepriek&scaron; saukts par sp\u012bdmintonu).<\/strong><\/div>\n<div>&nbsp;<\/div>\n<div>Komplekt\u0101 iek\u013cauts augstas kvalit\u0101tes pamat apr\u012bkojums, kas jums dod  iesp\u0113ju sp\u0113l\u0113t br\u012bv\u0101 stil\u0101, pludmal\u0113, park\u0101 vai uz ielas &ndash; jebkur\u0101 viet\u0101  un laik\u0101!<\/div>\n<div>Komplekt\u0101 iek\u013cautas divas alum\u012bnija raketes, kas jums noteikti patiks  to pievilc\u012bg\u0101 dizaina un \u0113rtuma d\u0113\u013c. Lielisks komplekts ies\u0101c\u0113jiem, kur  iek\u013cautais FUN Speeder&reg; \u013cauj viegli uzs\u0101kt sp\u0113li un priec\u0101ties par to  jau no pa&scaron;a s\u0101kuma. Vai jau izdodas arvien lab\u0101k un lab\u0101k? Tad  izm\u0113\u0123iniet MATCH Speeder&reg;, kas tiek izmantots ofici\u0101l\u0101s krosmintona  sacens\u012bb\u0101s un tas \u013caus jums piedal\u012bties \u0101tr\u0101s izsp\u0113l\u0113s. Sp\u0113l\u0113jiet l\u012bdz  saule noriet &#8211; un pat v\u0113l ilg\u0101k, NIGHT Speeder&reg; ar speci\u0101lo nakts  sp\u012bdekli \u013cauj jums sp\u0113l\u0113t pat v\u0113lu nakt\u012b.<\/div>\n<div>&nbsp;<\/div>\n<div><em>Speedminton&reg; S600 komplekts ir S65 komplekta uzlabot\u0101 versija.<\/em><\/div>\n<div>&nbsp;<\/div>\n<div><strong>Komplekt\u0101 ietilpst:<\/strong><\/div>\n<ul>\n<li> 2 S600 raketes no alum\u012bnija<\/li>\n<li> 3 sp\u012bderi (1 Fun \/ 1 Match \/ 1 Night Speeder&reg;)<\/li>\n<li> 1 v\u0113ja gredzens<\/li>\n<li> 2 nakts sp\u012bdek\u013ci (paredz\u0113ti sp\u0113lei tums\u0101, sp\u012bd ~3h)<\/li>\n<li> 1 rake&scaron;u soma ar pleca lentu<\/li>\n<li> 1 sp\u0113les instrukcija<\/li>\n<\/ul>\n<\/div>\n<\/div>\n","protected":false},"excerpt":{"rendered":"<p>Komplekts ies\u0101c\u0113jiem, lai g\u016btu pirmos iespaidus krosminton\u0101 (iepriek&scaron; saukts par sp\u012bdmintonu). &nbsp; Komplekt\u0101 iek\u013cauts augstas kvalit\u0101tes pamat apr\u012bkojums, kas jums dod iesp\u0113ju sp\u0113l\u0113t br\u012bv\u0101 stil\u0101, pludmal\u0113, park\u0101 vai uz ielas &ndash; jebkur\u0101 viet\u0101 un laik\u0101! Komplekt\u0101 iek\u013cautas divas alum\u012bnija raketes, kas jums noteikti patiks to pievilc\u012bg\u0101 dizaina un \u0113rtuma d\u0113\u013c. Lielisks komplekts ies\u0101c\u0113jiem, kur iek\u013cautais [&hellip;]<\/p>\n","protected":false},"featured_media":0,"template":"","meta":[],"product_brand":[913],"product_cat":[4587,4602,4647,4648],"product_tag":[],"class_list":{"0":"post-76391","1":"product","2":"type-product","3":"status-publish","5":"product_brand-speedminton","6":"product_cat-sports","7":"product_cat-summer-sports-sports","8":"product_cat-speedminton-summer-sports-sports","9":"product_cat-sets-en-dupcheck-430-speedminton-summer-sports-sports","11":"first","12":"instock","13":"shipping-taxable","14":"purchasable","15":"product-type-simple"},"_links":{"self":[{"href":"https:\/\/sezona.lv\/en\/wp-json\/wp\/v2\/product\/76391","targetHints":{"allow":["GET"]}}],"collection":[{"href":"https:\/\/sezona.lv\/en\/wp-json\/wp\/v2\/product"}],"about":[{"href":"https:\/\/sezona.lv\/en\/wp-json\/wp\/v2\/types\/product"}],"wp:attachment":[{"href":"https:\/\/sezona.lv\/en\/wp-json\/wp\/v2\/media?parent=76391"}],"wp:term":[{"taxonomy":"product_brand","embeddable":true,"href":"https:\/\/sezona.lv\/en\/wp-json\/wp\/v2\/product_brand?post=76391"},{"taxonomy":"product_cat","embeddable":true,"href":"https:\/\/sezona.lv\/en\/wp-json\/wp\/v2\/product_cat?post=76391"},{"taxonomy":"product_tag","embeddable":true,"href":"https:\/\/sezona.lv\/en\/wp-json\/wp\/v2\/product_tag?post=76391"}],"curies":[{"name":"wp","href":"https:\/\/api.w.org\/{rel}","templated":true}]}}