{"id":76394,"date":"2025-07-11T15:44:40","date_gmt":"2025-07-11T12:44:40","guid":{"rendered":"https:\/\/demo8.ecube.lv\/sezona.lv\/products\/speedminton-overgrips-melns\/"},"modified":"2025-07-14T14:50:27","modified_gmt":"2025-07-14T11:50:27","slug":"speedminton-overgrips-melns","status":"publish","type":"product","link":"https:\/\/sezona.lv\/en\/products\/speedminton-overgrips-melns\/","title":{"rendered":"Speedminton overgrips, melns"},"content":{"rendered":"<div id=\"tab-description\" class=\"tab-content\">\n<div>Speedminton<span style=\"font-family: verdana, sans-serif;color: black;font-size: 8pt\"><sup><span style=\"font-size: 10px\">&reg;<\/span><\/sup><\/span> overgrips ir izgatavots no \u012bpa&scaron;i pl\u0101na un staip\u012bga filca materi\u0101la. Tas  nodro&scaron;ina lielisku&nbsp;raketes satv\u0113rienu un samazina mitrumu.<\/p>\n<p> <strong>Komplekt\u0101 ietilpst:<\/strong><\/div>\n<ul>\n<li> 3 overgripi<\/li>\n<\/ul>\n<\/div>\n","protected":false},"excerpt":{"rendered":"<p>Speedminton&reg; overgrips ir izgatavots no \u012bpa&scaron;i pl\u0101na un staip\u012bga filca materi\u0101la. Tas nodro&scaron;ina lielisku&nbsp;raketes satv\u0113rienu un samazina mitrumu. Komplekt\u0101 ietilpst: 3 overgripi<\/p>\n","protected":false},"featured_media":61176,"template":"","meta":[],"product_brand":[913],"product_cat":[4602,4647,4651],"product_tag":[],"class_list":{"0":"post-76394","1":"product","2":"type-product","3":"status-publish","4":"has-post-thumbnail","6":"product_brand-speedminton","7":"product_cat-summer-sports-sports","8":"product_cat-speedminton-summer-sports-sports","9":"product_cat-accessories-speedminton-summer-sports-sports","11":"first","12":"instock","13":"shipping-taxable","14":"purchasable","15":"product-type-simple"},"_links":{"self":[{"href":"https:\/\/sezona.lv\/en\/wp-json\/wp\/v2\/product\/76394","targetHints":{"allow":["GET"]}}],"collection":[{"href":"https:\/\/sezona.lv\/en\/wp-json\/wp\/v2\/product"}],"about":[{"href":"https:\/\/sezona.lv\/en\/wp-json\/wp\/v2\/types\/product"}],"wp:featuredmedia":[{"embeddable":true,"href":"https:\/\/sezona.lv\/en\/wp-json\/wp\/v2\/media\/61176"}],"wp:attachment":[{"href":"https:\/\/sezona.lv\/en\/wp-json\/wp\/v2\/media?parent=76394"}],"wp:term":[{"taxonomy":"product_brand","embeddable":true,"href":"https:\/\/sezona.lv\/en\/wp-json\/wp\/v2\/product_brand?post=76394"},{"taxonomy":"product_cat","embeddable":true,"href":"https:\/\/sezona.lv\/en\/wp-json\/wp\/v2\/product_cat?post=76394"},{"taxonomy":"product_tag","embeddable":true,"href":"https:\/\/sezona.lv\/en\/wp-json\/wp\/v2\/product_tag?post=76394"}],"curies":[{"name":"wp","href":"https:\/\/api.w.org\/{rel}","templated":true}]}}