{"id":76396,"date":"2025-07-11T15:44:41","date_gmt":"2025-07-11T12:44:41","guid":{"rendered":"https:\/\/demo8.ecube.lv\/sezona.lv\/products\/sigma-pulsometrs-pc-22-13-sieviesu\/"},"modified":"2025-07-14T14:50:28","modified_gmt":"2025-07-14T11:50:28","slug":"sigma-pulsometrs-pc-22-13-sieviesu","status":"publish","type":"product","link":"https:\/\/sezona.lv\/en\/products\/sigma-pulsometrs-pc-22-13-sieviesu\/","title":{"rendered":"SIGMA pulsometrs PC 22.13 sievie\u0161u"},"content":{"rendered":"<p>Ide\u0101ls sirds ritma monitors apm\u0101c\u012bbu stadij\u0101!<\/p>\n<p>M\u0101c\u012bbu laik\u0101, j\u016bs   varat redz\u0113t pa&scaron;reiz\u0113jo pulsu un kop\u0113jo kaloriju pat\u0113ri\u0146u. Pulsometra   darb\u012bba ir \u013coti vienk\u0101r&scaron;a,<\/p>\n<p>izmantojot tikai divas pogas. Speci\u0101li   izstr\u0101d\u0101ti da\u017e\u0101di mode\u013ci sieviet\u0113m un v\u012brie&scaron;iem.<\/p>\n<p>Pieejams pel\u0113k\u0101 un roz\u0101 kr\u0101s\u0101.<\/p>\n<p>&nbsp;<\/p>\n<p>Digit\u0101li kod\u0113ta bezvadu datu p\u0101rraide;<\/p>\n<p>Viegli las\u0101ms displejs ar lieliem skait\u013ciem un piktogramm\u0101m;<\/p>\n<p>Automatiz\u0113t\u0101 funkcija, lai apr\u0113\u0137in\u0101tu m\u0113r\u0137a zonu;<\/p>\n<p>Viena regul\u0113jama m\u0113r\u0137a zona ;<\/p>\n<p>Kaloriju skait\u012bt\u0101js;<\/p>\n<p>Displeja apgaismojums;<\/p>\n<p>Pogu blo\u0137\u0113&scaron;ana;<\/p>\n<p>ECG;<\/p>\n<p>\u016adensnecaurlaid\u012bgs<\/p>\n","protected":false},"excerpt":{"rendered":"<p>Ide\u0101ls sirds ritma monitors apm\u0101c\u012bbu stadij\u0101! M\u0101c\u012bbu laik\u0101, j\u016bs varat redz\u0113t pa&scaron;reiz\u0113jo pulsu un kop\u0113jo kaloriju pat\u0113ri\u0146u. Pulsometra darb\u012bba ir \u013coti vienk\u0101r&scaron;a, izmantojot tikai divas pogas. Speci\u0101li izstr\u0101d\u0101ti da\u017e\u0101di mode\u013ci sieviet\u0113m un v\u012brie&scaron;iem. Pieejams pel\u0113k\u0101 un roz\u0101 kr\u0101s\u0101. &nbsp; Digit\u0101li kod\u0113ta bezvadu datu p\u0101rraide; Viegli las\u0101ms displejs ar lieliem skait\u013ciem un piktogramm\u0101m; Automatiz\u0113t\u0101 funkcija, lai [&hellip;]<\/p>\n","protected":false},"featured_media":0,"template":"","meta":[],"product_brand":[],"product_cat":[4622,4762,4782],"product_tag":[],"class_list":{"0":"post-76396","1":"product","2":"type-product","3":"status-publish","5":"product_cat-watches-heart-rate-monitors-navigation-watches-radios","6":"product_cat-sigma-2-watches-heart-rate-monitors-navigation-watches-radios","7":"product_cat-navigation-watches-radios-recreation","9":"first","10":"instock","11":"shipping-taxable","12":"purchasable","13":"product-type-simple"},"_links":{"self":[{"href":"https:\/\/sezona.lv\/en\/wp-json\/wp\/v2\/product\/76396","targetHints":{"allow":["GET"]}}],"collection":[{"href":"https:\/\/sezona.lv\/en\/wp-json\/wp\/v2\/product"}],"about":[{"href":"https:\/\/sezona.lv\/en\/wp-json\/wp\/v2\/types\/product"}],"wp:attachment":[{"href":"https:\/\/sezona.lv\/en\/wp-json\/wp\/v2\/media?parent=76396"}],"wp:term":[{"taxonomy":"product_brand","embeddable":true,"href":"https:\/\/sezona.lv\/en\/wp-json\/wp\/v2\/product_brand?post=76396"},{"taxonomy":"product_cat","embeddable":true,"href":"https:\/\/sezona.lv\/en\/wp-json\/wp\/v2\/product_cat?post=76396"},{"taxonomy":"product_tag","embeddable":true,"href":"https:\/\/sezona.lv\/en\/wp-json\/wp\/v2\/product_tag?post=76396"}],"curies":[{"name":"wp","href":"https:\/\/api.w.org\/{rel}","templated":true}]}}