{"id":76401,"date":"2025-07-11T15:44:46","date_gmt":"2025-07-11T12:44:46","guid":{"rendered":"https:\/\/demo8.ecube.lv\/sezona.lv\/products\/saldejamais-elements-1000g\/"},"modified":"2025-07-14T14:50:33","modified_gmt":"2025-07-14T11:50:33","slug":"saldejamais-elements-1000g","status":"publish","type":"product","link":"https:\/\/sezona.lv\/en\/products\/saldejamais-elements-1000g\/","title":{"rendered":"Sald\u0113jamais elements 1000g"},"content":{"rendered":"<p>Sald\u0113jamais elements 1000g<\/p>\n<p>Paredz\u0113ts lieto&scaron;anai aukstuma kast\u0113s.<\/p>\n<p>Tilpums: 1000g<\/p>\n<p>Kr\u0101sa: Zils<\/p>\n","protected":false},"excerpt":{"rendered":"<p>Sald\u0113jamais elements 1000g Paredz\u0113ts lieto&scaron;anai aukstuma kast\u0113s. Tilpums: 1000g Kr\u0101sa: Zils<\/p>\n","protected":false},"featured_media":61196,"template":"","meta":[],"product_brand":[],"product_cat":[4558,4571,4766],"product_tag":[],"class_list":{"0":"post-76401","1":"product","2":"type-product","3":"status-publish","4":"has-post-thumbnail","6":"product_cat-for-tourism-recreation","7":"product_cat-dishes-knives-folding-tables-for-tourism-recreation","8":"product_cat-cold-boxes-dishes-knives-folding-tables-for-tourism-recreation","10":"first","11":"instock","12":"shipping-taxable","13":"purchasable","14":"product-type-simple"},"_links":{"self":[{"href":"https:\/\/sezona.lv\/en\/wp-json\/wp\/v2\/product\/76401","targetHints":{"allow":["GET"]}}],"collection":[{"href":"https:\/\/sezona.lv\/en\/wp-json\/wp\/v2\/product"}],"about":[{"href":"https:\/\/sezona.lv\/en\/wp-json\/wp\/v2\/types\/product"}],"wp:featuredmedia":[{"embeddable":true,"href":"https:\/\/sezona.lv\/en\/wp-json\/wp\/v2\/media\/61196"}],"wp:attachment":[{"href":"https:\/\/sezona.lv\/en\/wp-json\/wp\/v2\/media?parent=76401"}],"wp:term":[{"taxonomy":"product_brand","embeddable":true,"href":"https:\/\/sezona.lv\/en\/wp-json\/wp\/v2\/product_brand?post=76401"},{"taxonomy":"product_cat","embeddable":true,"href":"https:\/\/sezona.lv\/en\/wp-json\/wp\/v2\/product_cat?post=76401"},{"taxonomy":"product_tag","embeddable":true,"href":"https:\/\/sezona.lv\/en\/wp-json\/wp\/v2\/product_tag?post=76401"}],"curies":[{"name":"wp","href":"https:\/\/api.w.org\/{rel}","templated":true}]}}