{"id":76403,"date":"2025-07-11T15:44:49","date_gmt":"2025-07-11T12:44:49","guid":{"rendered":"https:\/\/demo8.ecube.lv\/sezona.lv\/products\/trimm-comet-olive-telts\/"},"modified":"2025-07-14T14:50:37","modified_gmt":"2025-07-14T11:50:37","slug":"trimm-comet-olive-telts","status":"publish","type":"product","link":"https:\/\/sezona.lv\/en\/products\/trimm-comet-olive-telts\/","title":{"rendered":"Trimm COMET olive telts"},"content":{"rendered":"<p>Comet ir telts, kas piem\u0113rota diviem l\u012bdz tr\u012bs cilv\u0113kiem. Tai ir  durawrap stikla &scaron;\u0137iedras strukt\u016bra un telts ir \u012bpa&scaron;i gara maksim\u0101lam  komfortam. Pla&scaron;\u0101 priek&scaron;telpa \u013caus \u0113rti novietot p\u0101rg\u0101jienu mugursomas.  Telts galven\u0101s priek&scaron;roc\u012bbas ir zemais svars un \u0101tr\u0101 uzslie&scaron;ana.<\/p>\n<p>S\u012aK\u0100KA INFORM\u0100CIJA<\/p>\n<div id=\"more_info_sheets\" class=\"sheets align_justify\">\n<ul id=\"idTab2\" class=\"bullet\">\n<li><span>Augstums:<\/span> 110cm<\/li>\n<li><span>Gr\u012bdas izm\u0113ri:<\/span> 150cm x 220cm<\/li>\n<li><span>Gr\u012bdas materi\u0101ls:<\/span> Layered waterproof polyethylen<\/li>\n<li><span>Ieeju skaits:<\/span> 1<\/li>\n<li><span>Iek&scaron;\u0113j\u0101s telts materi\u0101ls:<\/span> permeable WR 100 % PES<\/li>\n<li><span>Iepakojuma izm\u0113rs:<\/span> 15 x 15 x 48 cm<\/li>\n<li><span>Izm\u0113rs:<\/span> (220 + 90) x 150 \/ 110<\/li>\n<li><span>Mieti\u0146u diametrs:<\/span> 8,5mm<\/li>\n<li><span>Mieti\u0146u materi\u0101ls:<\/span> Durawrap, 8,5 mm<\/li>\n<li><span>Ra\u017eot\u0101js:<\/span> TRIMM<\/li>\n<li><span>Svars:<\/span> 3,10kg<\/li>\n<li><span>Telts virspuses \u016bdens notur\u012bba:<\/span> 3000mm<\/li>\n<li><span>Vietu skaits:<\/span> 2 &#8211; 3<\/li>\n<li><span>Virspuses telts materi\u0101ls:<\/span> 100 % polyester, 3000 mm H2O<\/li>\n<\/ul>\n<\/div>\n","protected":false},"excerpt":{"rendered":"<p>Comet ir telts, kas piem\u0113rota diviem l\u012bdz tr\u012bs cilv\u0113kiem. Tai ir durawrap stikla &scaron;\u0137iedras strukt\u016bra un telts ir \u012bpa&scaron;i gara maksim\u0101lam komfortam. Pla&scaron;\u0101 priek&scaron;telpa \u013caus \u0113rti novietot p\u0101rg\u0101jienu mugursomas. Telts galven\u0101s priek&scaron;roc\u012bbas ir zemais svars un \u0101tr\u0101 uzslie&scaron;ana. S\u012aK\u0100KA INFORM\u0100CIJA Augstums: 110cm Gr\u012bdas izm\u0113ri: 150cm x 220cm Gr\u012bdas materi\u0101ls: Layered waterproof polyethylen Ieeju skaits: 1 [&hellip;]<\/p>\n","protected":false},"featured_media":61202,"template":"","meta":[],"product_brand":[953],"product_cat":[4558,4568,4960],"product_tag":[],"class_list":{"0":"post-76403","1":"product","2":"type-product","3":"status-publish","4":"has-post-thumbnail","6":"product_brand-trimm","7":"product_cat-for-tourism-recreation","8":"product_cat-tents-for-tourism-recreation","9":"product_cat-trimm-tents-tents-for-tourism-recreation","11":"first","12":"instock","13":"shipping-taxable","14":"purchasable","15":"product-type-simple"},"_links":{"self":[{"href":"https:\/\/sezona.lv\/en\/wp-json\/wp\/v2\/product\/76403","targetHints":{"allow":["GET"]}}],"collection":[{"href":"https:\/\/sezona.lv\/en\/wp-json\/wp\/v2\/product"}],"about":[{"href":"https:\/\/sezona.lv\/en\/wp-json\/wp\/v2\/types\/product"}],"wp:featuredmedia":[{"embeddable":true,"href":"https:\/\/sezona.lv\/en\/wp-json\/wp\/v2\/media\/61202"}],"wp:attachment":[{"href":"https:\/\/sezona.lv\/en\/wp-json\/wp\/v2\/media?parent=76403"}],"wp:term":[{"taxonomy":"product_brand","embeddable":true,"href":"https:\/\/sezona.lv\/en\/wp-json\/wp\/v2\/product_brand?post=76403"},{"taxonomy":"product_cat","embeddable":true,"href":"https:\/\/sezona.lv\/en\/wp-json\/wp\/v2\/product_cat?post=76403"},{"taxonomy":"product_tag","embeddable":true,"href":"https:\/\/sezona.lv\/en\/wp-json\/wp\/v2\/product_tag?post=76403"}],"curies":[{"name":"wp","href":"https:\/\/api.w.org\/{rel}","templated":true}]}}