{"id":76405,"date":"2025-07-11T15:44:53","date_gmt":"2025-07-11T12:44:53","guid":{"rendered":"https:\/\/demo8.ecube.lv\/sezona.lv\/products\/trimm-compact-telts\/"},"modified":"2025-07-14T14:50:38","modified_gmt":"2025-07-14T11:50:38","slug":"trimm-compact-telts","status":"publish","type":"product","link":"https:\/\/sezona.lv\/en\/products\/trimm-compact-telts\/","title":{"rendered":"Trimm COMPACT telts"},"content":{"rendered":"<p>Compact ir univers\u0101la t\u016brisma telts, kas noder\u0113s liel\u0101kaj\u0101 da\u013c\u0101  \u0101rpusm\u0101jas aktivit\u0101&scaron;u. T\u0101 ir ide\u0101li piem\u0113rota \u012bsiem ce\u013cojumiem ar  velosip\u0113du, laivu vai k\u0101j\u0101m. Telts uzb\u016bve \u013cauj to lietot ar\u012b apst\u0101k\u013cos,  kad b\u016bs nepiecie&scaron;ams dro&scaron;s patv\u0113rums. Compact ir neliels svars, \u0113rta  uzslie&scaron;ana un pla&scaron;a gu\u013camtelpa pietiekamam komforta l\u012bmenim.<\/p>\n<p>S\u012aK\u0100KA INFORM\u0100CIJA<\/p>\n<div id=\"more_info_sheets\" class=\"sheets align_justify\">\n<ul id=\"idTab2\" class=\"bullet\">\n<li><span>Augstums:<\/span> 105cm<\/li>\n<li><span>Gr\u012bdas izm\u0113ri:<\/span> 225cm x 145cm<\/li>\n<li><span>Gr\u012bdas materi\u0101ls:<\/span> 100 % nylon PU10000mm H2O<\/li>\n<li><span>Gr\u012bdas \u016bdens notur\u012bba:<\/span> 10000mm<\/li>\n<li><span>Ieeju skaits:<\/span> 1<\/li>\n<li><span>Iek&scaron;\u0113j\u0101s telts materi\u0101ls:<\/span> permeable WR 100 % PES<\/li>\n<li><span>Iepakojuma izm\u0113rs:<\/span> 15 x 15 x 45 cm<\/li>\n<li><span>Izm\u0113rs:<\/span> 225 x (140 + 90) x 105<\/li>\n<li><span>Mieti\u0146u diametrs:<\/span> 8,5mm<\/li>\n<li><span>Mieti\u0146u materi\u0101ls:<\/span> Durawrap, 8,5 mm<\/li>\n<li><span>Ra\u017eot\u0101js:<\/span> TRIMM<\/li>\n<li><span>Svars:<\/span> 3,00kg<\/li>\n<li><span>Telts virspuses \u016bdens notur\u012bba:<\/span> 4000mm<\/li>\n<li><span>Vietu skaits:<\/span> 2 &#8211; 3<\/li>\n<li><span>Virspuses telts materi\u0101ls:<\/span> 100 % polyester, 4000 mm H2O<\/li>\n<\/ul>\n<\/div>\n","protected":false},"excerpt":{"rendered":"<p>Compact ir univers\u0101la t\u016brisma telts, kas noder\u0113s liel\u0101kaj\u0101 da\u013c\u0101 \u0101rpusm\u0101jas aktivit\u0101&scaron;u. T\u0101 ir ide\u0101li piem\u0113rota \u012bsiem ce\u013cojumiem ar velosip\u0113du, laivu vai k\u0101j\u0101m. Telts uzb\u016bve \u013cauj to lietot ar\u012b apst\u0101k\u013cos, kad b\u016bs nepiecie&scaron;ams dro&scaron;s patv\u0113rums. Compact ir neliels svars, \u0113rta uzslie&scaron;ana un pla&scaron;a gu\u013camtelpa pietiekamam komforta l\u012bmenim. S\u012aK\u0100KA INFORM\u0100CIJA Augstums: 105cm Gr\u012bdas izm\u0113ri: 225cm x 145cm [&hellip;]<\/p>\n","protected":false},"featured_media":61216,"template":"","meta":[],"product_brand":[953],"product_cat":[4558,4568,4960],"product_tag":[],"class_list":{"0":"post-76405","1":"product","2":"type-product","3":"status-publish","4":"has-post-thumbnail","6":"product_brand-trimm","7":"product_cat-for-tourism-recreation","8":"product_cat-tents-for-tourism-recreation","9":"product_cat-trimm-tents-tents-for-tourism-recreation","11":"first","12":"instock","13":"shipping-taxable","14":"purchasable","15":"product-type-simple"},"_links":{"self":[{"href":"https:\/\/sezona.lv\/en\/wp-json\/wp\/v2\/product\/76405","targetHints":{"allow":["GET"]}}],"collection":[{"href":"https:\/\/sezona.lv\/en\/wp-json\/wp\/v2\/product"}],"about":[{"href":"https:\/\/sezona.lv\/en\/wp-json\/wp\/v2\/types\/product"}],"wp:featuredmedia":[{"embeddable":true,"href":"https:\/\/sezona.lv\/en\/wp-json\/wp\/v2\/media\/61216"}],"wp:attachment":[{"href":"https:\/\/sezona.lv\/en\/wp-json\/wp\/v2\/media?parent=76405"}],"wp:term":[{"taxonomy":"product_brand","embeddable":true,"href":"https:\/\/sezona.lv\/en\/wp-json\/wp\/v2\/product_brand?post=76405"},{"taxonomy":"product_cat","embeddable":true,"href":"https:\/\/sezona.lv\/en\/wp-json\/wp\/v2\/product_cat?post=76405"},{"taxonomy":"product_tag","embeddable":true,"href":"https:\/\/sezona.lv\/en\/wp-json\/wp\/v2\/product_tag?post=76405"}],"curies":[{"name":"wp","href":"https:\/\/api.w.org\/{rel}","templated":true}]}}