{"id":76406,"date":"2025-07-11T15:44:59","date_gmt":"2025-07-11T12:44:59","guid":{"rendered":"https:\/\/demo8.ecube.lv\/sezona.lv\/products\/trimm-ohio-olive-telts\/"},"modified":"2025-07-14T14:50:39","modified_gmt":"2025-07-14T11:50:39","slug":"trimm-ohio-olive-telts","status":"publish","type":"product","link":"https:\/\/sezona.lv\/en\/products\/trimm-ohio-olive-telts\/","title":{"rendered":"Trimm OHIO olive telts"},"content":{"rendered":"<p>&Scaron;ai teltij ir divas ieejas, un t\u0101 paredz\u0113ta div\u0101m l\u012bdz trim person\u0101m.  Ohio divas priek&scaron;telpas \u013cauj da\u017e\u0101das mantas atst\u0101t \u0101rpus gu\u013cam\u0101s telpas  un paaugstin\u0101t komfortu. Tr\u012bs loku sist\u0113ma ir iztur\u012bga pret v\u0113ja  br\u0101zm\u0101m, savuk\u0101rt kvalitat\u012bvie materi\u0101li nodro&scaron;ina lielisku  ventil\u0101ciju.<\/p>\n<p>S\u012aK\u0100KA INFORM\u0100CIJA<\/p>\n<div id=\"more_info_sheets\" class=\"sheets align_justify\">\n<ul id=\"idTab2\" class=\"bullet\">\n<li><span>Augstums:<\/span> 115cm<\/li>\n<li><span>Gr\u012bdas izm\u0113ri:<\/span> 150cm x 220cm<\/li>\n<li><span>Gr\u012bdas materi\u0101ls:<\/span> Layered waterproof polyethylen<\/li>\n<li><span>Ieeju skaits:<\/span> 2<\/li>\n<li><span>Iek&scaron;\u0113j\u0101s telts materi\u0101ls:<\/span> permeable WR 100 % PES<\/li>\n<li><span>Iepakojuma izm\u0113rs:<\/span> 16 x 16 x 51 cm<\/li>\n<li><span>Izm\u0113rs:<\/span> (80 + 150 + 80) x 220 \/ 115<\/li>\n<li><span>Mieti\u0146u diametrs:<\/span> 8,5mm \/ 9,5mm<\/li>\n<li><span>Mieti\u0146u materi\u0101ls:<\/span> Durawrap, 8,5 mm, 9,5 mm<\/li>\n<li><span>Ra\u017eot\u0101js:<\/span> TRIMM<\/li>\n<li><span>Svars:<\/span> 3,90kg<\/li>\n<li><span>Telts virspuses \u016bdens notur\u012bba:<\/span> 3000mm<\/li>\n<li><span>Vietu skaits:<\/span> 2 &#8211; 3<\/li>\n<li><span>Virspuses telts materi\u0101ls:<\/span> 100 % polyester, 3000 mm H2O<\/li>\n<\/ul>\n<\/div>\n","protected":false},"excerpt":{"rendered":"<p>&Scaron;ai teltij ir divas ieejas, un t\u0101 paredz\u0113ta div\u0101m l\u012bdz trim person\u0101m. Ohio divas priek&scaron;telpas \u013cauj da\u017e\u0101das mantas atst\u0101t \u0101rpus gu\u013cam\u0101s telpas un paaugstin\u0101t komfortu. Tr\u012bs loku sist\u0113ma ir iztur\u012bga pret v\u0113ja br\u0101zm\u0101m, savuk\u0101rt kvalitat\u012bvie materi\u0101li nodro&scaron;ina lielisku ventil\u0101ciju. S\u012aK\u0100KA INFORM\u0100CIJA Augstums: 115cm Gr\u012bdas izm\u0113ri: 150cm x 220cm Gr\u012bdas materi\u0101ls: Layered waterproof polyethylen Ieeju skaits: [&hellip;]<\/p>\n","protected":false},"featured_media":61223,"template":"","meta":[],"product_brand":[953],"product_cat":[4558,4568,4960],"product_tag":[],"class_list":{"0":"post-76406","1":"product","2":"type-product","3":"status-publish","4":"has-post-thumbnail","6":"product_brand-trimm","7":"product_cat-for-tourism-recreation","8":"product_cat-tents-for-tourism-recreation","9":"product_cat-trimm-tents-tents-for-tourism-recreation","11":"first","12":"instock","13":"shipping-taxable","14":"purchasable","15":"product-type-simple"},"_links":{"self":[{"href":"https:\/\/sezona.lv\/en\/wp-json\/wp\/v2\/product\/76406","targetHints":{"allow":["GET"]}}],"collection":[{"href":"https:\/\/sezona.lv\/en\/wp-json\/wp\/v2\/product"}],"about":[{"href":"https:\/\/sezona.lv\/en\/wp-json\/wp\/v2\/types\/product"}],"wp:featuredmedia":[{"embeddable":true,"href":"https:\/\/sezona.lv\/en\/wp-json\/wp\/v2\/media\/61223"}],"wp:attachment":[{"href":"https:\/\/sezona.lv\/en\/wp-json\/wp\/v2\/media?parent=76406"}],"wp:term":[{"taxonomy":"product_brand","embeddable":true,"href":"https:\/\/sezona.lv\/en\/wp-json\/wp\/v2\/product_brand?post=76406"},{"taxonomy":"product_cat","embeddable":true,"href":"https:\/\/sezona.lv\/en\/wp-json\/wp\/v2\/product_cat?post=76406"},{"taxonomy":"product_tag","embeddable":true,"href":"https:\/\/sezona.lv\/en\/wp-json\/wp\/v2\/product_tag?post=76406"}],"curies":[{"name":"wp","href":"https:\/\/api.w.org\/{rel}","templated":true}]}}