{"id":76407,"date":"2025-07-11T15:45:03","date_gmt":"2025-07-11T12:45:03","guid":{"rendered":"https:\/\/demo8.ecube.lv\/sezona.lv\/products\/husky-burton-2-3-green-telts\/"},"modified":"2025-07-14T14:50:40","modified_gmt":"2025-07-14T11:50:40","slug":"husky-burton-2-3-green-telts","status":"publish","type":"product","link":"https:\/\/sezona.lv\/en\/products\/husky-burton-2-3-green-telts\/","title":{"rendered":"Husky BURTON 2-3 GREEN telts"},"content":{"rendered":"<p>&Scaron;\u012b divu sl\u0101\u0146u telts uzlabota, klasiskajai divu loku konstrukcijai  pievienojot tre&scaron;o loku, kas nodro&scaron;ina liel\u0101ku stabilit\u0101ti un papildus  priek&scaron;telpu. Ietilp\u012bg\u0101 un komfortabl\u0101 Burton 2-3 b\u016bs ide\u0101ls ce\u013cabiedrs  br\u012bvdienu atp\u016btai. Telts piem\u0113rota diviem l\u012bdz tr\u012bs cilv\u0113kiem.<\/p>\n<p>Burton  teltij ir divi sl\u0101\u0146i un t\u0101s iek&scaron;\u0113jo konstrukciju notur 7,9mm un 8,5mm  diametra durawrap stikla &scaron;\u0137iedras loki. Telts \u0101r\u0113jais sl\u0101nis veidots no  185 poliestera (\u0101r\u0113j\u0101 sl\u0101\u0146a \u016bdensiztur\u012bba ir 3000 mm\/cm2). Iek&scaron;\u0113jais  sl\u0101nis izgatavots no elpojo&scaron;a 190T neilona ar insektu t\u012bklu lieliskai  ventil\u0101cijai. Telts gr\u012bda veidota no 190T poliestera ar poliuret\u0101na  p\u0101rkl\u0101jumu (\u016bdensiztur\u012bba &#8211; 6000 mm\/cm2).<\/p>\n<p>S\u012aK\u0100KA INFORM\u0100CIJA<\/p>\n<div id=\"more_info_sheets\" class=\"sheets align_justify\">\n<ul id=\"idTab2\" class=\"bullet\">\n<li><span>Augstums:<\/span> 115cm<\/li>\n<li><span>Ieeju skaits:<\/span> 2<\/li>\n<li><span>Iepakojuma izm\u0113rs:<\/span> 17cm x 17cm x 45cm<\/li>\n<li><span>Mieti\u0146u diametrs:<\/span> 8,5mm<\/li>\n<li><span>Mieti\u0146u materi\u0101ls:<\/span> Durawarp stikla&scaron;\u0137iedra<\/li>\n<li><span>Svars:<\/span> 3,40kg<\/li>\n<li><span>Gr\u012bdas \u016bdens notur\u012bba:<\/span> 6000mm\/h2o\/24h<\/li>\n<li><span>Telts virspuses \u016bdens notur\u012bba:<\/span> 3000mm\/h2o\/24h<\/li>\n<li><span>Vietu skaits:<\/span> 2<\/li>\n<li><span>Gr\u012bdas materi\u0101ls:<\/span> 190T Polyester, PU coating 6 000 mm<\/li>\n<li><span>Iek&scaron;\u0113j\u0101s telts materi\u0101ls:<\/span> breathable Nylon 190T + mesh mosquito net<\/li>\n<li><span>Iepakojums:<\/span> set of steel pegs, repair service kit<\/li>\n<li><span>Virspuses telts materi\u0101ls:<\/span> 185 Polyester, PU coating 3 000 mm<\/li>\n<\/ul>\n<\/div>\n","protected":false},"excerpt":{"rendered":"<p>&Scaron;\u012b divu sl\u0101\u0146u telts uzlabota, klasiskajai divu loku konstrukcijai pievienojot tre&scaron;o loku, kas nodro&scaron;ina liel\u0101ku stabilit\u0101ti un papildus priek&scaron;telpu. Ietilp\u012bg\u0101 un komfortabl\u0101 Burton 2-3 b\u016bs ide\u0101ls ce\u013cabiedrs br\u012bvdienu atp\u016btai. Telts piem\u0113rota diviem l\u012bdz tr\u012bs cilv\u0113kiem. Burton teltij ir divi sl\u0101\u0146i un t\u0101s iek&scaron;\u0113jo konstrukciju notur 7,9mm un 8,5mm diametra durawrap stikla &scaron;\u0137iedras loki. Telts \u0101r\u0113jais [&hellip;]<\/p>\n","protected":false},"featured_media":61230,"template":"","meta":[],"product_brand":[954],"product_cat":[4558,4568,4954],"product_tag":[],"class_list":{"0":"post-76407","1":"product","2":"type-product","3":"status-publish","4":"has-post-thumbnail","6":"product_brand-husky","7":"product_cat-for-tourism-recreation","8":"product_cat-tents-for-tourism-recreation","9":"product_cat-husky-tents-tents-for-tourism-recreation","11":"first","12":"instock","13":"shipping-taxable","14":"purchasable","15":"product-type-simple"},"_links":{"self":[{"href":"https:\/\/sezona.lv\/en\/wp-json\/wp\/v2\/product\/76407","targetHints":{"allow":["GET"]}}],"collection":[{"href":"https:\/\/sezona.lv\/en\/wp-json\/wp\/v2\/product"}],"about":[{"href":"https:\/\/sezona.lv\/en\/wp-json\/wp\/v2\/types\/product"}],"wp:featuredmedia":[{"embeddable":true,"href":"https:\/\/sezona.lv\/en\/wp-json\/wp\/v2\/media\/61230"}],"wp:attachment":[{"href":"https:\/\/sezona.lv\/en\/wp-json\/wp\/v2\/media?parent=76407"}],"wp:term":[{"taxonomy":"product_brand","embeddable":true,"href":"https:\/\/sezona.lv\/en\/wp-json\/wp\/v2\/product_brand?post=76407"},{"taxonomy":"product_cat","embeddable":true,"href":"https:\/\/sezona.lv\/en\/wp-json\/wp\/v2\/product_cat?post=76407"},{"taxonomy":"product_tag","embeddable":true,"href":"https:\/\/sezona.lv\/en\/wp-json\/wp\/v2\/product_tag?post=76407"}],"curies":[{"name":"wp","href":"https:\/\/api.w.org\/{rel}","templated":true}]}}