{"id":76408,"date":"2025-07-11T15:45:10","date_gmt":"2025-07-11T12:45:10","guid":{"rendered":"https:\/\/demo8.ecube.lv\/sezona.lv\/products\/trimm-alfa-telts\/"},"modified":"2025-07-14T14:50:41","modified_gmt":"2025-07-14T11:50:41","slug":"trimm-alfa-telts","status":"publish","type":"product","link":"https:\/\/sezona.lv\/en\/products\/trimm-alfa-telts\/","title":{"rendered":"Trimm ALFA telts"},"content":{"rendered":"<p>Alfa ir telts div\u0101m l\u012bdz tr\u012bs person\u0101m. Tai ir \u012bpa&scaron;i pagarin\u0101ta durawrap  stikla &scaron;\u0137iedras loku strukt\u016bra liel\u0101kam komfortam. Pla&scaron;\u0101 priek&scaron;telpa  pied\u0101v\u0101 papildu vietu bag\u0101\u017eas glab\u0101&scaron;anai. Alfa zemais svars un \u0101tr\u0101  uzslie&scaron;ana ir liel\u0101k\u0101s &scaron;\u012bs telts priek&scaron;roc\u012bbas.<\/p>\n<p>S\u012aK\u0100KA INFORM\u0100CIJA<\/p>\n<div id=\"more_info_block\" class=\"clear\">\n<div id=\"more_info_sheets\" class=\"sheets align_justify\">\n<ul id=\"idTab2\" class=\"bullet\">\n<li><span>Augstums:<\/span> 110cm<\/li>\n<li><span>Gr\u012bdas izm\u0113ri:<\/span> 220cm x 150cm<\/li>\n<li><span>Gr\u012bdas materi\u0101ls:<\/span> 100 % nylon PU10000mm H2O<\/li>\n<li><span>Gr\u012bdas \u016bdens notur\u012bba:<\/span> 10000mm<\/li>\n<li><span>Ieeju skaits:<\/span> 1<\/li>\n<li><span>Iek&scaron;\u0113j\u0101s telts materi\u0101ls:<\/span> permeable WR 100 % PES<\/li>\n<li><span>Iepakojuma izm\u0113rs:<\/span> 15 x 15 x 48 cm<\/li>\n<li><span>Izm\u0113rs:<\/span> (220 + 90) x 150 \/ 110<\/li>\n<li><span>Mieti\u0146u diametrs:<\/span> 8,5mm<\/li>\n<li><span>Mieti\u0146u materi\u0101ls:<\/span> Durawrap, 8,5 mm<\/li>\n<li><span>Ra\u017eot\u0101js:<\/span> TRIMM<\/li>\n<li><span>Svars:<\/span> 3,20kg<\/li>\n<li><span>Telts virspuses \u016bdens notur\u012bba:<\/span> 4000mm<\/li>\n<li><span>Vietu skaits:<\/span> 2 &#8211; 3<\/li>\n<li><span>Virspuses telts materi\u0101ls:<\/span> 100 % polyester, 4000 mm H2O<\/li>\n<\/ul>\n<\/div>\n<\/div>\n","protected":false},"excerpt":{"rendered":"<p>Alfa ir telts div\u0101m l\u012bdz tr\u012bs person\u0101m. Tai ir \u012bpa&scaron;i pagarin\u0101ta durawrap stikla &scaron;\u0137iedras loku strukt\u016bra liel\u0101kam komfortam. Pla&scaron;\u0101 priek&scaron;telpa pied\u0101v\u0101 papildu vietu bag\u0101\u017eas glab\u0101&scaron;anai. Alfa zemais svars un \u0101tr\u0101 uzslie&scaron;ana ir liel\u0101k\u0101s &scaron;\u012bs telts priek&scaron;roc\u012bbas. S\u012aK\u0100KA INFORM\u0100CIJA Augstums: 110cm Gr\u012bdas izm\u0113ri: 220cm x 150cm Gr\u012bdas materi\u0101ls: 100 % nylon PU10000mm H2O Gr\u012bdas \u016bdens notur\u012bba: [&hellip;]<\/p>\n","protected":false},"featured_media":61237,"template":"","meta":[],"product_brand":[953],"product_cat":[4558,4568,4960],"product_tag":[],"class_list":{"0":"post-76408","1":"product","2":"type-product","3":"status-publish","4":"has-post-thumbnail","6":"product_brand-trimm","7":"product_cat-for-tourism-recreation","8":"product_cat-tents-for-tourism-recreation","9":"product_cat-trimm-tents-tents-for-tourism-recreation","11":"first","12":"instock","13":"shipping-taxable","14":"purchasable","15":"product-type-simple"},"_links":{"self":[{"href":"https:\/\/sezona.lv\/en\/wp-json\/wp\/v2\/product\/76408","targetHints":{"allow":["GET"]}}],"collection":[{"href":"https:\/\/sezona.lv\/en\/wp-json\/wp\/v2\/product"}],"about":[{"href":"https:\/\/sezona.lv\/en\/wp-json\/wp\/v2\/types\/product"}],"wp:featuredmedia":[{"embeddable":true,"href":"https:\/\/sezona.lv\/en\/wp-json\/wp\/v2\/media\/61237"}],"wp:attachment":[{"href":"https:\/\/sezona.lv\/en\/wp-json\/wp\/v2\/media?parent=76408"}],"wp:term":[{"taxonomy":"product_brand","embeddable":true,"href":"https:\/\/sezona.lv\/en\/wp-json\/wp\/v2\/product_brand?post=76408"},{"taxonomy":"product_cat","embeddable":true,"href":"https:\/\/sezona.lv\/en\/wp-json\/wp\/v2\/product_cat?post=76408"},{"taxonomy":"product_tag","embeddable":true,"href":"https:\/\/sezona.lv\/en\/wp-json\/wp\/v2\/product_tag?post=76408"}],"curies":[{"name":"wp","href":"https:\/\/api.w.org\/{rel}","templated":true}]}}