{"id":76409,"date":"2025-07-11T15:45:14","date_gmt":"2025-07-11T12:45:14","guid":{"rendered":"https:\/\/demo8.ecube.lv\/sezona.lv\/products\/husky-bird-3-telts\/"},"modified":"2025-07-14T14:50:42","modified_gmt":"2025-07-14T11:50:42","slug":"husky-bird-3-telts","status":"publish","type":"product","link":"https:\/\/sezona.lv\/en\/products\/husky-bird-3-telts\/","title":{"rendered":"Husky BIRD 3 telts"},"content":{"rendered":"<p>Daudzu gadu garum\u0101 p\u0101baud\u012bt\u0101 Bird telts vienk\u0101r&scaron;\u0101 konstrukcija jau  k\u013cuvusi par klasisku v\u0113rt\u012bbu. J\u016bs \u012bpa&scaron;i nov\u0113rt\u0113siet telts p\u0101rvad\u0101&scaron;anas  tilpumu, k\u0101 ar\u012b \u012bso laika spr\u012bdi, k\u0101d\u0101 telts uzst\u0101d\u0101ma. Bird 3 ir ide\u0101ls  risin\u0101jums trim pietic\u012bgiem ce\u013cot\u0101jiem. Telts ir \u012bpa&scaron;i piem\u0113rota  p\u0101rg\u0101jieniem un atp\u016btai dab\u0101.<\/p>\n<p>Husky Bird 3 ir divi sl\u0101\u0146i, un t\u0101s  iek&scaron;\u0113jo konstrukciju notur 7,9mm un 8,5mm diametra durawrap stikla  &scaron;\u0137iedras loki. Telts \u0101r\u0113jais sl\u0101nis veidots no 185 poliestera (\u0101r\u0113j\u0101  sl\u0101\u0146a \u016bdensiztur\u012bba ir 3000 mm\/cm2). Iek&scaron;\u0113jais sl\u0101nis izgatavots no  elpojo&scaron;a 190T neilona ar insektu t\u012bklu. Telts gr\u012bda veidota no 190T  poliestera ar poliuret\u0101na p\u0101rkl\u0101jumu (\u016bdensiztur\u012bba &#8211; 6000 mm\/cm2).<\/p>\n<p>S\u012aK\u0100KA INFORM\u0100CIJA<\/p>\n<div id=\"more_info_sheets\" class=\"sheets align_justify\">\n<ul id=\"idTab2\" class=\"bullet\">\n<li><span>Augstums:<\/span> 125cm<\/li>\n<li><span>Ieeju skaits:<\/span> 2<\/li>\n<li><span>Iepakojuma izm\u0113rs:<\/span> 15cm x 15cm x 45cm<\/li>\n<li><span>Mieti\u0146u materi\u0101ls:<\/span> Durawarp stikla&scaron;\u0137iedra<\/li>\n<li><span>Svars:<\/span> 3,50kg<\/li>\n<li><span>Gr\u012bdas \u016bdens notur\u012bba:<\/span> 6000mm\/h2o\/24h<\/li>\n<li><span>Telts virspuses \u016bdens notur\u012bba:<\/span> 3000mm\/h2o\/24h<\/li>\n<li><span>Vietu skaits:<\/span> 3<\/li>\n<li><span>Mieti\u0146u diametrs:<\/span> 7,9mm \/ 8,5mm<\/li>\n<li><span>Gr\u012bdas materi\u0101ls:<\/span> 190T Polyester, PU coating 6 000 mm<\/li>\n<li><span>Iek&scaron;\u0113j\u0101s telts materi\u0101ls:<\/span> breathable Nylon 190T + mesh mosquito net<\/li>\n<li><span>Iepakojums:<\/span> set of steel pegs, repair service kit<\/li>\n<li><span>Ra\u017eot\u0101js:<\/span> HUSKY<\/li>\n<li><span>Virspuses telts materi\u0101ls:<\/span> 185 Polyester, PU coating 3 000 mm<\/li>\n<\/ul>\n<\/div>\n","protected":false},"excerpt":{"rendered":"<p>Daudzu gadu garum\u0101 p\u0101baud\u012bt\u0101 Bird telts vienk\u0101r&scaron;\u0101 konstrukcija jau k\u013cuvusi par klasisku v\u0113rt\u012bbu. J\u016bs \u012bpa&scaron;i nov\u0113rt\u0113siet telts p\u0101rvad\u0101&scaron;anas tilpumu, k\u0101 ar\u012b \u012bso laika spr\u012bdi, k\u0101d\u0101 telts uzst\u0101d\u0101ma. Bird 3 ir ide\u0101ls risin\u0101jums trim pietic\u012bgiem ce\u013cot\u0101jiem. Telts ir \u012bpa&scaron;i piem\u0113rota p\u0101rg\u0101jieniem un atp\u016btai dab\u0101. Husky Bird 3 ir divi sl\u0101\u0146i, un t\u0101s iek&scaron;\u0113jo konstrukciju notur 7,9mm [&hellip;]<\/p>\n","protected":false},"featured_media":61244,"template":"","meta":[],"product_brand":[954],"product_cat":[4558,4568,4954],"product_tag":[],"class_list":{"0":"post-76409","1":"product","2":"type-product","3":"status-publish","4":"has-post-thumbnail","6":"product_brand-husky","7":"product_cat-for-tourism-recreation","8":"product_cat-tents-for-tourism-recreation","9":"product_cat-husky-tents-tents-for-tourism-recreation","11":"first","12":"instock","13":"shipping-taxable","14":"purchasable","15":"product-type-simple"},"_links":{"self":[{"href":"https:\/\/sezona.lv\/en\/wp-json\/wp\/v2\/product\/76409","targetHints":{"allow":["GET"]}}],"collection":[{"href":"https:\/\/sezona.lv\/en\/wp-json\/wp\/v2\/product"}],"about":[{"href":"https:\/\/sezona.lv\/en\/wp-json\/wp\/v2\/types\/product"}],"wp:featuredmedia":[{"embeddable":true,"href":"https:\/\/sezona.lv\/en\/wp-json\/wp\/v2\/media\/61244"}],"wp:attachment":[{"href":"https:\/\/sezona.lv\/en\/wp-json\/wp\/v2\/media?parent=76409"}],"wp:term":[{"taxonomy":"product_brand","embeddable":true,"href":"https:\/\/sezona.lv\/en\/wp-json\/wp\/v2\/product_brand?post=76409"},{"taxonomy":"product_cat","embeddable":true,"href":"https:\/\/sezona.lv\/en\/wp-json\/wp\/v2\/product_cat?post=76409"},{"taxonomy":"product_tag","embeddable":true,"href":"https:\/\/sezona.lv\/en\/wp-json\/wp\/v2\/product_tag?post=76409"}],"curies":[{"name":"wp","href":"https:\/\/api.w.org\/{rel}","templated":true}]}}