{"id":76410,"date":"2025-07-14T14:50:43","date_gmt":"2025-07-14T11:50:43","guid":{"rendered":"https:\/\/demo8.ecube.lv\/sezona.lv\/products\/trimm-hudson-telts\/"},"modified":"2025-07-14T14:50:43","modified_gmt":"2025-07-14T11:50:43","slug":"trimm-hudson-telts","status":"publish","type":"product","link":"https:\/\/sezona.lv\/en\/products\/trimm-hudson-telts\/","title":{"rendered":"Trimm HUDSON telts"},"content":{"rendered":"<p>&Scaron;ai teltij, kas paredz\u0113ta tr\u012bs l\u012bdz \u010detr\u0101m person\u0101m, ir standarta uzb\u016bve  ar lielu priek&scaron;telpu. T\u0101 ir \u012bpa&scaron;i piem\u0113rota komfortablai atp\u016btai dab\u0101 &#8211;  Hudson b\u016bs uzticama telts lieto&scaron;anai \u0123imenes lok\u0101. Telts ir viegla un  t\u0101s uzslie&scaron;ana neprasa lielas p\u016bles.<\/p>\n<p>S\u012aK\u0100KA INFORM\u0100CIJA<\/p>\n<div id=\"more_info_sheets\" class=\"sheets align_justify\">\n<ul id=\"idTab2\" class=\"bullet\">\n<li><span>Augstums:<\/span> 125cm<\/li>\n<li><span>Gr\u012bdas izm\u0113ri:<\/span> 205cm x 220cm<\/li>\n<li><span>Gr\u012bdas materi\u0101ls:<\/span> Layered waterproof polyethylen<\/li>\n<li><span>Ieeju skaits:<\/span> 1<\/li>\n<li><span>Iek&scaron;\u0113j\u0101s telts materi\u0101ls:<\/span> permeable WR 100 % PES<\/li>\n<li><span>Iepakojuma izm\u0113rs:<\/span> 19 x 19 x 43 cm<\/li>\n<li><span>Izm\u0113rs:<\/span> (220 + 90) x 205 \/ 125<\/li>\n<li><span>Mieti\u0146u diametrs:<\/span> 8,5mm \/ 9,5mm<\/li>\n<li><span>Mieti\u0146u materi\u0101ls:<\/span> Durawrap, 8,5 mm, 9,5 mm<\/li>\n<li><span>Ra\u017eot\u0101js:<\/span> TRIMM<\/li>\n<li><span>Svars:<\/span> 4,10kg<\/li>\n<li><span>Telts virspuses \u016bdens notur\u012bba:<\/span> 3000mm<\/li>\n<li><span>Vietu skaits:<\/span> 3 &#8211; 4<\/li>\n<li><span>Virspuses telts materi\u0101ls:<\/span> 100 % polyester, 3000 mm H2O<\/li>\n<\/ul>\n<\/div>\n","protected":false},"excerpt":{"rendered":"<p>&Scaron;ai teltij, kas paredz\u0113ta tr\u012bs l\u012bdz \u010detr\u0101m person\u0101m, ir standarta uzb\u016bve ar lielu priek&scaron;telpu. T\u0101 ir \u012bpa&scaron;i piem\u0113rota komfortablai atp\u016btai dab\u0101 &#8211; Hudson b\u016bs uzticama telts lieto&scaron;anai \u0123imenes lok\u0101. Telts ir viegla un t\u0101s uzslie&scaron;ana neprasa lielas p\u016bles. S\u012aK\u0100KA INFORM\u0100CIJA Augstums: 125cm Gr\u012bdas izm\u0113ri: 205cm x 220cm Gr\u012bdas materi\u0101ls: Layered waterproof polyethylen Ieeju skaits: 1 [&hellip;]<\/p>\n","protected":false},"featured_media":0,"template":"","meta":[],"product_brand":[953],"product_cat":[4558,4568,4640,4960],"product_tag":[],"class_list":{"0":"post-76410","1":"product","2":"type-product","3":"status-publish","5":"product_brand-trimm","6":"product_cat-for-tourism-recreation","7":"product_cat-tents-for-tourism-recreation","8":"product_cat-recreation","9":"product_cat-trimm-tents-tents-for-tourism-recreation","11":"first","12":"instock","13":"shipping-taxable","14":"purchasable","15":"product-type-simple"},"_links":{"self":[{"href":"https:\/\/sezona.lv\/en\/wp-json\/wp\/v2\/product\/76410","targetHints":{"allow":["GET"]}}],"collection":[{"href":"https:\/\/sezona.lv\/en\/wp-json\/wp\/v2\/product"}],"about":[{"href":"https:\/\/sezona.lv\/en\/wp-json\/wp\/v2\/types\/product"}],"wp:attachment":[{"href":"https:\/\/sezona.lv\/en\/wp-json\/wp\/v2\/media?parent=76410"}],"wp:term":[{"taxonomy":"product_brand","embeddable":true,"href":"https:\/\/sezona.lv\/en\/wp-json\/wp\/v2\/product_brand?post=76410"},{"taxonomy":"product_cat","embeddable":true,"href":"https:\/\/sezona.lv\/en\/wp-json\/wp\/v2\/product_cat?post=76410"},{"taxonomy":"product_tag","embeddable":true,"href":"https:\/\/sezona.lv\/en\/wp-json\/wp\/v2\/product_tag?post=76410"}],"curies":[{"name":"wp","href":"https:\/\/api.w.org\/{rel}","templated":true}]}}