{"id":76411,"date":"2025-07-14T14:50:44","date_gmt":"2025-07-14T11:50:44","guid":{"rendered":"https:\/\/demo8.ecube.lv\/sezona.lv\/products\/husky-boyard-4-telts\/"},"modified":"2025-07-14T14:50:44","modified_gmt":"2025-07-14T11:50:44","slug":"husky-boyard-4-telts","status":"publish","type":"product","link":"https:\/\/sezona.lv\/en\/products\/husky-boyard-4-telts\/","title":{"rendered":"Husky BOYARD 4 telts"},"content":{"rendered":"<p>Boyard ir viens no ietilp\u012bg\u0101kajiem Outdoor s\u0113rijas produktiem Husky  kl\u0101st\u0101. Teltij ir liela gu\u013cam\u0101 plat\u012bba, kas \u013caus nakti komfort\u0101 pavad\u012bt  \u010detriem cilv\u0113kiem, savuk\u0101rt abos galos eso&scaron;ie priek&scaron;nami nodro&scaron;in\u0101s  atsevi&scaron;\u0137as ieejas un pla&scaron;u telpu bag\u0101\u017eai. Telts ir piem\u0113rota da\u017e\u0101diem  ce\u013cojumiem.<\/p>\n<p>Boyard teltij ir divi sl\u0101\u0146i, un t\u0101s iek&scaron;\u0113jo  konstrukciju notur 7,9mm un 8,5mm diametra durawrap stikla &scaron;\u0137iedras  loki. Telts \u0101r\u0113jais sl\u0101nis veidots no 185 poliestera (\u0101r\u0113j\u0101 sl\u0101\u0146a  \u016bdensiztur\u012bba ir 3000 mm\/cm2). Iek&scaron;\u0113jais sl\u0101nis izgatavots no elpojo&scaron;a  190T neilona ar insektu t\u012bklu lieliskai ventil\u0101cijai. Telts gr\u012bda  veidota no 190T poliestera ar poliuret\u0101na p\u0101rkl\u0101jumu (\u016bdensiztur\u012bba &#8211;  6000 mm\/cm2).<\/p>\n<p>S\u012aK\u0100KA INFORM\u0100CIJA<\/p>\n<div id=\"more_info_sheets\" class=\"sheets align_justify\">\n<ul id=\"idTab2\" class=\"bullet\">\n<li><span>Augstums:<\/span> 130cm<\/li>\n<li><span>Ieeju skaits:<\/span> 2<\/li>\n<li><span>Iepakojuma izm\u0113rs:<\/span> 18cm x 18cm x 50cm<\/li>\n<li><span>Mieti\u0146u materi\u0101ls:<\/span> Durawarp stikla&scaron;\u0137iedra<\/li>\n<li><span>Svars:<\/span> 3,90kg<\/li>\n<li><span>Gr\u012bdas \u016bdens notur\u012bba:<\/span> 6000mm\/h2o\/24h<\/li>\n<li><span>Telts virspuses \u016bdens notur\u012bba:<\/span> 3000mm\/h2o\/24h<\/li>\n<li><span>Vietu skaits:<\/span> 4<\/li>\n<li><span>Mieti\u0146u diametrs:<\/span> 7,9mm \/ 8,5mm<\/li>\n<li><span>Gr\u012bdas materi\u0101ls:<\/span> 90T Polyester, PU coating 6 000 mm<\/li>\n<li><span>Iek&scaron;\u0113j\u0101s telts materi\u0101ls:<\/span> breathable Nylon 190T + mesh mosquito net<\/li>\n<li><span>Iepakojums:<\/span> set of steel pegs, repair service kit<\/li>\n<li><span>Izm\u0113rs:<\/span> 210 x 400 x 130<\/li>\n<li><span>Ra\u017eot\u0101js:<\/span> HUSKY<\/li>\n<li><span>Virspuses telts materi\u0101ls:<\/span> 85 Polyester, PU coating 3 000 mm<\/li>\n<\/ul>\n<\/div>\n","protected":false},"excerpt":{"rendered":"<p>Boyard ir viens no ietilp\u012bg\u0101kajiem Outdoor s\u0113rijas produktiem Husky kl\u0101st\u0101. Teltij ir liela gu\u013cam\u0101 plat\u012bba, kas \u013caus nakti komfort\u0101 pavad\u012bt \u010detriem cilv\u0113kiem, savuk\u0101rt abos galos eso&scaron;ie priek&scaron;nami nodro&scaron;in\u0101s atsevi&scaron;\u0137as ieejas un pla&scaron;u telpu bag\u0101\u017eai. Telts ir piem\u0113rota da\u017e\u0101diem ce\u013cojumiem. Boyard teltij ir divi sl\u0101\u0146i, un t\u0101s iek&scaron;\u0113jo konstrukciju notur 7,9mm un 8,5mm diametra durawrap stikla [&hellip;]<\/p>\n","protected":false},"featured_media":0,"template":"","meta":[],"product_brand":[954],"product_cat":[4558,4568,4640,4954],"product_tag":[],"class_list":{"0":"post-76411","1":"product","2":"type-product","3":"status-publish","5":"product_brand-husky","6":"product_cat-for-tourism-recreation","7":"product_cat-tents-for-tourism-recreation","8":"product_cat-recreation","9":"product_cat-husky-tents-tents-for-tourism-recreation","11":"first","12":"instock","13":"shipping-taxable","14":"purchasable","15":"product-type-simple"},"_links":{"self":[{"href":"https:\/\/sezona.lv\/en\/wp-json\/wp\/v2\/product\/76411","targetHints":{"allow":["GET"]}}],"collection":[{"href":"https:\/\/sezona.lv\/en\/wp-json\/wp\/v2\/product"}],"about":[{"href":"https:\/\/sezona.lv\/en\/wp-json\/wp\/v2\/types\/product"}],"wp:attachment":[{"href":"https:\/\/sezona.lv\/en\/wp-json\/wp\/v2\/media?parent=76411"}],"wp:term":[{"taxonomy":"product_brand","embeddable":true,"href":"https:\/\/sezona.lv\/en\/wp-json\/wp\/v2\/product_brand?post=76411"},{"taxonomy":"product_cat","embeddable":true,"href":"https:\/\/sezona.lv\/en\/wp-json\/wp\/v2\/product_cat?post=76411"},{"taxonomy":"product_tag","embeddable":true,"href":"https:\/\/sezona.lv\/en\/wp-json\/wp\/v2\/product_tag?post=76411"}],"curies":[{"name":"wp","href":"https:\/\/api.w.org\/{rel}","templated":true}]}}