{"id":76415,"date":"2025-07-11T15:45:37","date_gmt":"2025-07-11T12:45:37","guid":{"rendered":"https:\/\/demo8.ecube.lv\/sezona.lv\/products\/trimm-eagle-sand-telts\/"},"modified":"2025-07-14T14:50:47","modified_gmt":"2025-07-14T11:50:47","slug":"trimm-eagle-sand-telts","status":"publish","type":"product","link":"https:\/\/sezona.lv\/en\/products\/trimm-eagle-sand-telts\/","title":{"rendered":"Trimm EAGLE sand telts"},"content":{"rendered":"<p>Eagle ir telts tr\u012bs l\u012bdz \u010detr\u0101m person\u0101m. Tai ir liela un \u0113rti izpl\u0101nota  priek&scaron;telpa, ko iesp\u0113jams atv\u0113rt no div\u0101m pus\u0113m. &Scaron;\u012b vieta izmantojama  gan bag\u0101\u017eas, tostarp velosip\u0113da, glab\u0101&scaron;anai, gan papildu personas  izmitin\u0101&scaron;anai. Telts b\u016bs lieliski piem\u0113rota \u0123imenes br\u012bvdienu ce\u013cojumam &#8211;  t\u0101 ir komfortabla un ar pla&scaron;u pielietojumu.<\/p>\n<p>S\u012aK\u0100KA INFORM\u0100CIJA<\/p>\n<div id=\"more_info_sheets\" class=\"sheets align_justify\">\n<ul id=\"idTab2\" class=\"bullet\">\n<li><span>Augstums:<\/span> 130cm<\/li>\n<li><span>Gr\u012bdas izm\u0113ri:<\/span> 205cm x 220cm<\/li>\n<li><span>Gr\u012bdas materi\u0101ls:<\/span> Layered waterproof polyethylen<\/li>\n<li><span>Ieeju skaits:<\/span> 2 \/ 1<\/li>\n<li><span>Iek&scaron;\u0113j\u0101s telts materi\u0101ls:<\/span> permeable WR 100 % PES<\/li>\n<li><span>Iepakojuma izm\u0113rs:<\/span> 19 x 19 x 49 cm<\/li>\n<li><span>Izm\u0113rs:<\/span> (205 + 160) x 220 \/ 130<\/li>\n<li><span>Mieti\u0146u diametrs:<\/span> 8,5mm \/ 9,5mm<\/li>\n<li><span>Mieti\u0146u materi\u0101ls:<\/span> Durawrap, 8,5 mm, 9,5 mm<\/li>\n<li><span>Ra\u017eot\u0101js:<\/span> TRIMM<\/li>\n<li><span>Svars:<\/span> 5,20kg<\/li>\n<li><span>Telts virspuses \u016bdens notur\u012bba:<\/span> 3000mm<\/li>\n<li><span>Vietu skaits:<\/span> 3 &#8211; 4<\/li>\n<li><span>Virspuses telts materi\u0101ls:<\/span> 100 % polyester, 3000 mm H2O<\/li>\n<\/ul>\n<\/div>\n","protected":false},"excerpt":{"rendered":"<p>Eagle ir telts tr\u012bs l\u012bdz \u010detr\u0101m person\u0101m. Tai ir liela un \u0113rti izpl\u0101nota priek&scaron;telpa, ko iesp\u0113jams atv\u0113rt no div\u0101m pus\u0113m. &Scaron;\u012b vieta izmantojama gan bag\u0101\u017eas, tostarp velosip\u0113da, glab\u0101&scaron;anai, gan papildu personas izmitin\u0101&scaron;anai. Telts b\u016bs lieliski piem\u0113rota \u0123imenes br\u012bvdienu ce\u013cojumam &#8211; t\u0101 ir komfortabla un ar pla&scaron;u pielietojumu. S\u012aK\u0100KA INFORM\u0100CIJA Augstums: 130cm Gr\u012bdas izm\u0113ri: 205cm x [&hellip;]<\/p>\n","protected":false},"featured_media":61270,"template":"","meta":[],"product_brand":[953],"product_cat":[4558,4568,4960],"product_tag":[],"class_list":{"0":"post-76415","1":"product","2":"type-product","3":"status-publish","4":"has-post-thumbnail","6":"product_brand-trimm","7":"product_cat-for-tourism-recreation","8":"product_cat-tents-for-tourism-recreation","9":"product_cat-trimm-tents-tents-for-tourism-recreation","11":"first","12":"instock","13":"shipping-taxable","14":"purchasable","15":"product-type-simple"},"_links":{"self":[{"href":"https:\/\/sezona.lv\/en\/wp-json\/wp\/v2\/product\/76415","targetHints":{"allow":["GET"]}}],"collection":[{"href":"https:\/\/sezona.lv\/en\/wp-json\/wp\/v2\/product"}],"about":[{"href":"https:\/\/sezona.lv\/en\/wp-json\/wp\/v2\/types\/product"}],"wp:featuredmedia":[{"embeddable":true,"href":"https:\/\/sezona.lv\/en\/wp-json\/wp\/v2\/media\/61270"}],"wp:attachment":[{"href":"https:\/\/sezona.lv\/en\/wp-json\/wp\/v2\/media?parent=76415"}],"wp:term":[{"taxonomy":"product_brand","embeddable":true,"href":"https:\/\/sezona.lv\/en\/wp-json\/wp\/v2\/product_brand?post=76415"},{"taxonomy":"product_cat","embeddable":true,"href":"https:\/\/sezona.lv\/en\/wp-json\/wp\/v2\/product_cat?post=76415"},{"taxonomy":"product_tag","embeddable":true,"href":"https:\/\/sezona.lv\/en\/wp-json\/wp\/v2\/product_tag?post=76415"}],"curies":[{"name":"wp","href":"https:\/\/api.w.org\/{rel}","templated":true}]}}