{"id":76416,"date":"2025-07-14T14:50:48","date_gmt":"2025-07-14T11:50:48","guid":{"rendered":"https:\/\/demo8.ecube.lv\/sezona.lv\/products\/husky-bizon-4-telts\/"},"modified":"2025-07-14T14:50:48","modified_gmt":"2025-07-14T11:50:48","slug":"husky-bizon-4-telts","status":"publish","type":"product","link":"https:\/\/sezona.lv\/en\/products\/husky-bizon-4-telts\/","title":{"rendered":"Husky BIZON 4 telts"},"content":{"rendered":"<p>Bizon 4 ir l\u012bdzv\u0113rt\u012bgs maz\u0101kajam Bizon 3 modelim. &Scaron;aj\u0101 telt\u012b ir pla&scaron;a  telpa gul\u0113&scaron;anai un mugursom\u0101m, kas \u013caus komfortabli p\u0101rnak&scaron;\u0146ot \u010detriem  cilv\u0113kiem un vi\u0146u bag\u0101\u017eai. Priek&scaron;nam\u0101 lietain\u0101 laik\u0101 pagatavot malt\u012bti,  un &scaron;eit \u0113rti ietilps pat velosip\u0113ds. Pateicoties div\u0101m ieej\u0101m, izzudusi  ieejas &#8220;aizbarik\u0101d\u0113&scaron;anas&#8221; probl\u0113ma. &Scaron;\u012b ir tipiska telts velot\u016brismam,  p\u0101rg\u0101jieniem vai ilgsto&scaron;ai dz\u012bvo&scaron;anai dab\u0101.<\/p>\n<p>Bizon teltij ir divi  sl\u0101\u0146i, un t\u0101s iek&scaron;\u0113jo konstrukciju notur 7,9mm un 8,5mm diametra  durawrap stikla &scaron;\u0137iedras loki. Telts \u0101r\u0113jais sl\u0101nis veidots no 185  poliestera (\u0101r\u0113j\u0101 sl\u0101\u0146a \u016bdensiztur\u012bba ir 3000 mm\/cm2). Iek&scaron;\u0113jais sl\u0101nis  izgatavots no elpojo&scaron;a 190T neilona ar insektu t\u012bklu. Telts gr\u012bda  veidota no 190T poliestera ar poliuret\u0101na p\u0101rkl\u0101jumu (\u016bdensiztur\u012bba &#8211;  6000 mm\/cm2).<\/p>\n<p>S\u012aK\u0100KA INFORM\u0100CIJA<\/p>\n<div id=\"more_info_sheets\" class=\"sheets align_justify\">\n<ul id=\"idTab2\" class=\"bullet\">\n<li><span>Augstums:<\/span> 130cm<\/li>\n<li><span>Ieeju skaits:<\/span> 2<\/li>\n<li><span>Mieti\u0146u diametrs:<\/span> 8,5mm<\/li>\n<li><span>Mieti\u0146u materi\u0101ls:<\/span> Durawarp stikla&scaron;\u0137iedra<\/li>\n<li><span>Svars:<\/span> 4,90kg<\/li>\n<li><span>Gr\u012bdas \u016bdens notur\u012bba:<\/span> 6000mm\/h2o\/24h<\/li>\n<li><span>Telts virspuses \u016bdens notur\u012bba:<\/span> 3000mm\/h2o\/24h<\/li>\n<li><span>Vietu skaits:<\/span> 4<\/li>\n<li><span>Gr\u012bdas materi\u0101ls:<\/span> 190T Polyester, PU coating 6 000 mm<\/li>\n<li><span>Iek&scaron;\u0113j\u0101s telts materi\u0101ls:<\/span> breathable Nylon 190T + mesh mosquito net<\/li>\n<li><span>Iepakojuma izm\u0113rs:<\/span> 45 x 18cm<\/li>\n<li><span>Iepakojums:<\/span> set of steel pegs, repair service kit, stuff depository net<\/li>\n<li><span>Izm\u0113rs:<\/span> 260 &times; 420 &times; 130<\/li>\n<li><span>Virspuses telts materi\u0101ls:<\/span> 185 Polyester, PU coating 3 000 mm<\/li>\n<\/ul>\n<\/div>\n","protected":false},"excerpt":{"rendered":"<p>Bizon 4 ir l\u012bdzv\u0113rt\u012bgs maz\u0101kajam Bizon 3 modelim. &Scaron;aj\u0101 telt\u012b ir pla&scaron;a telpa gul\u0113&scaron;anai un mugursom\u0101m, kas \u013caus komfortabli p\u0101rnak&scaron;\u0146ot \u010detriem cilv\u0113kiem un vi\u0146u bag\u0101\u017eai. Priek&scaron;nam\u0101 lietain\u0101 laik\u0101 pagatavot malt\u012bti, un &scaron;eit \u0113rti ietilps pat velosip\u0113ds. Pateicoties div\u0101m ieej\u0101m, izzudusi ieejas &#8220;aizbarik\u0101d\u0113&scaron;anas&#8221; probl\u0113ma. &Scaron;\u012b ir tipiska telts velot\u016brismam, p\u0101rg\u0101jieniem vai ilgsto&scaron;ai dz\u012bvo&scaron;anai dab\u0101. Bizon teltij [&hellip;]<\/p>\n","protected":false},"featured_media":0,"template":"","meta":[],"product_brand":[954],"product_cat":[4558,4568,4640,4954],"product_tag":[],"class_list":{"0":"post-76416","1":"product","2":"type-product","3":"status-publish","5":"product_brand-husky","6":"product_cat-for-tourism-recreation","7":"product_cat-tents-for-tourism-recreation","8":"product_cat-recreation","9":"product_cat-husky-tents-tents-for-tourism-recreation","11":"first","12":"instock","13":"shipping-taxable","14":"purchasable","15":"product-type-simple"},"_links":{"self":[{"href":"https:\/\/sezona.lv\/en\/wp-json\/wp\/v2\/product\/76416","targetHints":{"allow":["GET"]}}],"collection":[{"href":"https:\/\/sezona.lv\/en\/wp-json\/wp\/v2\/product"}],"about":[{"href":"https:\/\/sezona.lv\/en\/wp-json\/wp\/v2\/types\/product"}],"wp:attachment":[{"href":"https:\/\/sezona.lv\/en\/wp-json\/wp\/v2\/media?parent=76416"}],"wp:term":[{"taxonomy":"product_brand","embeddable":true,"href":"https:\/\/sezona.lv\/en\/wp-json\/wp\/v2\/product_brand?post=76416"},{"taxonomy":"product_cat","embeddable":true,"href":"https:\/\/sezona.lv\/en\/wp-json\/wp\/v2\/product_cat?post=76416"},{"taxonomy":"product_tag","embeddable":true,"href":"https:\/\/sezona.lv\/en\/wp-json\/wp\/v2\/product_tag?post=76416"}],"curies":[{"name":"wp","href":"https:\/\/api.w.org\/{rel}","templated":true}]}}