{"id":76417,"date":"2025-07-11T15:45:45","date_gmt":"2025-07-11T12:45:45","guid":{"rendered":"https:\/\/demo8.ecube.lv\/sezona.lv\/products\/husky-sawaj-2-green-telts\/"},"modified":"2025-07-14T14:50:49","modified_gmt":"2025-07-14T11:50:49","slug":"husky-sawaj-2-green-telts","status":"publish","type":"product","link":"https:\/\/sezona.lv\/en\/products\/husky-sawaj-2-green-telts\/","title":{"rendered":"Husky SAWAJ 2 GREEN telts"},"content":{"rendered":"<p>Sawaj ir visiem br\u012bvdabas entuziastiem, kas mekl\u0113 \u012bpa&scaron;i vieglas teltis. Jaunais, ar silikonu apstr\u0101d\u0101tais \u0101r\u0113jais sl\u0101nis \u013c\u0101vis sasniegt iespaid\u012bgi zemu svaru &#8211; vien 2,20 kg. Situ\u0101cij\u0101s, kur svaram ir noz\u012bme &#8211; velot\u016brism\u0101, p\u0101rg\u0101jienos vai k\u0101pienos kalnos -, Sawaj ir \u012bst\u0101 izv\u0113le.&nbsp;<\/p>\n<p>Sawaj teltij ir divi sl\u0101\u0146i un t\u0101s iek&scaron;\u0113jo konstrukciju notur 8,5mm diametra duralum\u012bnija loki. Telts \u0101r\u0113jais sl\u0101nis veidots no 30D 280T poliestera ar RipStop tehnolo\u0123iju boj\u0101jumu aizkav\u0113&scaron;anai. \u0100r\u0113j\u0101 sl\u0101\u0146a \u016bdensiztur\u012bba ir 3000 mm\/cm2. Iek&scaron;\u0113jais sl\u0101nis izgatavots no elpojo&scaron;a 190T neilona ar insektu t\u012bklu. Telts gr\u012bda veidota no 190T poliestera ar poliuret\u0101na p\u0101rkl\u0101jumu (\u016bdensiztur\u012bba &#8211; 8000 mm\/cm2).<\/p>\n<p>S\u012aK\u0100KA INFORM\u0100CIJA<\/p>\n<div id=\"more_info_sheets\" class=\"sheets align_justify\">\n<ul id=\"idTab2\" class=\"bullet\">\n<li>Augstums:&nbsp;120cm<\/li>\n<li>Ieeju skaits:&nbsp;2<\/li>\n<li>Mieti\u0146u diametrs:&nbsp;8,5mm<\/li>\n<li>Mieti\u0146u materi\u0101ls:&nbsp;Dural 7001 T6 alum\u012bnijs<\/li>\n<li>Svars:&nbsp;2,50kg<\/li>\n<li>Gr\u012bdas \u016bdens notur\u012bba:&nbsp;8000mm\/h2o\/24h<\/li>\n<li>Telts virspuses \u016bdens notur\u012bba:&nbsp;3000mm\/h2o\/24h<\/li>\n<li>Vietu skaits:&nbsp;2<\/li>\n<li>Gr\u012bdas materi\u0101ls:&nbsp;190T Polyester, PU coating 8 000mm<\/li>\n<li>Iek&scaron;\u0113j\u0101s telts materi\u0101ls:&nbsp;breathable Nylon 190T + mesh mosquito net<\/li>\n<li>Iepakojuma izm\u0113rs:&nbsp;50 x 13 cm<\/li>\n<li>Iepakojums:&nbsp;set of light duralumin pegs, repair service kit, compression sack<\/li>\n<li>Izm\u0113rs:&nbsp;210 &times; 225 &times; 120cm<\/li>\n<li>Virspuses telts materi\u0101ls:&nbsp;30D 280T Polyester RipStop, silicone coating 3 000mm<\/li>\n<\/ul>\n<\/div>\n","protected":false},"excerpt":{"rendered":"<p>Sawaj ir visiem br\u012bvdabas entuziastiem, kas mekl\u0113 \u012bpa&scaron;i vieglas teltis. Jaunais, ar silikonu apstr\u0101d\u0101tais \u0101r\u0113jais sl\u0101nis \u013c\u0101vis sasniegt iespaid\u012bgi zemu svaru &#8211; vien 2,20 kg. Situ\u0101cij\u0101s, kur svaram ir noz\u012bme &#8211; velot\u016brism\u0101, p\u0101rg\u0101jienos vai k\u0101pienos kalnos -, Sawaj ir \u012bst\u0101 izv\u0113le.&nbsp; Sawaj teltij ir divi sl\u0101\u0146i un t\u0101s iek&scaron;\u0113jo konstrukciju notur 8,5mm diametra duralum\u012bnija loki. [&hellip;]<\/p>\n","protected":false},"featured_media":61281,"template":"","meta":[],"product_brand":[954],"product_cat":[4558,4568,4954],"product_tag":[],"class_list":{"0":"post-76417","1":"product","2":"type-product","3":"status-publish","4":"has-post-thumbnail","6":"product_brand-husky","7":"product_cat-for-tourism-recreation","8":"product_cat-tents-for-tourism-recreation","9":"product_cat-husky-tents-tents-for-tourism-recreation","11":"first","12":"instock","13":"shipping-taxable","14":"purchasable","15":"product-type-simple"},"_links":{"self":[{"href":"https:\/\/sezona.lv\/en\/wp-json\/wp\/v2\/product\/76417","targetHints":{"allow":["GET"]}}],"collection":[{"href":"https:\/\/sezona.lv\/en\/wp-json\/wp\/v2\/product"}],"about":[{"href":"https:\/\/sezona.lv\/en\/wp-json\/wp\/v2\/types\/product"}],"wp:featuredmedia":[{"embeddable":true,"href":"https:\/\/sezona.lv\/en\/wp-json\/wp\/v2\/media\/61281"}],"wp:attachment":[{"href":"https:\/\/sezona.lv\/en\/wp-json\/wp\/v2\/media?parent=76417"}],"wp:term":[{"taxonomy":"product_brand","embeddable":true,"href":"https:\/\/sezona.lv\/en\/wp-json\/wp\/v2\/product_brand?post=76417"},{"taxonomy":"product_cat","embeddable":true,"href":"https:\/\/sezona.lv\/en\/wp-json\/wp\/v2\/product_cat?post=76417"},{"taxonomy":"product_tag","embeddable":true,"href":"https:\/\/sezona.lv\/en\/wp-json\/wp\/v2\/product_tag?post=76417"}],"curies":[{"name":"wp","href":"https:\/\/api.w.org\/{rel}","templated":true}]}}