{"id":76419,"date":"2025-07-11T15:45:56","date_gmt":"2025-07-11T12:45:56","guid":{"rendered":"https:\/\/demo8.ecube.lv\/sezona.lv\/products\/trimm-delta-d-telts\/"},"modified":"2025-07-14T14:50:51","modified_gmt":"2025-07-14T11:50:51","slug":"trimm-delta-d-telts","status":"publish","type":"product","link":"https:\/\/sezona.lv\/en\/products\/trimm-delta-d-telts\/","title":{"rendered":"Trimm DELTA &#8211; D telts"},"content":{"rendered":"<p>Delta D ir \u013coti viegla telts div\u0101m personai, ko iesp\u0113jams lietot vis\u0101s  sezon\u0101s. \u0145emot v\u0113r\u0101 telts svaru un p\u0101rvad\u0101&scaron;anas izm\u0113rus, t\u0101 ir ide\u0101la,  p\u0101rvietojoties ar velosip\u0113du, laivu vai k\u0101j\u0101m. Delta D ir lieliska sava  vienk\u0101r&scaron;uma un iztur\u012bg\u0101s konstrukcijas d\u0113\u013c. Teltij ir pla&scaron;a priek&scaron;telpa  un plata ieeja.<\/p>\n<p>S\u012aK\u0100KA INFORM\u0100CIJA<\/p>\n<div id=\"more_info_sheets\" class=\"sheets align_justify\">\n<ul id=\"idTab2\" class=\"bullet\">\n<li><span>Gr\u012bdas izm\u0113ri:<\/span> 130cm x 230cm<\/li>\n<li><span>Gr\u012bdas materi\u0101ls:<\/span> 100 % nylon PU10000mm H2O<\/li>\n<li><span>Gr\u012bdas \u016bdens notur\u012bba:<\/span> 10000mm<\/li>\n<li><span>Ieeju skaits:<\/span> 1<\/li>\n<li><span>Iek&scaron;\u0113j\u0101s telts materi\u0101ls:<\/span> permeable WR 100 % PES<\/li>\n<li><span>Iepakojuma izm\u0113rs:<\/span> 15 x 15 x 43 cm<\/li>\n<li><span>Izm\u0113rs:<\/span> (65 + 210) x 130 \/ 95<\/li>\n<li><span>Mieti\u0146u diametrs:<\/span> 8,5mm<\/li>\n<li><span>Mieti\u0146u materi\u0101ls:<\/span> Dural 7001 T6, 8,5 mm<\/li>\n<li><span>Ra\u017eot\u0101js:<\/span> TRIMM<\/li>\n<li><span>Svars:<\/span> 2,20kg<\/li>\n<li><span>Telts virspuses \u016bdens notur\u012bba:<\/span> 4000mm<\/li>\n<li><span>Virspuses telts materi\u0101ls:<\/span> 100 % polyester, 4000 mm H2O<\/li>\n<\/ul>\n<\/div>\n","protected":false},"excerpt":{"rendered":"<p>Delta D ir \u013coti viegla telts div\u0101m personai, ko iesp\u0113jams lietot vis\u0101s sezon\u0101s. \u0145emot v\u0113r\u0101 telts svaru un p\u0101rvad\u0101&scaron;anas izm\u0113rus, t\u0101 ir ide\u0101la, p\u0101rvietojoties ar velosip\u0113du, laivu vai k\u0101j\u0101m. Delta D ir lieliska sava vienk\u0101r&scaron;uma un iztur\u012bg\u0101s konstrukcijas d\u0113\u013c. Teltij ir pla&scaron;a priek&scaron;telpa un plata ieeja. S\u012aK\u0100KA INFORM\u0100CIJA Gr\u012bdas izm\u0113ri: 130cm x 230cm Gr\u012bdas materi\u0101ls: [&hellip;]<\/p>\n","protected":false},"featured_media":61295,"template":"","meta":[],"product_brand":[953],"product_cat":[4558,4568,4960],"product_tag":[],"class_list":{"0":"post-76419","1":"product","2":"type-product","3":"status-publish","4":"has-post-thumbnail","6":"product_brand-trimm","7":"product_cat-for-tourism-recreation","8":"product_cat-tents-for-tourism-recreation","9":"product_cat-trimm-tents-tents-for-tourism-recreation","11":"first","12":"instock","13":"shipping-taxable","14":"purchasable","15":"product-type-simple"},"_links":{"self":[{"href":"https:\/\/sezona.lv\/en\/wp-json\/wp\/v2\/product\/76419","targetHints":{"allow":["GET"]}}],"collection":[{"href":"https:\/\/sezona.lv\/en\/wp-json\/wp\/v2\/product"}],"about":[{"href":"https:\/\/sezona.lv\/en\/wp-json\/wp\/v2\/types\/product"}],"wp:featuredmedia":[{"embeddable":true,"href":"https:\/\/sezona.lv\/en\/wp-json\/wp\/v2\/media\/61295"}],"wp:attachment":[{"href":"https:\/\/sezona.lv\/en\/wp-json\/wp\/v2\/media?parent=76419"}],"wp:term":[{"taxonomy":"product_brand","embeddable":true,"href":"https:\/\/sezona.lv\/en\/wp-json\/wp\/v2\/product_brand?post=76419"},{"taxonomy":"product_cat","embeddable":true,"href":"https:\/\/sezona.lv\/en\/wp-json\/wp\/v2\/product_cat?post=76419"},{"taxonomy":"product_tag","embeddable":true,"href":"https:\/\/sezona.lv\/en\/wp-json\/wp\/v2\/product_tag?post=76419"}],"curies":[{"name":"wp","href":"https:\/\/api.w.org\/{rel}","templated":true}]}}