{"id":76420,"date":"2025-07-11T15:45:59","date_gmt":"2025-07-11T12:45:59","guid":{"rendered":"https:\/\/demo8.ecube.lv\/sezona.lv\/products\/husky-bright-4-green-telts\/"},"modified":"2025-07-14T14:50:51","modified_gmt":"2025-07-14T11:50:51","slug":"husky-bright-4-green-telts","status":"publish","type":"product","link":"https:\/\/sezona.lv\/en\/products\/husky-bright-4-green-telts\/","title":{"rendered":"Husky BRIGHT 4 GREEN telts"},"content":{"rendered":"<p>L\u012bdz\u012bgi k\u0101 telts Husky Beast, Bright modelim ir iek&scaron;\u0113j\u0101 duralum\u012bnija  loku konstrukcija. &Scaron;aj\u0101 telt\u012b nakti komfortabli p\u0101rlaist var \u010detri  ce\u013cot\u0101ji. Telts, kuras izm\u0113ra, ietilp\u012bbas un svara kombin\u0101cija tuvojas  ide\u0101lam.<\/p>\n<p>Bright teltij ir divi sl\u0101\u0146i un 8,5mm diametra  duralum\u012bnija loki. Telts \u0101r\u0113jais sl\u0101nis veidots no 210T poliestera ar  RipStop tehnolo\u0123iju boj\u0101jumu aizkav\u0113&scaron;anai. \u0100r\u0113j\u0101 sl\u0101\u0146a \u016bdensiztur\u012bba ir  5000 mm\/cm2. Iek&scaron;\u0113jais sl\u0101nis izgatavots no elpojo&scaron;a 190T neilona ar  insektu t\u012bklu ventil\u0101cijai. Telts gr\u012bda veidota no 190T poliestera ar  poliuret\u0101na p\u0101rkl\u0101jumu (\u016bdensiztur\u012bba &#8211; 8000 mm\/cm2).<\/p>\n<p>S\u012aK\u0100KA INFORM\u0100CIJA<\/p>\n<div id=\"more_info_sheets\" class=\"sheets align_justify\">\n<ul id=\"idTab2\" class=\"bullet\">\n<li><span>Augstums:<\/span> 130cm<\/li>\n<li><span>Ieeju skaits:<\/span> 2<\/li>\n<li><span>Mieti\u0146u diametrs:<\/span> 8,5mm<\/li>\n<li><span>Mieti\u0146u materi\u0101ls:<\/span> Dural 7001 T6 alum\u012bnijs<\/li>\n<li><span>Svars:<\/span> 3,50kg<\/li>\n<li><span>Gr\u012bdas \u016bdens notur\u012bba:<\/span> 8000mm\/h2o\/24h<\/li>\n<li><span>Telts virspuses \u016bdens notur\u012bba:<\/span> 5000mm\/h2o\/24h<\/li>\n<li><span>Vietu skaits:<\/span> 4<\/li>\n<li><span>Gr\u012bdas materi\u0101ls:<\/span> 190T Polyester, PU coating 8 000mm\/cm 2<\/li>\n<li><span>Iek&scaron;\u0113j\u0101s telts materi\u0101ls:<\/span> breathable Nylon 190T + mesh mosquito net<\/li>\n<li><span>Iepakojuma izm\u0113rs:<\/span> 50 x 18 cm<\/li>\n<li><span>Iepakojums:<\/span> set of light duralumin pegs, repair service kit, compression sack<\/li>\n<li><span>Izm\u0113rs:<\/span> 210 &times; 400 &times; 130&nbsp;  cm<\/li>\n<li><span>Ra\u017eot\u0101js:<\/span> HUSKY<\/li>\n<li><span>Virspuses telts materi\u0101ls:<\/span> 210T Polyester RipStop, PUcoating 5 000mm\/cm 2<\/li>\n<\/ul>\n<\/div>\n","protected":false},"excerpt":{"rendered":"<p>L\u012bdz\u012bgi k\u0101 telts Husky Beast, Bright modelim ir iek&scaron;\u0113j\u0101 duralum\u012bnija loku konstrukcija. &Scaron;aj\u0101 telt\u012b nakti komfortabli p\u0101rlaist var \u010detri ce\u013cot\u0101ji. Telts, kuras izm\u0113ra, ietilp\u012bbas un svara kombin\u0101cija tuvojas ide\u0101lam. Bright teltij ir divi sl\u0101\u0146i un 8,5mm diametra duralum\u012bnija loki. Telts \u0101r\u0113jais sl\u0101nis veidots no 210T poliestera ar RipStop tehnolo\u0123iju boj\u0101jumu aizkav\u0113&scaron;anai. \u0100r\u0113j\u0101 sl\u0101\u0146a \u016bdensiztur\u012bba ir [&hellip;]<\/p>\n","protected":false},"featured_media":61302,"template":"","meta":[],"product_brand":[954],"product_cat":[4558,4568,4954],"product_tag":[],"class_list":{"0":"post-76420","1":"product","2":"type-product","3":"status-publish","4":"has-post-thumbnail","6":"product_brand-husky","7":"product_cat-for-tourism-recreation","8":"product_cat-tents-for-tourism-recreation","9":"product_cat-husky-tents-tents-for-tourism-recreation","11":"first","12":"instock","13":"shipping-taxable","14":"purchasable","15":"product-type-simple"},"_links":{"self":[{"href":"https:\/\/sezona.lv\/en\/wp-json\/wp\/v2\/product\/76420","targetHints":{"allow":["GET"]}}],"collection":[{"href":"https:\/\/sezona.lv\/en\/wp-json\/wp\/v2\/product"}],"about":[{"href":"https:\/\/sezona.lv\/en\/wp-json\/wp\/v2\/types\/product"}],"wp:featuredmedia":[{"embeddable":true,"href":"https:\/\/sezona.lv\/en\/wp-json\/wp\/v2\/media\/61302"}],"wp:attachment":[{"href":"https:\/\/sezona.lv\/en\/wp-json\/wp\/v2\/media?parent=76420"}],"wp:term":[{"taxonomy":"product_brand","embeddable":true,"href":"https:\/\/sezona.lv\/en\/wp-json\/wp\/v2\/product_brand?post=76420"},{"taxonomy":"product_cat","embeddable":true,"href":"https:\/\/sezona.lv\/en\/wp-json\/wp\/v2\/product_cat?post=76420"},{"taxonomy":"product_tag","embeddable":true,"href":"https:\/\/sezona.lv\/en\/wp-json\/wp\/v2\/product_tag?post=76420"}],"curies":[{"name":"wp","href":"https:\/\/api.w.org\/{rel}","templated":true}]}}