{"id":76422,"date":"2025-07-11T15:46:09","date_gmt":"2025-07-11T12:46:09","guid":{"rendered":"https:\/\/demo8.ecube.lv\/sezona.lv\/products\/trimm-frontier-d-telts\/"},"modified":"2025-07-14T14:50:53","modified_gmt":"2025-07-14T11:50:53","slug":"trimm-frontier-d-telts","status":"publish","type":"product","link":"https:\/\/sezona.lv\/en\/products\/trimm-frontier-d-telts\/","title":{"rendered":"Trimm FRONTIER &#8211; D telts"},"content":{"rendered":"<p>&Scaron;\u012b telts paredz\u0113ta div\u0101m l\u012bdz tr\u012bs person\u0101m. Frontier D maksim\u0101lam  komfortam ir paredz\u0113tas divas ieejas ar priek&scaron;namiem. Telts b\u016bs noder\u012bga  pat skarb\u0101kajos kalnos un bargos laika apst\u0101k\u013cos. Tr\u012bs duralum\u012bnija  loku sist\u0113ma efekt\u012bvi sarg\u0101s no v\u0113ja br\u0101zm\u0101m, savuk\u0101rt pla&scaron;ajos  priek&scaron;namos b\u016bs iesp\u0113jams gatavot \u0113st vai atst\u0101t mugursomas.<\/p>\n<p>S\u012aK\u0100KA INFORM\u0100CIJA<\/p>\n<div id=\"more_info_sheets\" class=\"sheets align_justify\">\n<ul id=\"idTab2\" class=\"bullet\">\n<li><span>Gr\u012bdas izm\u0113ri:<\/span> 150cm x 220cm<\/li>\n<li><span>Gr\u012bdas materi\u0101ls:<\/span> 100 % nylon PU10000 mm H2O<\/li>\n<li><span>Gr\u012bdas \u016bdens notur\u012bba:<\/span> 10000mm<\/li>\n<li><span>Augstums:<\/span> 115cm<\/li>\n<li><span>Iek&scaron;\u0113j\u0101s telts materi\u0101ls:<\/span> permeable WR 100 % PES<\/li>\n<li><span>Ieeju skaits:<\/span> 1<\/li>\n<li><span>Iepakojuma izm\u0113rs:<\/span> 15 x 15 x 51 cm<\/li>\n<li><span>Mieti\u0146u diametrs:<\/span> 8,5mm \/ 9,5mm<\/li>\n<li><span>Mieti\u0146u materi\u0101ls:<\/span> Dural 7001 T6, 8,5 mm, 9,5 mm<\/li>\n<li><span>Ra\u017eot\u0101js:<\/span> TRIMM<\/li>\n<li><span>Virspuses telts materi\u0101ls:<\/span> 100% polyester, 4000 mm H2O<\/li>\n<li><span>Izm\u0113rs:<\/span> (80 + 150 + 80) x 220 \/ 115<\/li>\n<li><span>Vietu skaits:<\/span> 2 &#8211; 3<\/li>\n<li><span>Telts virspuses \u016bdens notur\u012bba:<\/span> 4000mm<\/li>\n<li><span>Svars:<\/span> 3,5kg<\/li>\n<\/ul>\n<\/div>\n<p>&nbsp;<\/p>\n","protected":false},"excerpt":{"rendered":"<p>&Scaron;\u012b telts paredz\u0113ta div\u0101m l\u012bdz tr\u012bs person\u0101m. Frontier D maksim\u0101lam komfortam ir paredz\u0113tas divas ieejas ar priek&scaron;namiem. Telts b\u016bs noder\u012bga pat skarb\u0101kajos kalnos un bargos laika apst\u0101k\u013cos. Tr\u012bs duralum\u012bnija loku sist\u0113ma efekt\u012bvi sarg\u0101s no v\u0113ja br\u0101zm\u0101m, savuk\u0101rt pla&scaron;ajos priek&scaron;namos b\u016bs iesp\u0113jams gatavot \u0113st vai atst\u0101t mugursomas. S\u012aK\u0100KA INFORM\u0100CIJA Gr\u012bdas izm\u0113ri: 150cm x 220cm Gr\u012bdas materi\u0101ls: [&hellip;]<\/p>\n","protected":false},"featured_media":61316,"template":"","meta":[],"product_brand":[953],"product_cat":[4558,4568,4960],"product_tag":[],"class_list":{"0":"post-76422","1":"product","2":"type-product","3":"status-publish","4":"has-post-thumbnail","6":"product_brand-trimm","7":"product_cat-for-tourism-recreation","8":"product_cat-tents-for-tourism-recreation","9":"product_cat-trimm-tents-tents-for-tourism-recreation","11":"first","12":"instock","13":"shipping-taxable","14":"purchasable","15":"product-type-simple"},"_links":{"self":[{"href":"https:\/\/sezona.lv\/en\/wp-json\/wp\/v2\/product\/76422","targetHints":{"allow":["GET"]}}],"collection":[{"href":"https:\/\/sezona.lv\/en\/wp-json\/wp\/v2\/product"}],"about":[{"href":"https:\/\/sezona.lv\/en\/wp-json\/wp\/v2\/types\/product"}],"wp:featuredmedia":[{"embeddable":true,"href":"https:\/\/sezona.lv\/en\/wp-json\/wp\/v2\/media\/61316"}],"wp:attachment":[{"href":"https:\/\/sezona.lv\/en\/wp-json\/wp\/v2\/media?parent=76422"}],"wp:term":[{"taxonomy":"product_brand","embeddable":true,"href":"https:\/\/sezona.lv\/en\/wp-json\/wp\/v2\/product_brand?post=76422"},{"taxonomy":"product_cat","embeddable":true,"href":"https:\/\/sezona.lv\/en\/wp-json\/wp\/v2\/product_cat?post=76422"},{"taxonomy":"product_tag","embeddable":true,"href":"https:\/\/sezona.lv\/en\/wp-json\/wp\/v2\/product_tag?post=76422"}],"curies":[{"name":"wp","href":"https:\/\/api.w.org\/{rel}","templated":true}]}}