{"id":76424,"date":"2025-07-11T15:46:18","date_gmt":"2025-07-11T12:46:18","guid":{"rendered":"https:\/\/demo8.ecube.lv\/sezona.lv\/products\/husky-bigless-5-telts\/"},"modified":"2025-07-14T14:50:55","modified_gmt":"2025-07-14T11:50:55","slug":"husky-bigless-5-telts","status":"publish","type":"product","link":"https:\/\/sezona.lv\/en\/products\/husky-bigless-5-telts\/","title":{"rendered":"Husky BIGLESS 5 telts"},"content":{"rendered":"<p>S\u012aK\u0100KA INFORM\u0100CIJA<\/p>\n<div id=\"more_info_sheets\" class=\"sheets align_justify\">\n<ul id=\"idTab2\" class=\"bullet\">\n<li><span>Ieeju skaits:<\/span> 1<\/li>\n<li><span>Mieti\u0146u materi\u0101ls:<\/span> Durawarp stikla&scaron;\u0137iedra<\/li>\n<li><span>Gr\u012bdas \u016bdens notur\u012bba:<\/span> 5000mm\/h2o\/24h<\/li>\n<li><span>Telts virspuses \u016bdens notur\u012bba:<\/span> 3000mm\/h2o\/24h<\/li>\n<li><span>Vietu skaits:<\/span> 5<\/li>\n<li><span>Augstums:<\/span> 190cm<\/li>\n<li><span>Gr\u012bdas materi\u0101ls:<\/span> layred PE with coating 5 000 mm\/cm 2<\/li>\n<li><span>Iek&scaron;\u0113j\u0101s telts materi\u0101ls:<\/span> breathable Nylon 190T + mesh mosquito net<\/li>\n<li><span>Iepakojuma izm\u0113rs:<\/span> 60 x 23 cm<\/li>\n<li><span>Iepakojums:<\/span> set of steel pegs, repair service kit, compression sack, detachable floor made of layered polyester<\/li>\n<li><span>Izm\u0113rs:<\/span> 290 &times; 390 &times; 190&nbsp; cm<\/li>\n<li><span>Mieti\u0146u diametrs:<\/span> 11mm<\/li>\n<li><span>Ra\u017eot\u0101js:<\/span> HUSKY<\/li>\n<li><span>Svars:<\/span> 9,00kg<\/li>\n<li><span>Virspuses telts materi\u0101ls:<\/span> 185 Polyester, PU coating 3 000 mm\/cm 2<\/li>\n<\/ul>\n<\/div>\n","protected":false},"excerpt":{"rendered":"<p>S\u012aK\u0100KA INFORM\u0100CIJA Ieeju skaits: 1 Mieti\u0146u materi\u0101ls: Durawarp stikla&scaron;\u0137iedra Gr\u012bdas \u016bdens notur\u012bba: 5000mm\/h2o\/24h Telts virspuses \u016bdens notur\u012bba: 3000mm\/h2o\/24h Vietu skaits: 5 Augstums: 190cm Gr\u012bdas materi\u0101ls: layred PE with coating 5 000 mm\/cm 2 Iek&scaron;\u0113j\u0101s telts materi\u0101ls: breathable Nylon 190T + mesh mosquito net Iepakojuma izm\u0113rs: 60 x 23 cm Iepakojums: set of steel pegs, repair [&hellip;]<\/p>\n","protected":false},"featured_media":61330,"template":"","meta":[],"product_brand":[954],"product_cat":[4558,4568,4954],"product_tag":[],"class_list":{"0":"post-76424","1":"product","2":"type-product","3":"status-publish","4":"has-post-thumbnail","6":"product_brand-husky","7":"product_cat-for-tourism-recreation","8":"product_cat-tents-for-tourism-recreation","9":"product_cat-husky-tents-tents-for-tourism-recreation","11":"first","12":"instock","13":"shipping-taxable","14":"purchasable","15":"product-type-simple"},"_links":{"self":[{"href":"https:\/\/sezona.lv\/en\/wp-json\/wp\/v2\/product\/76424","targetHints":{"allow":["GET"]}}],"collection":[{"href":"https:\/\/sezona.lv\/en\/wp-json\/wp\/v2\/product"}],"about":[{"href":"https:\/\/sezona.lv\/en\/wp-json\/wp\/v2\/types\/product"}],"wp:featuredmedia":[{"embeddable":true,"href":"https:\/\/sezona.lv\/en\/wp-json\/wp\/v2\/media\/61330"}],"wp:attachment":[{"href":"https:\/\/sezona.lv\/en\/wp-json\/wp\/v2\/media?parent=76424"}],"wp:term":[{"taxonomy":"product_brand","embeddable":true,"href":"https:\/\/sezona.lv\/en\/wp-json\/wp\/v2\/product_brand?post=76424"},{"taxonomy":"product_cat","embeddable":true,"href":"https:\/\/sezona.lv\/en\/wp-json\/wp\/v2\/product_cat?post=76424"},{"taxonomy":"product_tag","embeddable":true,"href":"https:\/\/sezona.lv\/en\/wp-json\/wp\/v2\/product_tag?post=76424"}],"curies":[{"name":"wp","href":"https:\/\/api.w.org\/{rel}","templated":true}]}}