{"id":76425,"date":"2025-07-11T15:46:22","date_gmt":"2025-07-11T12:46:22","guid":{"rendered":"https:\/\/demo8.ecube.lv\/sezona.lv\/products\/trimm-largo-d-lime-telts\/"},"modified":"2025-07-14T14:50:56","modified_gmt":"2025-07-14T11:50:56","slug":"trimm-largo-d-lime-telts","status":"publish","type":"product","link":"https:\/\/sezona.lv\/en\/products\/trimm-largo-d-lime-telts\/","title":{"rendered":"Trimm LARGO &#8211; D lime telts"},"content":{"rendered":"<p>Largo D ir telts tr\u012bs l\u012bdz \u010detriem cilv\u0113kiem. Tai ir standarta uzb\u016bve ar  vienu priek&scaron;namu un ieeju. &Scaron;\u012b ir ide\u0101la telts ikdienas lieto&scaron;anai, ta\u010du  t\u0101 b\u016bs noder\u012bga ar\u012b barg\u0101kos laika apst\u0101k\u013cos. Largo D \u0113rt\u0101 uzslie&scaron;ana  un zemais svars ir telts liel\u0101k\u0101s priek&scaron;roc\u012bbas. Telts apr\u012bkota ar  duralum\u012bnija lokiem.<\/p>\n<p>S\u012aK\u0100KA INFORM\u0100CIJA<\/p>\n<div id=\"more_info_sheets\" class=\"sheets align_justify\">\n<ul id=\"idTab2\" class=\"bullet\">\n<li><span>Gr\u012bdas izm\u0113ri:<\/span> 205cm x 220cm<\/li>\n<li><span>Gr\u012bdas materi\u0101ls:<\/span> 100 % nylon PU10000mm H2O<\/li>\n<li><span>Gr\u012bdas \u016bdens notur\u012bba:<\/span> 10000mm<\/li>\n<li><span>Augstums:<\/span> 125cm<\/li>\n<li><span>Iek&scaron;\u0113j\u0101s telts materi\u0101ls:<\/span> permeable WR 100 % PES<\/li>\n<li><span>Ieeju skaits:<\/span> 1<\/li>\n<li><span>Iepakojuma izm\u0113rs:<\/span> 16 x 16 x 43 cm<\/li>\n<li><span>Mieti\u0146u diametrs:<\/span> 8,5mm \/ 9,5mm<\/li>\n<li><span>Mieti\u0146u materi\u0101ls:<\/span> Dural 7001 T6, 8,5 mm, 9,5 mm<\/li>\n<li><span>Ra\u017eot\u0101js:<\/span> TRIMM<\/li>\n<li><span>Virspuses telts materi\u0101ls:<\/span> 100% polyester, 4000 mm H2O<\/li>\n<li><span>Izm\u0113rs:<\/span> (220 + 90) x 205 \/ 125<\/li>\n<li><span>Vietu skaits:<\/span> 3 &#8211; 4<\/li>\n<li><span>Telts virspuses \u016bdens notur\u012bba:<\/span> 4000mm<\/li>\n<li><span>Svars:<\/span> 3,40kg<\/li>\n<\/ul>\n<\/div>\n","protected":false},"excerpt":{"rendered":"<p>Largo D ir telts tr\u012bs l\u012bdz \u010detriem cilv\u0113kiem. Tai ir standarta uzb\u016bve ar vienu priek&scaron;namu un ieeju. &Scaron;\u012b ir ide\u0101la telts ikdienas lieto&scaron;anai, ta\u010du t\u0101 b\u016bs noder\u012bga ar\u012b barg\u0101kos laika apst\u0101k\u013cos. Largo D \u0113rt\u0101 uzslie&scaron;ana un zemais svars ir telts liel\u0101k\u0101s priek&scaron;roc\u012bbas. Telts apr\u012bkota ar duralum\u012bnija lokiem. S\u012aK\u0100KA INFORM\u0100CIJA Gr\u012bdas izm\u0113ri: 205cm x 220cm Gr\u012bdas [&hellip;]<\/p>\n","protected":false},"featured_media":61337,"template":"","meta":[],"product_brand":[953],"product_cat":[4558,4568,4960],"product_tag":[],"class_list":{"0":"post-76425","1":"product","2":"type-product","3":"status-publish","4":"has-post-thumbnail","6":"product_brand-trimm","7":"product_cat-for-tourism-recreation","8":"product_cat-tents-for-tourism-recreation","9":"product_cat-trimm-tents-tents-for-tourism-recreation","11":"first","12":"instock","13":"shipping-taxable","14":"purchasable","15":"product-type-simple"},"_links":{"self":[{"href":"https:\/\/sezona.lv\/en\/wp-json\/wp\/v2\/product\/76425","targetHints":{"allow":["GET"]}}],"collection":[{"href":"https:\/\/sezona.lv\/en\/wp-json\/wp\/v2\/product"}],"about":[{"href":"https:\/\/sezona.lv\/en\/wp-json\/wp\/v2\/types\/product"}],"wp:featuredmedia":[{"embeddable":true,"href":"https:\/\/sezona.lv\/en\/wp-json\/wp\/v2\/media\/61337"}],"wp:attachment":[{"href":"https:\/\/sezona.lv\/en\/wp-json\/wp\/v2\/media?parent=76425"}],"wp:term":[{"taxonomy":"product_brand","embeddable":true,"href":"https:\/\/sezona.lv\/en\/wp-json\/wp\/v2\/product_brand?post=76425"},{"taxonomy":"product_cat","embeddable":true,"href":"https:\/\/sezona.lv\/en\/wp-json\/wp\/v2\/product_cat?post=76425"},{"taxonomy":"product_tag","embeddable":true,"href":"https:\/\/sezona.lv\/en\/wp-json\/wp\/v2\/product_tag?post=76425"}],"curies":[{"name":"wp","href":"https:\/\/api.w.org\/{rel}","templated":true}]}}