{"id":76426,"date":"2025-07-11T15:46:27","date_gmt":"2025-07-11T12:46:27","guid":{"rendered":"https:\/\/demo8.ecube.lv\/sezona.lv\/products\/husky-felen-2-3-green-telts\/"},"modified":"2025-07-14T14:50:57","modified_gmt":"2025-07-14T11:50:57","slug":"husky-felen-2-3-green-telts","status":"publish","type":"product","link":"https:\/\/sezona.lv\/en\/products\/husky-felen-2-3-green-telts\/","title":{"rendered":"Husky FELEN 2-3 GREEN telts"},"content":{"rendered":"<p>Teltj ir pla&scaron;s priek&scaron;nams un, pateicoties loku stiprin\u0101&scaron;anai pie telts  \u0101r\u0113j\u0101 sl\u0101\u0146a, t\u0101 ir \u0101tri un \u0113rti uzst\u0101d\u0101ma ar\u012b ekstr\u0113mos laika apst\u0101k\u013cos.  Husky Felen konstrukcija nodro&scaron;ina lielisku telts stabilit\u0101ti visos  laika apst\u0101k\u013cos un piedz\u012bvojumos. Felen b\u016bs lielisks ce\u013cabiedrs jums un  da\u017eiem j\u016bsu draugiem.<\/p>\n<p>Telts \u0101r\u0113jais sl\u0101nis veidots no 210T  poliestera ar RipStop tehnolo\u0123iju boj\u0101jumu aizkav\u0113&scaron;anai. \u0100r\u0113j\u0101 sl\u0101\u0146a  \u016bdensiztur\u012bba ir 6000 mm\/cm2. Iek&scaron;\u0113jais sl\u0101nis izgatavots no elpojo&scaron;a  190T neilona ar insektu t\u012bklu lieliskai ventil\u0101cijai. Telts gr\u012bda  veidota no 190T poliestera ar poliuret\u0101na p\u0101rkl\u0101jumu (\u016bdensiztur\u012bba &#8211;  10000 mm\/cm2).<\/p>\n<p>S\u012aK\u0100KA INFORM\u0100CIJA<\/p>\n<div id=\"more_info_sheets\" class=\"sheets align_justify\">\n<ul id=\"idTab2\" class=\"bullet\">\n<li><span>Augstums:<\/span> 120cm<\/li>\n<li><span>Ieeju skaits:<\/span> 2<\/li>\n<li><span>Mieti\u0146u diametrs:<\/span> 8,5mm<\/li>\n<li><span>Mieti\u0146u materi\u0101ls:<\/span> Dural 7001 T6 alum\u012bnijs<\/li>\n<li><span>Svars:<\/span> 4,80kg<\/li>\n<li><span>Gr\u012bdas \u016bdens notur\u012bba:<\/span> 10000mm\/h2o\/24h<\/li>\n<li><span>Telts virspuses \u016bdens notur\u012bba:<\/span> 6000mm\/h2o\/24h<\/li>\n<li><span>Vietu skaits:<\/span> 2<\/li>\n<li><span>Gr\u012bdas materi\u0101ls:<\/span> 190T Polyester, PU Coating 10,000 mm\/cm 2<\/li>\n<li><span>Iek&scaron;\u0113j\u0101s telts materi\u0101ls:<\/span> Breathable nylon 210T + mesh mosquito net<\/li>\n<li><span>Iepakojuma izm\u0113rs:<\/span> 50&#215;20 cm<\/li>\n<li><span>Izm\u0113rs:<\/span> 165 x 340 x 120cm<\/li>\n<li><span>Ra\u017eot\u0101js:<\/span> HUSKY<\/li>\n<li><span>Virspuses telts materi\u0101ls:<\/span> 210T Polyester Ripstop, PU coating 6000mm\/cm2, taped seams<\/li>\n<\/ul>\n<\/div>\n<p>&nbsp;<\/p>\n","protected":false},"excerpt":{"rendered":"<p>Teltj ir pla&scaron;s priek&scaron;nams un, pateicoties loku stiprin\u0101&scaron;anai pie telts \u0101r\u0113j\u0101 sl\u0101\u0146a, t\u0101 ir \u0101tri un \u0113rti uzst\u0101d\u0101ma ar\u012b ekstr\u0113mos laika apst\u0101k\u013cos. Husky Felen konstrukcija nodro&scaron;ina lielisku telts stabilit\u0101ti visos laika apst\u0101k\u013cos un piedz\u012bvojumos. Felen b\u016bs lielisks ce\u013cabiedrs jums un da\u017eiem j\u016bsu draugiem. Telts \u0101r\u0113jais sl\u0101nis veidots no 210T poliestera ar RipStop tehnolo\u0123iju boj\u0101jumu aizkav\u0113&scaron;anai. [&hellip;]<\/p>\n","protected":false},"featured_media":61344,"template":"","meta":[],"product_brand":[954],"product_cat":[4558,4568,4954],"product_tag":[],"class_list":{"0":"post-76426","1":"product","2":"type-product","3":"status-publish","4":"has-post-thumbnail","6":"product_brand-husky","7":"product_cat-for-tourism-recreation","8":"product_cat-tents-for-tourism-recreation","9":"product_cat-husky-tents-tents-for-tourism-recreation","11":"first","12":"instock","13":"shipping-taxable","14":"purchasable","15":"product-type-simple"},"_links":{"self":[{"href":"https:\/\/sezona.lv\/en\/wp-json\/wp\/v2\/product\/76426","targetHints":{"allow":["GET"]}}],"collection":[{"href":"https:\/\/sezona.lv\/en\/wp-json\/wp\/v2\/product"}],"about":[{"href":"https:\/\/sezona.lv\/en\/wp-json\/wp\/v2\/types\/product"}],"wp:featuredmedia":[{"embeddable":true,"href":"https:\/\/sezona.lv\/en\/wp-json\/wp\/v2\/media\/61344"}],"wp:attachment":[{"href":"https:\/\/sezona.lv\/en\/wp-json\/wp\/v2\/media?parent=76426"}],"wp:term":[{"taxonomy":"product_brand","embeddable":true,"href":"https:\/\/sezona.lv\/en\/wp-json\/wp\/v2\/product_brand?post=76426"},{"taxonomy":"product_cat","embeddable":true,"href":"https:\/\/sezona.lv\/en\/wp-json\/wp\/v2\/product_cat?post=76426"},{"taxonomy":"product_tag","embeddable":true,"href":"https:\/\/sezona.lv\/en\/wp-json\/wp\/v2\/product_tag?post=76426"}],"curies":[{"name":"wp","href":"https:\/\/api.w.org\/{rel}","templated":true}]}}