{"id":76427,"date":"2025-07-14T14:50:58","date_gmt":"2025-07-14T11:50:58","guid":{"rendered":"https:\/\/demo8.ecube.lv\/sezona.lv\/products\/husky-felen-3-4-green-telts\/"},"modified":"2025-07-14T14:50:58","modified_gmt":"2025-07-14T11:50:58","slug":"husky-felen-3-4-green-telts","status":"publish","type":"product","link":"https:\/\/sezona.lv\/en\/products\/husky-felen-3-4-green-telts\/","title":{"rendered":"Husky FELEN 3-4 GREEN telts"},"content":{"rendered":"<p>Husky Felen ir jaunums ra\u017eot\u0101ja mode\u013cu kl\u0101st\u0101. &Scaron;\u012bs telts lokus  piestiprina \u0101r\u0113jam sl\u0101nim, kas veidots no auduma un plastik\u0101ta. T\u0101 tiek  nodro&scaron;in\u0101ta \u0101tra un \u0113rta telts uzst\u0101d\u012b&scaron;ana pat ekstr\u0113mos laika  apst\u0101k\u013cos. Felen ir \u012bpa&scaron;i stabila telts ar div\u0101m ieej\u0101m. &Scaron;\u012b telts ir  lieliska izv\u0113le ikkatram, kur&scaron; v\u0113las visos gadalaikos izmantojamu telti  ar kvalitat\u012bviem duralum\u012bnija lokiem. <\/p>\n<p>Telts \u0101r\u0113jais sl\u0101nis ir  veidots no 210T poliestera ar RipStop tehnolo\u0123iju boj\u0101jumu aizkav\u0113&scaron;anai.  \u0100r\u0113j\u0101 sl\u0101\u0146a \u016bdensiztur\u012bba ir 6000 mm\/cm2. Iek&scaron;\u0113jais sl\u0101nis izgatavots  no elpojo&scaron;a 190T neilona ar insektu t\u012bklu. Telts gr\u012bda veidota no 190T  poliestera ar poliuret\u0101na p\u0101rkl\u0101jumu (\u016bdensiztur\u012bba &#8211; 10000 mm\/cm2).<\/p>\n<p>S\u012aK\u0100KA INFORM\u0100CIJA<\/p>\n<div id=\"more_info_sheets\" class=\"sheets align_justify\">\n<ul id=\"idTab2\" class=\"bullet\">\n<li><span>Augstums:<\/span> 135cm<\/li>\n<li><span>Ieeju skaits:<\/span> 2<\/li>\n<li><span>Mieti\u0146u diametrs:<\/span> 8,5mm<\/li>\n<li><span>Mieti\u0146u materi\u0101ls:<\/span> Dural 7001 T6 alum\u012bnijs<\/li>\n<li><span>Svars:<\/span> 5,60kg<\/li>\n<li><span>Gr\u012bdas \u016bdens notur\u012bba:<\/span> 10000mm\/h2o\/24h<\/li>\n<li><span>Telts virspuses \u016bdens notur\u012bba:<\/span> 6000mm\/h2o\/24h<\/li>\n<li><span>Vietu skaits:<\/span> 3<\/li>\n<li><span>Gr\u012bdas materi\u0101ls:<\/span> 190T Polyester, PU coating 10 000mm\/cm2<\/li>\n<li><span>Iek&scaron;\u0113j\u0101s telts materi\u0101ls:<\/span> breathable Nylon 190T + mesh mosquito net<\/li>\n<li><span>Iepakojuma izm\u0113rs:<\/span> 58 x 18 cm<\/li>\n<li><span>Iepakojums:<\/span> set of light duralumin pegs, repair service kit, compression sack<\/li>\n<li><span>Virspuses telts materi\u0101ls:<\/span> 210T Polyester RipStop, PU PUcoating 6 000mm\/cm 2<\/li>\n<\/ul>\n<\/div>\n","protected":false},"excerpt":{"rendered":"<p>Husky Felen ir jaunums ra\u017eot\u0101ja mode\u013cu kl\u0101st\u0101. &Scaron;\u012bs telts lokus piestiprina \u0101r\u0113jam sl\u0101nim, kas veidots no auduma un plastik\u0101ta. T\u0101 tiek nodro&scaron;in\u0101ta \u0101tra un \u0113rta telts uzst\u0101d\u012b&scaron;ana pat ekstr\u0113mos laika apst\u0101k\u013cos. Felen ir \u012bpa&scaron;i stabila telts ar div\u0101m ieej\u0101m. &Scaron;\u012b telts ir lieliska izv\u0113le ikkatram, kur&scaron; v\u0113las visos gadalaikos izmantojamu telti ar kvalitat\u012bviem duralum\u012bnija lokiem. [&hellip;]<\/p>\n","protected":false},"featured_media":0,"template":"","meta":[],"product_brand":[954],"product_cat":[4558,4568,4640,4954],"product_tag":[],"class_list":{"0":"post-76427","1":"product","2":"type-product","3":"status-publish","5":"product_brand-husky","6":"product_cat-for-tourism-recreation","7":"product_cat-tents-for-tourism-recreation","8":"product_cat-recreation","9":"product_cat-husky-tents-tents-for-tourism-recreation","11":"first","12":"instock","13":"shipping-taxable","14":"purchasable","15":"product-type-simple"},"_links":{"self":[{"href":"https:\/\/sezona.lv\/en\/wp-json\/wp\/v2\/product\/76427","targetHints":{"allow":["GET"]}}],"collection":[{"href":"https:\/\/sezona.lv\/en\/wp-json\/wp\/v2\/product"}],"about":[{"href":"https:\/\/sezona.lv\/en\/wp-json\/wp\/v2\/types\/product"}],"wp:attachment":[{"href":"https:\/\/sezona.lv\/en\/wp-json\/wp\/v2\/media?parent=76427"}],"wp:term":[{"taxonomy":"product_brand","embeddable":true,"href":"https:\/\/sezona.lv\/en\/wp-json\/wp\/v2\/product_brand?post=76427"},{"taxonomy":"product_cat","embeddable":true,"href":"https:\/\/sezona.lv\/en\/wp-json\/wp\/v2\/product_cat?post=76427"},{"taxonomy":"product_tag","embeddable":true,"href":"https:\/\/sezona.lv\/en\/wp-json\/wp\/v2\/product_tag?post=76427"}],"curies":[{"name":"wp","href":"https:\/\/api.w.org\/{rel}","templated":true}]}}