{"id":76430,"date":"2025-07-11T15:46:34","date_gmt":"2025-07-11T12:46:34","guid":{"rendered":"https:\/\/demo8.ecube.lv\/sezona.lv\/products\/trimm-base-camp-d-orange-telts\/"},"modified":"2025-07-14T14:51:00","modified_gmt":"2025-07-14T11:51:00","slug":"trimm-base-camp-d-orange-telts","status":"publish","type":"product","link":"https:\/\/sezona.lv\/en\/products\/trimm-base-camp-d-orange-telts\/","title":{"rendered":"Trimm BASE CAMP &#8211; D orange telts"},"content":{"rendered":"<p>Base Camp D ir \u012bpa&scaron;i iztur\u012bga alpu klimatam piem\u0113rota telts, kas b\u016bs  labs pal\u012bgs pat sare\u017e\u0123\u012bt\u0101kaj\u0101s situ\u0101cij\u0101s. Optim\u0101ls galveno mezglu  izvietojums nodro&scaron;ina efekt\u012bvu aizsardz\u012bbu pret v\u0113ja br\u0101zm\u0101m pat  skarb\u0101kajos laika apst\u0101k\u013cos. Base Camp D ir divas ieejas ar pla&scaron;u  priek&scaron;namu un perfektu ventil\u0101ciju.<\/p>\n<p>S\u012aK\u0100KA INFORM\u0100CIJA<\/p>\n<div id=\"more_info_sheets\" class=\"sheets align_justify\">\n<ul id=\"idTab2\" class=\"bullet\">\n<li><span>Gr\u012bdas materi\u0101ls:<\/span> 100 % nylon PU10000 mm H2O<\/li>\n<li><span>Gr\u012bdas \u016bdens notur\u012bba:<\/span> 10000mm<\/li>\n<li><span>Augstums:<\/span> 125cm<\/li>\n<li><span>Iek&scaron;\u0113j\u0101s telts materi\u0101ls:<\/span> permeable WR 100 % PES<\/li>\n<li><span>Ieeju skaits:<\/span> 1<\/li>\n<li><span>Iepakojuma izm\u0113rs:<\/span> 18 x 18 x 50 cm<\/li>\n<li><span>Mieti\u0146u diametrs:<\/span> 8,5mm \/ 9,5mm<\/li>\n<li><span>Mieti\u0146u materi\u0101ls:<\/span> Dural 7001 T6, 8,5 mm, 9,5 mm<\/li>\n<li><span>Ra\u017eot\u0101js:<\/span> TRIMM<\/li>\n<li><span>Virspuses telts materi\u0101ls:<\/span> 100% polyester, 4000 mm H2O<\/li>\n<li><span>Izm\u0113rs:<\/span> 265 x (80 + 215 + 80) x 125<\/li>\n<li><span>Vietu skaits:<\/span> 3-4<\/li>\n<li><span>Telts virspuses \u016bdens notur\u012bba:<\/span> 4000mm<\/li>\n<li><span>Svars:<\/span> 4,9kg<\/li>\n<\/ul>\n<\/div>\n","protected":false},"excerpt":{"rendered":"<p>Base Camp D ir \u012bpa&scaron;i iztur\u012bga alpu klimatam piem\u0113rota telts, kas b\u016bs labs pal\u012bgs pat sare\u017e\u0123\u012bt\u0101kaj\u0101s situ\u0101cij\u0101s. Optim\u0101ls galveno mezglu izvietojums nodro&scaron;ina efekt\u012bvu aizsardz\u012bbu pret v\u0113ja br\u0101zm\u0101m pat skarb\u0101kajos laika apst\u0101k\u013cos. Base Camp D ir divas ieejas ar pla&scaron;u priek&scaron;namu un perfektu ventil\u0101ciju. S\u012aK\u0100KA INFORM\u0100CIJA Gr\u012bdas materi\u0101ls: 100 % nylon PU10000 mm H2O Gr\u012bdas \u016bdens [&hellip;]<\/p>\n","protected":false},"featured_media":61365,"template":"","meta":[],"product_brand":[953],"product_cat":[4558,4568,4960],"product_tag":[],"class_list":{"0":"post-76430","1":"product","2":"type-product","3":"status-publish","4":"has-post-thumbnail","6":"product_brand-trimm","7":"product_cat-for-tourism-recreation","8":"product_cat-tents-for-tourism-recreation","9":"product_cat-trimm-tents-tents-for-tourism-recreation","11":"first","12":"instock","13":"shipping-taxable","14":"purchasable","15":"product-type-simple"},"_links":{"self":[{"href":"https:\/\/sezona.lv\/en\/wp-json\/wp\/v2\/product\/76430","targetHints":{"allow":["GET"]}}],"collection":[{"href":"https:\/\/sezona.lv\/en\/wp-json\/wp\/v2\/product"}],"about":[{"href":"https:\/\/sezona.lv\/en\/wp-json\/wp\/v2\/types\/product"}],"wp:featuredmedia":[{"embeddable":true,"href":"https:\/\/sezona.lv\/en\/wp-json\/wp\/v2\/media\/61365"}],"wp:attachment":[{"href":"https:\/\/sezona.lv\/en\/wp-json\/wp\/v2\/media?parent=76430"}],"wp:term":[{"taxonomy":"product_brand","embeddable":true,"href":"https:\/\/sezona.lv\/en\/wp-json\/wp\/v2\/product_brand?post=76430"},{"taxonomy":"product_cat","embeddable":true,"href":"https:\/\/sezona.lv\/en\/wp-json\/wp\/v2\/product_cat?post=76430"},{"taxonomy":"product_tag","embeddable":true,"href":"https:\/\/sezona.lv\/en\/wp-json\/wp\/v2\/product_tag?post=76430"}],"curies":[{"name":"wp","href":"https:\/\/api.w.org\/{rel}","templated":true}]}}