{"id":76431,"date":"2025-07-11T15:46:37","date_gmt":"2025-07-11T12:46:37","guid":{"rendered":"https:\/\/demo8.ecube.lv\/sezona.lv\/products\/trimm-himlite-dsl-telts\/"},"modified":"2025-07-14T14:51:02","modified_gmt":"2025-07-14T11:51:02","slug":"trimm-himlite-dsl-telts","status":"publish","type":"product","link":"https:\/\/sezona.lv\/en\/products\/trimm-himlite-dsl-telts\/","title":{"rendered":"Trimm HIMLITE &#8211; DSL telts"},"content":{"rendered":"<p>Himlite DSL ir \u013coti viegla telts, kas paredz\u0113ta div\u0101m person\u0101m. &Scaron;\u012bs  telts izgatavo&scaron;an\u0101 lietoti viegl\u0101kie, ilgm\u016b\u017e\u012bg\u0101kie un  \u016bdensnecaurlaid\u012bg\u0101kie materi\u0101li, t\u0101d\u0113\u013c telts piem\u0113rota lieto&scaron;anai visos  gadalaikos. Himlite DSL konstrukcija ir vienk\u0101r&scaron;a un to iesp\u0113jams  uzsliet da\u017eu min\u016b&scaron;u laik\u0101. Teltij ir pla&scaron;s priek&scaron;nams un plata ieeja.<\/p>\n<p>S\u012aK\u0100KA INFORM\u0100CIJA<\/p>\n<div id=\"more_info_sheets\" class=\"sheets align_justify\">\n<ul id=\"idTab2\" class=\"bullet\">\n<li><span>Gr\u012bdas izm\u0113ri:<\/span> 210cm x 130cm<\/li>\n<li><span>Gr\u012bdas materi\u0101ls:<\/span> PU neilons<\/li>\n<li><span>Gr\u012bdas \u016bdens notur\u012bba:<\/span> 10000mm<\/li>\n<li><span>Augstums:<\/span> 95cm<\/li>\n<li><span>Iek&scaron;\u0113j\u0101s telts materi\u0101ls:<\/span> PWR 100 % ultra &#8211; viegls neilons t\u012bkli\u0146&scaron;<\/li>\n<li><span>Ieeju skaits:<\/span> 1<\/li>\n<li><span>Iepakojuma izm\u0113rs:<\/span> 13 x 13 x 39 cm<\/li>\n<li><span>Mieti\u0146u diametrs:<\/span> 8,5mm<\/li>\n<li><span>Mieti\u0146u materi\u0101ls:<\/span> Dural 7001 T6, 8,5 mm, DAC<\/li>\n<li><span>Ra\u017eot\u0101js:<\/span> TRIMM<\/li>\n<li><span>Virspuses telts materi\u0101ls:<\/span> 100% ultra &#8211; light nylon ripstop, 4000 mm H2O, silikonized<\/li>\n<li><span>Izm\u0113rs:<\/span> (65 + 210) x 130 \/ 95cm<\/li>\n<li><span>Vietu skaits:<\/span> 2<\/li>\n<li><span>Telts virspuses \u016bdens notur\u012bba:<\/span> 4000mm<\/li>\n<li><span>Svars:<\/span> 1,65kg<\/li>\n<\/ul>\n<\/div>\n","protected":false},"excerpt":{"rendered":"<p>Himlite DSL ir \u013coti viegla telts, kas paredz\u0113ta div\u0101m person\u0101m. &Scaron;\u012bs telts izgatavo&scaron;an\u0101 lietoti viegl\u0101kie, ilgm\u016b\u017e\u012bg\u0101kie un \u016bdensnecaurlaid\u012bg\u0101kie materi\u0101li, t\u0101d\u0113\u013c telts piem\u0113rota lieto&scaron;anai visos gadalaikos. Himlite DSL konstrukcija ir vienk\u0101r&scaron;a un to iesp\u0113jams uzsliet da\u017eu min\u016b&scaron;u laik\u0101. Teltij ir pla&scaron;s priek&scaron;nams un plata ieeja. S\u012aK\u0100KA INFORM\u0100CIJA Gr\u012bdas izm\u0113ri: 210cm x 130cm Gr\u012bdas materi\u0101ls: PU neilons [&hellip;]<\/p>\n","protected":false},"featured_media":61372,"template":"","meta":[],"product_brand":[953],"product_cat":[4558,4568,4960],"product_tag":[],"class_list":{"0":"post-76431","1":"product","2":"type-product","3":"status-publish","4":"has-post-thumbnail","6":"product_brand-trimm","7":"product_cat-for-tourism-recreation","8":"product_cat-tents-for-tourism-recreation","9":"product_cat-trimm-tents-tents-for-tourism-recreation","11":"first","12":"instock","13":"shipping-taxable","14":"purchasable","15":"product-type-simple"},"_links":{"self":[{"href":"https:\/\/sezona.lv\/en\/wp-json\/wp\/v2\/product\/76431","targetHints":{"allow":["GET"]}}],"collection":[{"href":"https:\/\/sezona.lv\/en\/wp-json\/wp\/v2\/product"}],"about":[{"href":"https:\/\/sezona.lv\/en\/wp-json\/wp\/v2\/types\/product"}],"wp:featuredmedia":[{"embeddable":true,"href":"https:\/\/sezona.lv\/en\/wp-json\/wp\/v2\/media\/61372"}],"wp:attachment":[{"href":"https:\/\/sezona.lv\/en\/wp-json\/wp\/v2\/media?parent=76431"}],"wp:term":[{"taxonomy":"product_brand","embeddable":true,"href":"https:\/\/sezona.lv\/en\/wp-json\/wp\/v2\/product_brand?post=76431"},{"taxonomy":"product_cat","embeddable":true,"href":"https:\/\/sezona.lv\/en\/wp-json\/wp\/v2\/product_cat?post=76431"},{"taxonomy":"product_tag","embeddable":true,"href":"https:\/\/sezona.lv\/en\/wp-json\/wp\/v2\/product_tag?post=76431"}],"curies":[{"name":"wp","href":"https:\/\/api.w.org\/{rel}","templated":true}]}}