{"id":76434,"date":"2025-07-11T15:46:43","date_gmt":"2025-07-11T12:46:43","guid":{"rendered":"https:\/\/demo8.ecube.lv\/sezona.lv\/products\/husky-kids-merlot-gulammaiss\/"},"modified":"2025-07-14T14:51:06","modified_gmt":"2025-07-14T11:51:06","slug":"husky-kids-merlot-gulammaiss","status":"publish","type":"product","link":"https:\/\/sezona.lv\/en\/products\/husky-kids-merlot-gulammaiss\/","title":{"rendered":"Husky KIDS MERLOT gu\u013cammaiss"},"content":{"rendered":"<p>B\u0113rniem ir nepiecie&scaron;ams t\u0101ds pats vai pat augst\u0101ks komforts nek\u0101  pieaugu&scaron;ajiem. Visi jaunie ce\u013cot\u0101ji b\u016bs saj\u016bsm\u0101 par Kids Merlot -10  gu\u013cammaisu, kas veidots \u012bpa&scaron;i b\u0113rniem. \u012apa&scaron;ais, b\u0113rniem piem\u0113rotais  izm\u0113rs un kr\u0101sojums atsvaidzin\u0101s jaunie&scaron;u vasaras nomet\u0146u vai ned\u0113\u013cas  noga\u013cu izbraucienus.<\/p>\n<p>Gu\u013cammaiss ir pild\u012bts ar \u010detru kan\u0101lu  Hollowfibre 2x170g\/2 &scaron;\u0137iedr\u0101m. Kids Merlot -10 iek&scaron;puse kl\u0101ta ar m\u012bkstu  neilonu, savuk\u0101rt \u0101rpus\u0113 gu\u013cammaisam izmantots iztur\u012bgais 70D 190T  neilons.<\/p>\n<p>S\u012aK\u0100KA INFORM\u0100CIJA<\/p>\n<div id=\"more_info_sheets\" class=\"sheets align_justify\">\n<ul id=\"idTab2\" class=\"bullet\">\n<li><span>Augsts komforts:<\/span> +5<\/li>\n<li><span>Zems komforts:<\/span> -2<\/li>\n<li><span>Riska temperat\u016bra:<\/span> -10<\/li>\n<li><span>\u0100r\u0113jais materi\u0101ls<\/span> 70D 190T Nylon Taffeta<\/li>\n<li><span>Iek&scaron;\u0113jais materi\u0101ls:<\/span> Polypongee<\/li>\n<li><span>Iepakojuma izm\u0113rs:<\/span> 34 x 18cm<\/li>\n<li><span>Ieteicamais lietot\u0101ja garums:<\/span> 145cm<\/li>\n<li><span>Izm\u0113rs:<\/span> 70 x 170cm<\/li>\n<li><span>Pild\u012bjums:<\/span> 2 x 170g\/m2 Hollowfibre 4ch<\/li>\n<li><span>Ra\u017eot\u0101js:<\/span> HUSKY<\/li>\n<li><span>Svars:<\/span> 1,29kg<\/li>\n<\/ul>\n<\/div>\n","protected":false},"excerpt":{"rendered":"<p>B\u0113rniem ir nepiecie&scaron;ams t\u0101ds pats vai pat augst\u0101ks komforts nek\u0101 pieaugu&scaron;ajiem. Visi jaunie ce\u013cot\u0101ji b\u016bs saj\u016bsm\u0101 par Kids Merlot -10 gu\u013cammaisu, kas veidots \u012bpa&scaron;i b\u0113rniem. \u012apa&scaron;ais, b\u0113rniem piem\u0113rotais izm\u0113rs un kr\u0101sojums atsvaidzin\u0101s jaunie&scaron;u vasaras nomet\u0146u vai ned\u0113\u013cas noga\u013cu izbraucienus. Gu\u013cammaiss ir pild\u012bts ar \u010detru kan\u0101lu Hollowfibre 2x170g\/2 &scaron;\u0137iedr\u0101m. Kids Merlot -10 iek&scaron;puse kl\u0101ta ar m\u012bkstu [&hellip;]<\/p>\n","protected":false},"featured_media":61389,"template":"","meta":[],"product_brand":[954],"product_cat":[4558,4569,4962],"product_tag":[],"class_list":{"0":"post-76434","1":"product","2":"type-product","3":"status-publish","4":"has-post-thumbnail","6":"product_brand-husky","7":"product_cat-for-tourism-recreation","8":"product_cat-sleeping-bags-for-tourism-recreation","9":"product_cat-husky-sleeping-bags-sleeping-bags-for-tourism-recreation","11":"first","12":"instock","13":"shipping-taxable","14":"purchasable","15":"product-type-simple"},"_links":{"self":[{"href":"https:\/\/sezona.lv\/en\/wp-json\/wp\/v2\/product\/76434","targetHints":{"allow":["GET"]}}],"collection":[{"href":"https:\/\/sezona.lv\/en\/wp-json\/wp\/v2\/product"}],"about":[{"href":"https:\/\/sezona.lv\/en\/wp-json\/wp\/v2\/types\/product"}],"wp:featuredmedia":[{"embeddable":true,"href":"https:\/\/sezona.lv\/en\/wp-json\/wp\/v2\/media\/61389"}],"wp:attachment":[{"href":"https:\/\/sezona.lv\/en\/wp-json\/wp\/v2\/media?parent=76434"}],"wp:term":[{"taxonomy":"product_brand","embeddable":true,"href":"https:\/\/sezona.lv\/en\/wp-json\/wp\/v2\/product_brand?post=76434"},{"taxonomy":"product_cat","embeddable":true,"href":"https:\/\/sezona.lv\/en\/wp-json\/wp\/v2\/product_cat?post=76434"},{"taxonomy":"product_tag","embeddable":true,"href":"https:\/\/sezona.lv\/en\/wp-json\/wp\/v2\/product_tag?post=76434"}],"curies":[{"name":"wp","href":"https:\/\/api.w.org\/{rel}","templated":true}]}}