{"id":76435,"date":"2025-07-11T15:46:46","date_gmt":"2025-07-11T12:46:46","guid":{"rendered":"https:\/\/demo8.ecube.lv\/sezona.lv\/products\/trimm-highlander-gulammaiss-olive\/"},"modified":"2025-07-14T14:51:07","modified_gmt":"2025-07-14T11:51:07","slug":"trimm-highlander-gulammaiss-olive","status":"publish","type":"product","link":"https:\/\/sezona.lv\/en\/products\/trimm-highlander-gulammaiss-olive\/","title":{"rendered":"Trimm HIGHLANDER gu\u013cammaiss olive"},"content":{"rendered":"<p>Trimm Highlander -20 ir univers\u0101ls gu\u013cammaiss, kas izmantojams vis\u0101s  sezon\u0101s. Olive anatomisk\u0101 forma, zemais svars un nelielais sapakota  gu\u013cammaisa izm\u0113rs b\u016bs noder\u012bgs ikkatram, kas v\u0113las p\u0101rnak&scaron;\u0146ot br\u012bv\u0101  dab\u0101.<\/p>\n<p>S\u012aK\u0100KA INFORM\u0100CIJA<\/p>\n<div id=\"more_info_sheets\" class=\"sheets align_justify\">\n<ul id=\"idTab2\" class=\"bullet\">\n<li><span>Augsts komforts:<\/span> +2<\/li>\n<li><span>Zems komforts:<\/span> -3<\/li>\n<li><span>Riska temperat\u016bra:<\/span> -20<\/li>\n<li><span>\u0100r\u0113jais materi\u0101ls<\/span> Nylon DWR (water resistant)<\/li>\n<li><span>Iek&scaron;\u0113jais materi\u0101ls:<\/span> 100% PES pongee<\/li>\n<li><span>Iepakojuma izm\u0113rs:<\/span> 18 x 34\/24cm<\/li>\n<li><span>Ieteicamais lietot\u0101ja garums:<\/span> 185\/195cm<\/li>\n<li><span>Izm\u0113rs:<\/span> 85\/58 x 215\/230cm<\/li>\n<li><span>Pild\u012bjums:<\/span> 2 x 100g\/m2 Thermolite Quallo 7ch<\/li>\n<li><span>Ra\u017eot\u0101js:<\/span> TRIMM<\/li>\n<li><span>Svars:<\/span> 1,40kg<\/li>\n<\/ul>\n<\/div>\n<p>&nbsp;<\/p>\n","protected":false},"excerpt":{"rendered":"<p>Trimm Highlander -20 ir univers\u0101ls gu\u013cammaiss, kas izmantojams vis\u0101s sezon\u0101s. Olive anatomisk\u0101 forma, zemais svars un nelielais sapakota gu\u013cammaisa izm\u0113rs b\u016bs noder\u012bgs ikkatram, kas v\u0113las p\u0101rnak&scaron;\u0146ot br\u012bv\u0101 dab\u0101. S\u012aK\u0100KA INFORM\u0100CIJA Augsts komforts: +2 Zems komforts: -3 Riska temperat\u016bra: -20 \u0100r\u0113jais materi\u0101ls Nylon DWR (water resistant) Iek&scaron;\u0113jais materi\u0101ls: 100% PES pongee Iepakojuma izm\u0113rs: 18 x 34\/24cm [&hellip;]<\/p>\n","protected":false},"featured_media":61392,"template":"","meta":[],"product_brand":[953],"product_cat":[4558,4569,4967],"product_tag":[],"class_list":{"0":"post-76435","1":"product","2":"type-product","3":"status-publish","4":"has-post-thumbnail","6":"product_brand-trimm","7":"product_cat-for-tourism-recreation","8":"product_cat-sleeping-bags-for-tourism-recreation","9":"product_cat-trimm-sleeping-bags-sleeping-bags-for-tourism-recreation","11":"first","12":"instock","13":"shipping-taxable","14":"purchasable","15":"product-type-simple"},"_links":{"self":[{"href":"https:\/\/sezona.lv\/en\/wp-json\/wp\/v2\/product\/76435","targetHints":{"allow":["GET"]}}],"collection":[{"href":"https:\/\/sezona.lv\/en\/wp-json\/wp\/v2\/product"}],"about":[{"href":"https:\/\/sezona.lv\/en\/wp-json\/wp\/v2\/types\/product"}],"wp:featuredmedia":[{"embeddable":true,"href":"https:\/\/sezona.lv\/en\/wp-json\/wp\/v2\/media\/61392"}],"wp:attachment":[{"href":"https:\/\/sezona.lv\/en\/wp-json\/wp\/v2\/media?parent=76435"}],"wp:term":[{"taxonomy":"product_brand","embeddable":true,"href":"https:\/\/sezona.lv\/en\/wp-json\/wp\/v2\/product_brand?post=76435"},{"taxonomy":"product_cat","embeddable":true,"href":"https:\/\/sezona.lv\/en\/wp-json\/wp\/v2\/product_cat?post=76435"},{"taxonomy":"product_tag","embeddable":true,"href":"https:\/\/sezona.lv\/en\/wp-json\/wp\/v2\/product_tag?post=76435"}],"curies":[{"name":"wp","href":"https:\/\/api.w.org\/{rel}","templated":true}]}}